{"id":7813,"date":"2024-12-31T20:15:17","date_gmt":"2024-12-31T20:15:17","guid":{"rendered":"https:\/\/storetest.ivi.ee\/product\/milk-chocolate-38-cacao-mill-300g\/"},"modified":"2026-01-02T15:48:01","modified_gmt":"2026-01-02T13:48:01","slug":"maitosuklaa-38-kaakaomylly-300g","status":"publish","type":"product","link":"https:\/\/candeebaar.ee\/fi\/kauppa\/maitosuklaa-38-kaakaomylly-300g\/","title":{"rendered":"Maitosuklaa 38% Cacao Mill 300g"},"content":{"rendered":"<p><strong>Maitosuklaa 38%<br \/>\nKoostumus: <\/strong>sokeri, kaakaovoi, kaakaomassa, rasvaton maitojauhe, herajauhe, maitorasva, t\u00e4ysmaitojauhe, soijalesitiini, emulgointiaine, luontainen vaniljan aromi<\/p>\n<p>Paino: 100g<strong><br \/>\nRavintoarvo:<\/strong> 568 kcal<\/p>\n<p>Ravintosis\u00e4lt\u00f6 (elintarvike) per 100 g tuotetta:<\/p>\n<p>proteiinit: 7,5 g<br \/>\nrasvaa: 37 g<br \/>\nhiilihydraatit: 51 g<br \/>\nValmistaja: Ibercacao, Espanja<\/p>","protected":false},"excerpt":{"rendered":"<p>Maitosuklaa 38% Koostumus: sokeri, kaakaovoi, kaakaomassa, rasvaton maitojauhe, kuiva hera, maitorasva, t\u00e4ysmaitojauhe, soijalesitiini, emulgointiaine, luontainen vaniljan makuaine. Paino: 100 g. Ravintosis\u00e4lt\u00f6: 568 kcal. Ravintosis\u00e4lt\u00f6 per 100 g tuotetta: proteiinit: 7,5 g, rasvat: 37 g, hiilihydraatit: 51 g. Valmistaja: Ibercacao, Espanja.<\/p>","protected":false},"featured_media":4866,"template":"","meta":{"_seopress_robots_primary_cat":"none","_seopress_titles_title":"","_seopress_titles_desc":"","_seopress_robots_index":""},"product_brand":[],"product_cat":[15,111],"product_tag":[],"class_list":{"0":"post-7813","1":"product","2":"type-product","3":"status-publish","4":"has-post-thumbnail","6":"product_cat-all-products","7":"product_cat-cacao-mill","9":"first","10":"outofstock","11":"taxable","12":"shipping-taxable","13":"purchasable","14":"product-type-simple"},"_links":{"self":[{"href":"https:\/\/candeebaar.ee\/fi\/wp-json\/wp\/v2\/product\/7813","targetHints":{"allow":["GET"]}}],"collection":[{"href":"https:\/\/candeebaar.ee\/fi\/wp-json\/wp\/v2\/product"}],"about":[{"href":"https:\/\/candeebaar.ee\/fi\/wp-json\/wp\/v2\/types\/product"}],"version-history":[{"count":2,"href":"https:\/\/candeebaar.ee\/fi\/wp-json\/wp\/v2\/product\/7813\/revisions"}],"predecessor-version":[{"id":12869,"href":"https:\/\/candeebaar.ee\/fi\/wp-json\/wp\/v2\/product\/7813\/revisions\/12869"}],"wp:featuredmedia":[{"embeddable":true,"href":"https:\/\/candeebaar.ee\/fi\/wp-json\/wp\/v2\/media\/4866"}],"wp:attachment":[{"href":"https:\/\/candeebaar.ee\/fi\/wp-json\/wp\/v2\/media?parent=7813"}],"wp:term":[{"taxonomy":"product_brand","embeddable":true,"href":"https:\/\/candeebaar.ee\/fi\/wp-json\/wp\/v2\/product_brand?post=7813"},{"taxonomy":"product_cat","embeddable":true,"href":"https:\/\/candeebaar.ee\/fi\/wp-json\/wp\/v2\/product_cat?post=7813"},{"taxonomy":"product_tag","embeddable":true,"href":"https:\/\/candeebaar.ee\/fi\/wp-json\/wp\/v2\/product_tag?post=7813"}],"curies":[{"name":"wp","href":"https:\/\/api.w.org\/{rel}","templated":true}]}}