{"id":7830,"date":"2024-12-31T20:15:21","date_gmt":"2024-12-31T20:15:21","guid":{"rendered":"https:\/\/storetest.ivi.ee\/product\/cacao-mill-milk-chocolate-36-1000g\/"},"modified":"2026-04-15T12:07:22","modified_gmt":"2026-04-15T10:07:22","slug":"kaakaomylly-maitosuklaa-36-1000g","status":"publish","type":"product","link":"https:\/\/candeebaar.ee\/fi\/kauppa\/kaakaomylly-maitosuklaa-36-1000g\/","title":{"rendered":"Cacao Mill Maitosuklaa (36%) 1000g"},"content":{"rendered":"<p>Maitosuklaata karamellia.<br \/>\nJuoksevuus: 3\/5<br \/>\nPaino: 1000g<br \/>\nSis\u00e4lt\u00f6 per 100g:<br \/>\nEnergia: 560,6 kcal\/2338 kJ<br \/>\nRasvat: 35 g<br \/>\nHiilihydraatit: 54,3 g<br \/>\nProteiinit: 6,3 g<br \/>\nKaakaopitoisuus: 36%<br \/>\nKoostumus: kaakaomassa, kaakaovoi, sokeri, kuiva <strong>maitoa<\/strong>, E322 (lesitiini <strong>soija<\/strong>), demineralisoitu hera, vanilliini.<\/p>\n<p>Valmistaja: Natra Cacao, Espanja<br \/>\nVarastointil\u00e4mp\u00f6tila: <strong>18 <\/strong>\u00b0<strong>C<br \/>\n<\/strong>Saattaa sis\u00e4lt\u00e4\u00e4 j\u00e4lki\u00e4 <strong>maito, laktoosi, soija ja p\u00e4hkin\u00e4t.<br \/>\n<\/strong><\/p>","protected":false},"excerpt":{"rendered":"<p>Maitosuklaata karamellia. Juoksevuus: 3\/5 Massa: 1000g Sis\u00e4lt\u00f6 per 100g: Energia: 560.6 kcal\/2338 kJ Rasvat: 35g Hiilihydraatit: 54.3g Proteiinit: 6.3g Kaakaopitoisuus: 36% Koostumus: kaakaomassa, kaakaovoi2 (sokeri2, kaakaovoi, E3 soija), demineralisoitu hera, vanilliini. Valmistaja: Natra Cacao, Espanja S\u00e4ilytysl\u00e4mp\u00f6tila: 18 \u00b0C Saattaa sis\u00e4lt\u00e4\u00e4 j\u00e4\u00e4mi\u00e4 maidosta, laktoosista, soijasta, [\u2026]<\/p>","protected":false},"featured_media":5400,"template":"","meta":{"_seopress_robots_primary_cat":"none","_seopress_titles_title":"","_seopress_titles_desc":"High quality milk chocolate in callets, rich flavour with hints of caramel. Cocoa mass 36%. Main ingredient for Dubai chocolate!","_seopress_robots_index":""},"product_brand":[],"product_cat":[15,111],"product_tag":[],"class_list":{"0":"post-7830","1":"product","2":"type-product","3":"status-publish","4":"has-post-thumbnail","6":"product_cat-all-products","7":"product_cat-cacao-mill","9":"first","10":"instock","11":"taxable","12":"shipping-taxable","13":"purchasable","14":"product-type-simple"},"_links":{"self":[{"href":"https:\/\/candeebaar.ee\/fi\/wp-json\/wp\/v2\/product\/7830","targetHints":{"allow":["GET"]}}],"collection":[{"href":"https:\/\/candeebaar.ee\/fi\/wp-json\/wp\/v2\/product"}],"about":[{"href":"https:\/\/candeebaar.ee\/fi\/wp-json\/wp\/v2\/types\/product"}],"version-history":[{"count":2,"href":"https:\/\/candeebaar.ee\/fi\/wp-json\/wp\/v2\/product\/7830\/revisions"}],"predecessor-version":[{"id":12135,"href":"https:\/\/candeebaar.ee\/fi\/wp-json\/wp\/v2\/product\/7830\/revisions\/12135"}],"wp:featuredmedia":[{"embeddable":true,"href":"https:\/\/candeebaar.ee\/fi\/wp-json\/wp\/v2\/media\/5400"}],"wp:attachment":[{"href":"https:\/\/candeebaar.ee\/fi\/wp-json\/wp\/v2\/media?parent=7830"}],"wp:term":[{"taxonomy":"product_brand","embeddable":true,"href":"https:\/\/candeebaar.ee\/fi\/wp-json\/wp\/v2\/product_brand?post=7830"},{"taxonomy":"product_cat","embeddable":true,"href":"https:\/\/candeebaar.ee\/fi\/wp-json\/wp\/v2\/product_cat?post=7830"},{"taxonomy":"product_tag","embeddable":true,"href":"https:\/\/candeebaar.ee\/fi\/wp-json\/wp\/v2\/product_tag?post=7830"}],"curies":[{"name":"wp","href":"https:\/\/api.w.org\/{rel}","templated":true}]}}