{"id":7832,"date":"2024-12-31T20:15:21","date_gmt":"2024-12-31T20:15:21","guid":{"rendered":"https:\/\/storetest.ivi.ee\/product\/cacao-mill-milk-chocolate-36-300g\/"},"modified":"2026-04-05T19:31:30","modified_gmt":"2026-04-05T17:31:30","slug":"kaakaomylly-maitosuklaa-36-300g","status":"publish","type":"product","link":"https:\/\/candeebaar.ee\/fi\/kauppa\/kaakaomylly-maitosuklaa-36-300g\/","title":{"rendered":"Cacao Mill Maitosuklaa (36%) 300g"},"content":{"rendered":"<p>Maitosuklaata karamellia.<br \/>\nJuoksevuus: 3\/5<br \/>\nPaino: 300g<br \/>\nSis\u00e4lt\u00f6 per 100g:<br \/>\nEnergia: 560,6 kcal\/2338 kJ<br \/>\nRasvat: 35 g<br \/>\nHiilihydraatit: 54,3 g<br \/>\nProteiinit: 6,3 g<br \/>\nKaakaopitoisuus: 36%<br \/>\nKoostumus: kaakaomassa, kaakaovoi, sokeri, kuiva <strong>maitoa<\/strong>, E322 (lesitiini <strong>soija<\/strong>), demineralisoitu hera, vanilliini.<\/p>\n<p>Valmistaja: Natra Cacao, Espanja<br \/>\nVarastointil\u00e4mp\u00f6tila: <strong>18 <\/strong>\u00b0<strong>C<br \/>\n<\/strong>Saattaa sis\u00e4lt\u00e4\u00e4 j\u00e4lki\u00e4 <strong>maito, laktoosi, soija ja p\u00e4hkin\u00e4t.<br \/>\n<\/strong><\/p>","protected":false},"excerpt":{"rendered":"<p>Maitosuklaata karamellia. Juoksevuus: 3\/5 Massa: 300 g Sis\u00e4lt\u00f6 per 100 g: Energia: 560,6 kcal\/2338 kJ Rasvat: 35 g Hiilihydraatit: 54,3 g Proteiinit: 6,3 g Kaakaopitoisuus: 36% Koostumus: kaakaomassa, kaakaovoi, E3, sokeri soija), demineralisoitu hera, vanilliini. Valmistaja: Natra Cacao, Espanja S\u00e4ilytysl\u00e4mp\u00f6tila: 18 \u00b0C Saattaa sis\u00e4lt\u00e4\u00e4 j\u00e4\u00e4mi\u00e4 maidosta, laktoosista, soijasta, [\u2026]<\/p>","protected":false},"featured_media":5400,"template":"","meta":{"_seopress_robots_primary_cat":"none","_seopress_titles_title":"","_seopress_titles_desc":"","_seopress_robots_index":""},"product_brand":[],"product_cat":[15,111],"product_tag":[],"class_list":{"0":"post-7832","1":"product","2":"type-product","3":"status-publish","4":"has-post-thumbnail","6":"product_cat-all-products","7":"product_cat-cacao-mill","9":"first","10":"instock","11":"taxable","12":"shipping-taxable","13":"purchasable","14":"product-type-simple"},"_links":{"self":[{"href":"https:\/\/candeebaar.ee\/fi\/wp-json\/wp\/v2\/product\/7832","targetHints":{"allow":["GET"]}}],"collection":[{"href":"https:\/\/candeebaar.ee\/fi\/wp-json\/wp\/v2\/product"}],"about":[{"href":"https:\/\/candeebaar.ee\/fi\/wp-json\/wp\/v2\/types\/product"}],"version-history":[{"count":2,"href":"https:\/\/candeebaar.ee\/fi\/wp-json\/wp\/v2\/product\/7832\/revisions"}],"predecessor-version":[{"id":10506,"href":"https:\/\/candeebaar.ee\/fi\/wp-json\/wp\/v2\/product\/7832\/revisions\/10506"}],"wp:featuredmedia":[{"embeddable":true,"href":"https:\/\/candeebaar.ee\/fi\/wp-json\/wp\/v2\/media\/5400"}],"wp:attachment":[{"href":"https:\/\/candeebaar.ee\/fi\/wp-json\/wp\/v2\/media?parent=7832"}],"wp:term":[{"taxonomy":"product_brand","embeddable":true,"href":"https:\/\/candeebaar.ee\/fi\/wp-json\/wp\/v2\/product_brand?post=7832"},{"taxonomy":"product_cat","embeddable":true,"href":"https:\/\/candeebaar.ee\/fi\/wp-json\/wp\/v2\/product_cat?post=7832"},{"taxonomy":"product_tag","embeddable":true,"href":"https:\/\/candeebaar.ee\/fi\/wp-json\/wp\/v2\/product_tag?post=7832"}],"curies":[{"name":"wp","href":"https:\/\/api.w.org\/{rel}","templated":true}]}}