{"id":7834,"date":"2024-12-31T20:15:21","date_gmt":"2024-12-31T20:15:21","guid":{"rendered":"https:\/\/storetest.ivi.ee\/product\/pistachio-paste-170g\/"},"modified":"2026-04-08T06:49:55","modified_gmt":"2026-04-08T04:49:55","slug":"pistaasipahkinapasta-170-g","status":"publish","type":"product","link":"https:\/\/candeebaar.ee\/fi\/kauppa\/pistaasipahkinapasta-170-g\/","title":{"rendered":"Pistaasip\u00e4hkin\u00e4pasta 170 g"},"content":{"rendered":"<p>Luonnollinen pistaasip\u00e4hkin\u00e4pasta.<br \/>\nPistaasipitoisuus: 100% (ei lis\u00e4aineita)<br \/>\nNettopaino: 170 g<br \/>\nRavintoarvo (per 100g tuotetta):<br \/>\n2576kJ\/621kcal<br \/>\nRasvat (tyydyttyneet): 48,5 g (6 g)<br \/>\nHiilihydraatit (sokerit): 18,9 g (16,4 g)<br \/>\nKuitu (6,1 g)<br \/>\nProteiinia: 24,2 g<br \/>\nSuola (luonnollinen pitoisuus, voi vaihdella hieman): 0,02g<br \/>\nS\u00e4ilyvyys: 04.09.2025<br \/>\nS\u00e4ilyt\u00e4 huoneenl\u00e4mm\u00f6ss\u00e4, k\u00e4yt\u00e4 3 kuukauden sis\u00e4ll\u00e4 avaamisesta.<br \/>\nValmistaja: Puola<br \/>\nAlkuper\u00e4maa: USA<\/p>","protected":false},"excerpt":{"rendered":"<p>Luonnollinen pistaasip\u00e4hkin\u00e4pasta. Pistaasipitoisuus: 100% (ei lis\u00e4aineita) Nettopaino: 170g Ravintoarvo (per 100g tuotetta): 2576kJ\/621kcal Rasvat (tyydyttyneet): 48.5g (6g) Hiilihydraatit (sokerit): 18.9g (16.6.1g) Kuitu Proteiinia: 24,2 g Suola (luonnollinen pitoisuus, voi vaihdella hieman): 0,02g S\u00e4ilyvyys: 04.09.2025 S\u00e4ilyt\u00e4 huoneenl\u00e4mm\u00f6ss\u00e4, k\u00e4yt\u00e4 3 kuukauden sis\u00e4ll\u00e4 avaamisesta. Valmistaja: Puola Alkuper\u00e4maa: [\u2026]<\/p>","protected":false},"featured_media":7836,"template":"","meta":{"_seopress_robots_primary_cat":"none","_seopress_titles_title":"","_seopress_titles_desc":"100% pistachio paste. Top ingredient for Dubai chocolate! Quality product for pastry and confectionary. Fast dispatch!","_seopress_robots_index":""},"product_brand":[],"product_cat":[178,15,101],"product_tag":[],"class_list":{"0":"post-7834","1":"product","2":"type-product","3":"status-publish","4":"has-post-thumbnail","6":"product_cat-easter-products","7":"product_cat-all-products","8":"product_cat-nut-products","10":"first","11":"instock","12":"taxable","13":"shipping-taxable","14":"purchasable","15":"product-type-simple"},"_links":{"self":[{"href":"https:\/\/candeebaar.ee\/fi\/wp-json\/wp\/v2\/product\/7834","targetHints":{"allow":["GET"]}}],"collection":[{"href":"https:\/\/candeebaar.ee\/fi\/wp-json\/wp\/v2\/product"}],"about":[{"href":"https:\/\/candeebaar.ee\/fi\/wp-json\/wp\/v2\/types\/product"}],"version-history":[{"count":1,"href":"https:\/\/candeebaar.ee\/fi\/wp-json\/wp\/v2\/product\/7834\/revisions"}],"predecessor-version":[{"id":7835,"href":"https:\/\/candeebaar.ee\/fi\/wp-json\/wp\/v2\/product\/7834\/revisions\/7835"}],"wp:featuredmedia":[{"embeddable":true,"href":"https:\/\/candeebaar.ee\/fi\/wp-json\/wp\/v2\/media\/7836"}],"wp:attachment":[{"href":"https:\/\/candeebaar.ee\/fi\/wp-json\/wp\/v2\/media?parent=7834"}],"wp:term":[{"taxonomy":"product_brand","embeddable":true,"href":"https:\/\/candeebaar.ee\/fi\/wp-json\/wp\/v2\/product_brand?post=7834"},{"taxonomy":"product_cat","embeddable":true,"href":"https:\/\/candeebaar.ee\/fi\/wp-json\/wp\/v2\/product_cat?post=7834"},{"taxonomy":"product_tag","embeddable":true,"href":"https:\/\/candeebaar.ee\/fi\/wp-json\/wp\/v2\/product_tag?post=7834"}],"curies":[{"name":"wp","href":"https:\/\/api.w.org\/{rel}","templated":true}]}}