{"id":7837,"date":"2024-12-31T20:15:21","date_gmt":"2024-12-31T20:15:21","guid":{"rendered":"https:\/\/storetest.ivi.ee\/product\/tahini-paste-sesame-125g\/"},"modified":"2026-03-20T15:58:34","modified_gmt":"2026-03-20T13:58:34","slug":"tahini-tahna-seesami-125-g","status":"publish","type":"product","link":"https:\/\/candeebaar.ee\/fi\/kauppa\/tahini-tahna-seesami-125-g\/","title":{"rendered":"Tahinipasta (seesami) 125 g"},"content":{"rendered":"<p>Luonnollinen seesamitahna.<br \/>\nSeesamin sis\u00e4lt\u00f6: 100% (ei lis\u00e4aineita)<br \/>\nNettopaino: 125 g<br \/>\nRavintoarvo (per 100g tuotetta):<br \/>\n2783kJ\/673kcal<br \/>\nRasvat (tyydyttyneet): 60 g (9,5 g)<br \/>\nHiilihydraatit (sokerit): 3,6 g (1,4 g)<br \/>\nKuitu: 7,8 g<br \/>\nProteiinia: 25 g<br \/>\nSuola (luonnollinen pitoisuus, voi vaihdella hieman): 0,04 g<br \/>\nS\u00e4ilyvyys: 04.09.2025<br \/>\nS\u00e4ilyt\u00e4 huoneenl\u00e4mm\u00f6ss\u00e4, k\u00e4yt\u00e4 3 kuukauden sis\u00e4ll\u00e4 avaamisesta.<br \/>\nValmistaja: Al Amier, Kreikka<\/p>","protected":false},"excerpt":{"rendered":"<p>Luonnollinen seesamitahna. Seesamipitoisuus: 100% (ei lis\u00e4aineita) Nettopaino: 125g Ravintoarvo (per 100g tuotetta): 2783kJ\/673kcal Rasvat (tyydyttyneet): 60g (9,5g) Hiilihydraatit (sokerit): 3,6g (1,4g) Kuitu: 7 g. : 25 g suolaa (luonnollinen sis\u00e4lt\u00f6, voi vaihdella hieman): 0,04g S\u00e4ilyvyys: 04.09.2025 S\u00e4ilyt\u00e4 huoneenl\u00e4mm\u00f6ss\u00e4, k\u00e4yt\u00e4 3 kuukauden sis\u00e4ll\u00e4 avaamisesta. Valmistaja: Al Amier, Kreikka<\/p>","protected":false},"featured_media":7839,"template":"","meta":{"_seopress_robots_primary_cat":"","_seopress_titles_title":"","_seopress_titles_desc":"100% tahini paste is full of taste and is perfect ingredient for Dubai chocolate and other sweets.","_seopress_robots_index":""},"product_brand":[],"product_cat":[15,101],"product_tag":[],"class_list":{"0":"post-7837","1":"product","2":"type-product","3":"status-publish","4":"has-post-thumbnail","6":"product_cat-all-products","7":"product_cat-nut-products","9":"first","10":"outofstock","11":"taxable","12":"shipping-taxable","13":"purchasable","14":"product-type-simple"},"_links":{"self":[{"href":"https:\/\/candeebaar.ee\/fi\/wp-json\/wp\/v2\/product\/7837","targetHints":{"allow":["GET"]}}],"collection":[{"href":"https:\/\/candeebaar.ee\/fi\/wp-json\/wp\/v2\/product"}],"about":[{"href":"https:\/\/candeebaar.ee\/fi\/wp-json\/wp\/v2\/types\/product"}],"version-history":[{"count":1,"href":"https:\/\/candeebaar.ee\/fi\/wp-json\/wp\/v2\/product\/7837\/revisions"}],"predecessor-version":[{"id":7838,"href":"https:\/\/candeebaar.ee\/fi\/wp-json\/wp\/v2\/product\/7837\/revisions\/7838"}],"wp:featuredmedia":[{"embeddable":true,"href":"https:\/\/candeebaar.ee\/fi\/wp-json\/wp\/v2\/media\/7839"}],"wp:attachment":[{"href":"https:\/\/candeebaar.ee\/fi\/wp-json\/wp\/v2\/media?parent=7837"}],"wp:term":[{"taxonomy":"product_brand","embeddable":true,"href":"https:\/\/candeebaar.ee\/fi\/wp-json\/wp\/v2\/product_brand?post=7837"},{"taxonomy":"product_cat","embeddable":true,"href":"https:\/\/candeebaar.ee\/fi\/wp-json\/wp\/v2\/product_cat?post=7837"},{"taxonomy":"product_tag","embeddable":true,"href":"https:\/\/candeebaar.ee\/fi\/wp-json\/wp\/v2\/product_tag?post=7837"}],"curies":[{"name":"wp","href":"https:\/\/api.w.org\/{rel}","templated":true}]}}