{"id":7840,"date":"2024-12-31T20:15:21","date_gmt":"2024-12-31T20:15:21","guid":{"rendered":"https:\/\/storetest.ivi.ee\/product\/tahini-paste-sesame-300g\/"},"modified":"2026-02-09T10:54:54","modified_gmt":"2026-02-09T08:54:54","slug":"tahini-tahna-seesami-300-g","status":"publish","type":"product","link":"https:\/\/candeebaar.ee\/fi\/kauppa\/tahini-tahna-seesami-300-g\/","title":{"rendered":"Tahinipasta (seesami) 300 g"},"content":{"rendered":"<p>Luonnollinen seesamitahna.<br \/>\nSeesamin sis\u00e4lt\u00f6: 100% (ei lis\u00e4aineita)<br \/>\nNettopaino: 300g<br \/>\nRavintoarvo (per 100g tuotetta):<br \/>\n2783kJ\/673kcal<br \/>\nRasvat (tyydyttyneet): 60,3 g (9,5 g)<br \/>\nHiilihydraatit (sokerit): 3,6 g (1,4 g)<br \/>\nKuitu: 7,8 g<br \/>\nProteiinia: 25,3 g<br \/>\nSuola (luonnollinen pitoisuus, voi vaihdella hieman): 0 g<br \/>\nS\u00e4ilyvyys: 02.01.2027<br \/>\nS\u00e4ilyt\u00e4 huoneenl\u00e4mm\u00f6ss\u00e4, k\u00e4yt\u00e4 3 kuukauden sis\u00e4ll\u00e4 avaamisesta.<br \/>\nValmistaja: Filos, Kreikka<\/p>","protected":false},"excerpt":{"rendered":"<p>Luonnollinen seesamitahna. Seesamipitoisuus: 100% (ei lis\u00e4aineita) Nettopaino: 300g Ravintoarvo (per 100g tuotetta): 2783kJ\/673kcal Rasvat (tyydyttyneet): 60.3g (9.5g) Hiilihydraatit (sokerit): 3.6g (1:4g) Kuiva8. Proteiini: 25,3 g suolaa (luonnollinen sis\u00e4lt\u00f6, voi vaihdella hieman): 0g S\u00e4ilyvyys: 02.01.2027 S\u00e4ilyt\u00e4 huoneenl\u00e4mm\u00f6ss\u00e4, k\u00e4yt\u00e4 3 kuukauden sis\u00e4ll\u00e4 avaamisesta. Valmistaja: Filos, Kreikka<\/p>","protected":false},"featured_media":7842,"template":"","meta":{"_seopress_robots_primary_cat":"none","_seopress_titles_title":"","_seopress_titles_desc":"100% natural tahini paste, perfect for Dubai chocolate and other sweets, fast dispatch in Baltics and Finland!","_seopress_robots_index":""},"product_brand":[],"product_cat":[15,101,109],"product_tag":[],"class_list":{"0":"post-7840","1":"product","2":"type-product","3":"status-publish","4":"has-post-thumbnail","6":"product_cat-all-products","7":"product_cat-nut-products","8":"product_cat-sale","10":"first","11":"outofstock","12":"sale","13":"taxable","14":"shipping-taxable","15":"purchasable","16":"product-type-simple"},"_links":{"self":[{"href":"https:\/\/candeebaar.ee\/fi\/wp-json\/wp\/v2\/product\/7840","targetHints":{"allow":["GET"]}}],"collection":[{"href":"https:\/\/candeebaar.ee\/fi\/wp-json\/wp\/v2\/product"}],"about":[{"href":"https:\/\/candeebaar.ee\/fi\/wp-json\/wp\/v2\/types\/product"}],"version-history":[{"count":1,"href":"https:\/\/candeebaar.ee\/fi\/wp-json\/wp\/v2\/product\/7840\/revisions"}],"predecessor-version":[{"id":7841,"href":"https:\/\/candeebaar.ee\/fi\/wp-json\/wp\/v2\/product\/7840\/revisions\/7841"}],"wp:featuredmedia":[{"embeddable":true,"href":"https:\/\/candeebaar.ee\/fi\/wp-json\/wp\/v2\/media\/7842"}],"wp:attachment":[{"href":"https:\/\/candeebaar.ee\/fi\/wp-json\/wp\/v2\/media?parent=7840"}],"wp:term":[{"taxonomy":"product_brand","embeddable":true,"href":"https:\/\/candeebaar.ee\/fi\/wp-json\/wp\/v2\/product_brand?post=7840"},{"taxonomy":"product_cat","embeddable":true,"href":"https:\/\/candeebaar.ee\/fi\/wp-json\/wp\/v2\/product_cat?post=7840"},{"taxonomy":"product_tag","embeddable":true,"href":"https:\/\/candeebaar.ee\/fi\/wp-json\/wp\/v2\/product_tag?post=7840"}],"curies":[{"name":"wp","href":"https:\/\/api.w.org\/{rel}","templated":true}]}}