{"id":7843,"date":"2024-12-31T20:15:21","date_gmt":"2024-12-31T20:15:21","guid":{"rendered":"https:\/\/storetest.ivi.ee\/product\/vanilla-paste-ruf-75g\/"},"modified":"2026-04-15T12:04:11","modified_gmt":"2026-04-15T10:04:11","slug":"vaniljapasta-ruf-75g","status":"publish","type":"product","link":"https:\/\/candeebaar.ee\/fi\/kauppa\/vaniljapasta-ruf-75g\/","title":{"rendered":"Vaniljapasta RUF 75g"},"content":{"rendered":"<p>Tahna luonnollisella vaniljalla taikinaan, kermaan ja muihin pohjiin lis\u00e4\u00e4mist\u00e4 varten.<br \/>\nNettopaino: 75 g<br \/>\nKoostumus: riisisiirappi, luonnollinen vaniljauute (20%), vaniljansiemenet (1%), sakeuttamisaineet (guarkumi ja ksantaanikumi).<br \/>\nRavintoarvo (per 100g tuotetta):<br \/>\n1212kJ\/286kcal<br \/>\nRasvat (tyydyttyneet): 0,5 g (0,1 g)<br \/>\nHiilihydraatit (sokerit): 75 g (44 g)<br \/>\nProteiinia: 0,5 g<br \/>\nSuola: 0,04 g<br \/>\nAnnostus: 1 teelusikallinen per 250 g tuotetta, voidaan vaihdella maun parantamiseksi. Vaivaa putki ennen k\u00e4ytt\u00f6\u00e4.<br \/>\nValmistaja: RUF Saksa<\/p>","protected":false},"excerpt":{"rendered":"<p>Tahna luonnollisella vaniljalla taikinaan, kermaan ja muihin pohjiin lis\u00e4\u00e4mist\u00e4 varten. Nettopaino: 75g Koostumus: riisisiirappi, luonnollinen vaniljauute (20%), vaniljansiemenet (1%), sakeuttamisaineet (guarkumi ja ksantaanikumi). Ravintoarvo (per 100g tuotetta): 1212kJ\/286kcal Rasvat (tyydyttyneet): 0,5g (0,1g) Hiilihydraatit (sokerit): 75g (44g) Proteiinit: 0,5g Suola: 0,04g Annostus: 1 tl [\u2026] per 250g<\/p>","protected":false},"featured_media":7845,"template":"","meta":{"_seopress_robots_primary_cat":"none","_seopress_titles_title":"","_seopress_titles_desc":"","_seopress_robots_index":""},"product_brand":[],"product_cat":[15,102],"product_tag":[],"class_list":{"0":"post-7843","1":"product","2":"type-product","3":"status-publish","4":"has-post-thumbnail","6":"product_cat-all-products","7":"product_cat-sugars","9":"first","10":"instock","11":"taxable","12":"shipping-taxable","13":"purchasable","14":"product-type-simple"},"_links":{"self":[{"href":"https:\/\/candeebaar.ee\/fi\/wp-json\/wp\/v2\/product\/7843","targetHints":{"allow":["GET"]}}],"collection":[{"href":"https:\/\/candeebaar.ee\/fi\/wp-json\/wp\/v2\/product"}],"about":[{"href":"https:\/\/candeebaar.ee\/fi\/wp-json\/wp\/v2\/types\/product"}],"version-history":[{"count":3,"href":"https:\/\/candeebaar.ee\/fi\/wp-json\/wp\/v2\/product\/7843\/revisions"}],"predecessor-version":[{"id":16385,"href":"https:\/\/candeebaar.ee\/fi\/wp-json\/wp\/v2\/product\/7843\/revisions\/16385"}],"wp:featuredmedia":[{"embeddable":true,"href":"https:\/\/candeebaar.ee\/fi\/wp-json\/wp\/v2\/media\/7845"}],"wp:attachment":[{"href":"https:\/\/candeebaar.ee\/fi\/wp-json\/wp\/v2\/media?parent=7843"}],"wp:term":[{"taxonomy":"product_brand","embeddable":true,"href":"https:\/\/candeebaar.ee\/fi\/wp-json\/wp\/v2\/product_brand?post=7843"},{"taxonomy":"product_cat","embeddable":true,"href":"https:\/\/candeebaar.ee\/fi\/wp-json\/wp\/v2\/product_cat?post=7843"},{"taxonomy":"product_tag","embeddable":true,"href":"https:\/\/candeebaar.ee\/fi\/wp-json\/wp\/v2\/product_tag?post=7843"}],"curies":[{"name":"wp","href":"https:\/\/api.w.org\/{rel}","templated":true}]}}