{"id":7850,"date":"2024-12-31T20:15:21","date_gmt":"2024-12-31T20:15:21","guid":{"rendered":"https:\/\/storetest.ivi.ee\/product\/silicone-mold-teddy-bear-2\/"},"modified":"2026-03-29T21:20:57","modified_gmt":"2026-03-29T19:20:57","slug":"silikonimuotti-nallekarhu-2","status":"publish","type":"product","link":"https:\/\/candeebaar.ee\/fi\/kauppa\/silikonimuotti-nallekarhu-2\/","title":{"rendered":"Silikonimuotti Teddy Bear"},"content":{"rendered":"<p>Silikonimuotti muotojen luomiseen suklaasta, lasiteesta jne.<br \/>\nK\u00e4ytt\u00f6l\u00e4mp\u00f6tila: -40\u00b0 - 230\u00b0C<br \/>\nMateriaali: elintarvikesilikoni<br \/>\nKoko: 6 x 6 cm<\/p>","protected":false},"excerpt":{"rendered":"<p>Silikonimuotti muotojen luomiseen suklaasta, lasiteesta jne. K\u00e4ytt\u00f6l\u00e4mp\u00f6tila: -40\u00b0 - 230\u00b0C Materiaali: elintarvikesilikoni Koko: 6x6cm<\/p>","protected":false},"featured_media":5415,"template":"","meta":{"_seopress_robots_primary_cat":"","_seopress_titles_title":"","_seopress_titles_desc":"","_seopress_robots_index":""},"product_brand":[],"product_cat":[15,82,109],"product_tag":[],"class_list":{"0":"post-7850","1":"product","2":"type-product","3":"status-publish","4":"has-post-thumbnail","6":"product_cat-all-products","7":"product_cat-chocolate-molds","8":"product_cat-sale","10":"first","11":"instock","12":"sale","13":"taxable","14":"shipping-taxable","15":"purchasable","16":"product-type-simple"},"_links":{"self":[{"href":"https:\/\/candeebaar.ee\/fi\/wp-json\/wp\/v2\/product\/7850","targetHints":{"allow":["GET"]}}],"collection":[{"href":"https:\/\/candeebaar.ee\/fi\/wp-json\/wp\/v2\/product"}],"about":[{"href":"https:\/\/candeebaar.ee\/fi\/wp-json\/wp\/v2\/types\/product"}],"version-history":[{"count":1,"href":"https:\/\/candeebaar.ee\/fi\/wp-json\/wp\/v2\/product\/7850\/revisions"}],"predecessor-version":[{"id":7851,"href":"https:\/\/candeebaar.ee\/fi\/wp-json\/wp\/v2\/product\/7850\/revisions\/7851"}],"wp:featuredmedia":[{"embeddable":true,"href":"https:\/\/candeebaar.ee\/fi\/wp-json\/wp\/v2\/media\/5415"}],"wp:attachment":[{"href":"https:\/\/candeebaar.ee\/fi\/wp-json\/wp\/v2\/media?parent=7850"}],"wp:term":[{"taxonomy":"product_brand","embeddable":true,"href":"https:\/\/candeebaar.ee\/fi\/wp-json\/wp\/v2\/product_brand?post=7850"},{"taxonomy":"product_cat","embeddable":true,"href":"https:\/\/candeebaar.ee\/fi\/wp-json\/wp\/v2\/product_cat?post=7850"},{"taxonomy":"product_tag","embeddable":true,"href":"https:\/\/candeebaar.ee\/fi\/wp-json\/wp\/v2\/product_tag?post=7850"}],"curies":[{"name":"wp","href":"https:\/\/api.w.org\/{rel}","templated":true}]}}