{"id":7852,"date":"2024-12-31T20:15:21","date_gmt":"2024-12-31T20:15:21","guid":{"rendered":"https:\/\/storetest.ivi.ee\/product\/cake-base-3mm-mdf-white-30cm\/"},"modified":"2026-04-03T19:12:36","modified_gmt":"2026-04-03T17:12:36","slug":"kakun-pohja-3mm-mdf-valkoinen-30cm","status":"publish","type":"product","link":"https:\/\/candeebaar.ee\/fi\/kauppa\/kakun-pohja-3mm-mdf-valkoinen-30cm\/","title":{"rendered":"Cake Board 3mm (MDF) valkoinen 30cm"},"content":{"rendered":"<p>MDF-levyst\u00e4 valmistettu paksu kakkupohja.<br \/>\nLaminoitu kosteutta hylkiv\u00e4ll\u00e4 valkoisella pinnoitteella (ei sertifioitu suoraan kosketukseen elintarvikkeiden kanssa; pohjalle suosittelemme esimerkiksi ruokapergamenttia).<br \/>\nUudelleenk\u00e4ytett\u00e4v\u00e4, mutta ei suositella reunan ja pohjan altistamista kosteudelle.<br \/>\nV\u00e4ri: valkoinen<br \/>\nKoko: 300*3mm<br \/>\nTuotanto: Viro<\/p>","protected":false},"excerpt":{"rendered":"<p>MDF-levyst\u00e4 valmistettu paksu kakkupohja. Laminoitu kosteutta hylkiv\u00e4ll\u00e4 valkoisella pinnoitteella (ei sertifioitu suoraan kosketukseen elintarvikkeiden kanssa; pohjalle suosittelemme esimerkiksi ruokapergamenttia). Uudelleenk\u00e4ytett\u00e4v\u00e4, mutta ei suositella reunan ja pohjan altistamista kosteudelle. V\u00e4ri: valkoinen Koko: 300*3mm Tuotanto: Viro<\/p>","protected":false},"featured_media":7742,"template":"","meta":{"_seopress_robots_primary_cat":"none","_seopress_titles_title":"","_seopress_titles_desc":"","_seopress_robots_index":""},"product_brand":[],"product_cat":[15,147],"product_tag":[],"class_list":{"0":"post-7852","1":"product","2":"type-product","3":"status-publish","4":"has-post-thumbnail","6":"product_cat-all-products","7":"product_cat-30cm","9":"first","10":"instock","11":"taxable","12":"shipping-taxable","13":"purchasable","14":"product-type-simple"},"_links":{"self":[{"href":"https:\/\/candeebaar.ee\/fi\/wp-json\/wp\/v2\/product\/7852","targetHints":{"allow":["GET"]}}],"collection":[{"href":"https:\/\/candeebaar.ee\/fi\/wp-json\/wp\/v2\/product"}],"about":[{"href":"https:\/\/candeebaar.ee\/fi\/wp-json\/wp\/v2\/types\/product"}],"version-history":[{"count":3,"href":"https:\/\/candeebaar.ee\/fi\/wp-json\/wp\/v2\/product\/7852\/revisions"}],"predecessor-version":[{"id":11612,"href":"https:\/\/candeebaar.ee\/fi\/wp-json\/wp\/v2\/product\/7852\/revisions\/11612"}],"wp:featuredmedia":[{"embeddable":true,"href":"https:\/\/candeebaar.ee\/fi\/wp-json\/wp\/v2\/media\/7742"}],"wp:attachment":[{"href":"https:\/\/candeebaar.ee\/fi\/wp-json\/wp\/v2\/media?parent=7852"}],"wp:term":[{"taxonomy":"product_brand","embeddable":true,"href":"https:\/\/candeebaar.ee\/fi\/wp-json\/wp\/v2\/product_brand?post=7852"},{"taxonomy":"product_cat","embeddable":true,"href":"https:\/\/candeebaar.ee\/fi\/wp-json\/wp\/v2\/product_cat?post=7852"},{"taxonomy":"product_tag","embeddable":true,"href":"https:\/\/candeebaar.ee\/fi\/wp-json\/wp\/v2\/product_tag?post=7852"}],"curies":[{"name":"wp","href":"https:\/\/api.w.org\/{rel}","templated":true}]}}