{"id":7879,"date":"2024-12-31T20:15:28","date_gmt":"2024-12-31T20:15:28","guid":{"rendered":"https:\/\/storetest.ivi.ee\/product\/white-cake-base-12cm3mm\/"},"modified":"2026-03-31T12:56:49","modified_gmt":"2026-03-31T10:56:49","slug":"valkoinen-kakun-pohja-12cm3mm","status":"publish","type":"product","link":"https:\/\/candeebaar.ee\/fi\/kauppa\/valkoinen-kakun-pohja-12cm3mm\/","title":{"rendered":"Valkoinen kakun pohja 12cm*3mm"},"content":{"rendered":"<p>Py\u00f6re\u00e4 pohja tiivist\u00e4 vahvistetusta kartongista, kosteutta ja rasvaa hylkiv\u00e4.<br \/>\nV\u00e4ri: valkoinen<br \/>\nHalkaisija: 124mm<br \/>\nPaksuus: 3mm<\/p>","protected":false},"excerpt":{"rendered":"<p>Py\u00f6re\u00e4 pohja tiivist\u00e4 vahvistetusta kartongista, kosteutta ja rasvaa hylkiv\u00e4. V\u00e4ri: valkoinen Halkaisija: 124mm Paksuus: 3mm<\/p>","protected":false},"featured_media":7250,"template":"","meta":{"_seopress_robots_primary_cat":"none","_seopress_titles_title":"","_seopress_titles_desc":"","_seopress_robots_index":""},"product_brand":[],"product_cat":[15,139],"product_tag":[],"class_list":{"0":"post-7879","1":"product","2":"type-product","3":"status-publish","4":"has-post-thumbnail","6":"product_cat-all-products","7":"product_cat-small-size","9":"first","10":"instock","11":"taxable","12":"shipping-taxable","13":"purchasable","14":"product-type-simple"},"_links":{"self":[{"href":"https:\/\/candeebaar.ee\/fi\/wp-json\/wp\/v2\/product\/7879","targetHints":{"allow":["GET"]}}],"collection":[{"href":"https:\/\/candeebaar.ee\/fi\/wp-json\/wp\/v2\/product"}],"about":[{"href":"https:\/\/candeebaar.ee\/fi\/wp-json\/wp\/v2\/types\/product"}],"version-history":[{"count":1,"href":"https:\/\/candeebaar.ee\/fi\/wp-json\/wp\/v2\/product\/7879\/revisions"}],"predecessor-version":[{"id":7880,"href":"https:\/\/candeebaar.ee\/fi\/wp-json\/wp\/v2\/product\/7879\/revisions\/7880"}],"wp:featuredmedia":[{"embeddable":true,"href":"https:\/\/candeebaar.ee\/fi\/wp-json\/wp\/v2\/media\/7250"}],"wp:attachment":[{"href":"https:\/\/candeebaar.ee\/fi\/wp-json\/wp\/v2\/media?parent=7879"}],"wp:term":[{"taxonomy":"product_brand","embeddable":true,"href":"https:\/\/candeebaar.ee\/fi\/wp-json\/wp\/v2\/product_brand?post=7879"},{"taxonomy":"product_cat","embeddable":true,"href":"https:\/\/candeebaar.ee\/fi\/wp-json\/wp\/v2\/product_cat?post=7879"},{"taxonomy":"product_tag","embeddable":true,"href":"https:\/\/candeebaar.ee\/fi\/wp-json\/wp\/v2\/product_tag?post=7879"}],"curies":[{"name":"wp","href":"https:\/\/api.w.org\/{rel}","templated":true}]}}