{"id":7881,"date":"2024-12-31T20:15:28","date_gmt":"2024-12-31T20:15:28","guid":{"rendered":"https:\/\/storetest.ivi.ee\/product\/white-cake-base-22cm1mm\/"},"modified":"2026-03-16T01:12:03","modified_gmt":"2026-03-15T23:12:03","slug":"valkoinen-kakun-pohja-22cm1mm","status":"publish","type":"product","link":"https:\/\/candeebaar.ee\/fi\/kauppa\/valkoinen-kakun-pohja-22cm1mm\/","title":{"rendered":"Valkoinen kakkulauta 22cm*1mm"},"content":{"rendered":"<p>Py\u00f6re\u00e4 pohja bentokakkuille ja pienille j\u00e4lkiruokille.<br \/>\nKoko: 22cm*1mm<br \/>\nV\u00e4ri: valkoinen<br \/>\nMateriaali: laminoitu pahvi<\/p>","protected":false},"excerpt":{"rendered":"<p>Py\u00f6re\u00e4 pohja bentokakkuille ja pienille j\u00e4lkiruokille. Koko: 22cm*1mm V\u00e4ri: valkoinen Materiaali: laminoitu pahvi<\/p>","protected":false},"featured_media":7823,"template":"","meta":{"_seopress_robots_primary_cat":"","_seopress_titles_title":"","_seopress_titles_desc":"","_seopress_robots_index":""},"product_brand":[],"product_cat":[15,142],"product_tag":[],"class_list":{"0":"post-7881","1":"product","2":"type-product","3":"status-publish","4":"has-post-thumbnail","6":"product_cat-all-products","7":"product_cat-22cm","9":"first","10":"instock","11":"taxable","12":"shipping-taxable","13":"purchasable","14":"product-type-simple"},"_links":{"self":[{"href":"https:\/\/candeebaar.ee\/fi\/wp-json\/wp\/v2\/product\/7881","targetHints":{"allow":["GET"]}}],"collection":[{"href":"https:\/\/candeebaar.ee\/fi\/wp-json\/wp\/v2\/product"}],"about":[{"href":"https:\/\/candeebaar.ee\/fi\/wp-json\/wp\/v2\/types\/product"}],"version-history":[{"count":2,"href":"https:\/\/candeebaar.ee\/fi\/wp-json\/wp\/v2\/product\/7881\/revisions"}],"predecessor-version":[{"id":9102,"href":"https:\/\/candeebaar.ee\/fi\/wp-json\/wp\/v2\/product\/7881\/revisions\/9102"}],"wp:featuredmedia":[{"embeddable":true,"href":"https:\/\/candeebaar.ee\/fi\/wp-json\/wp\/v2\/media\/7823"}],"wp:attachment":[{"href":"https:\/\/candeebaar.ee\/fi\/wp-json\/wp\/v2\/media?parent=7881"}],"wp:term":[{"taxonomy":"product_brand","embeddable":true,"href":"https:\/\/candeebaar.ee\/fi\/wp-json\/wp\/v2\/product_brand?post=7881"},{"taxonomy":"product_cat","embeddable":true,"href":"https:\/\/candeebaar.ee\/fi\/wp-json\/wp\/v2\/product_cat?post=7881"},{"taxonomy":"product_tag","embeddable":true,"href":"https:\/\/candeebaar.ee\/fi\/wp-json\/wp\/v2\/product_tag?post=7881"}],"curies":[{"name":"wp","href":"https:\/\/api.w.org\/{rel}","templated":true}]}}