{"id":7883,"date":"2024-12-31T20:15:28","date_gmt":"2024-12-31T20:15:28","guid":{"rendered":"https:\/\/storetest.ivi.ee\/product\/cake-board-26cm1mm-white\/"},"modified":"2026-03-20T13:51:51","modified_gmt":"2026-03-20T11:51:51","slug":"kakkulauta-26cm1mm-valkoinen","status":"publish","type":"product","link":"https:\/\/candeebaar.ee\/fi\/kauppa\/kakkulauta-26cm1mm-valkoinen\/","title":{"rendered":"Kakkulauta 26cm*1mm valkoinen"},"content":{"rendered":"<p>Py\u00f6re\u00e4 lauta bentokakkuille ja pienille j\u00e4lkiruokille.<br \/>\nKoko: 26cm*1mm<br \/>\nV\u00e4ri: valkoinen<br \/>\nMateriaali: laminoitu pahvi<\/p>","protected":false},"excerpt":{"rendered":"<p>Py\u00f6re\u00e4 lauta bentokakkuille ja pienille j\u00e4lkiruokille. Koko: 26cm*1mm V\u00e4ri: valkoinen Materiaali: laminoitu pahvi<\/p>","protected":false},"featured_media":7823,"template":"","meta":{"_seopress_robots_primary_cat":"none","_seopress_titles_title":"","_seopress_titles_desc":"","_seopress_robots_index":""},"product_brand":[],"product_cat":[15,145],"product_tag":[],"class_list":{"0":"post-7883","1":"product","2":"type-product","3":"status-publish","4":"has-post-thumbnail","6":"product_cat-all-products","7":"product_cat-26cm","9":"first","10":"instock","11":"taxable","12":"shipping-taxable","13":"purchasable","14":"product-type-simple"},"_links":{"self":[{"href":"https:\/\/candeebaar.ee\/fi\/wp-json\/wp\/v2\/product\/7883","targetHints":{"allow":["GET"]}}],"collection":[{"href":"https:\/\/candeebaar.ee\/fi\/wp-json\/wp\/v2\/product"}],"about":[{"href":"https:\/\/candeebaar.ee\/fi\/wp-json\/wp\/v2\/types\/product"}],"version-history":[{"count":2,"href":"https:\/\/candeebaar.ee\/fi\/wp-json\/wp\/v2\/product\/7883\/revisions"}],"predecessor-version":[{"id":15964,"href":"https:\/\/candeebaar.ee\/fi\/wp-json\/wp\/v2\/product\/7883\/revisions\/15964"}],"wp:featuredmedia":[{"embeddable":true,"href":"https:\/\/candeebaar.ee\/fi\/wp-json\/wp\/v2\/media\/7823"}],"wp:attachment":[{"href":"https:\/\/candeebaar.ee\/fi\/wp-json\/wp\/v2\/media?parent=7883"}],"wp:term":[{"taxonomy":"product_brand","embeddable":true,"href":"https:\/\/candeebaar.ee\/fi\/wp-json\/wp\/v2\/product_brand?post=7883"},{"taxonomy":"product_cat","embeddable":true,"href":"https:\/\/candeebaar.ee\/fi\/wp-json\/wp\/v2\/product_cat?post=7883"},{"taxonomy":"product_tag","embeddable":true,"href":"https:\/\/candeebaar.ee\/fi\/wp-json\/wp\/v2\/product_tag?post=7883"}],"curies":[{"name":"wp","href":"https:\/\/api.w.org\/{rel}","templated":true}]}}