{"id":7895,"date":"2024-12-31T20:15:28","date_gmt":"2024-12-31T20:15:28","guid":{"rendered":"https:\/\/storetest.ivi.ee\/product\/dry-spray-gold-5g-food-colours\/"},"modified":"2026-02-14T09:10:06","modified_gmt":"2026-02-14T07:10:06","slug":"kuivaspray-kultaa-5g-elintarvikevareja","status":"publish","type":"product","link":"https:\/\/candeebaar.ee\/fi\/kauppa\/kuivaspray-kultaa-5g-elintarvikevareja\/","title":{"rendered":"Kuivaspray \u201cGold\u201d 5g elintarvikev\u00e4rej\u00e4"},"content":{"rendered":"<p>Kuivasuihke koristeluun, k\u00e4tev\u00e4 kosketuksettomaan levitykseen, k\u00e4ytet\u00e4\u00e4n kakkujen, karkkien, marsipaanin jne. koristeluun.<br \/>\nKoostumus: E555, v\u00e4riaine E172.<br \/>\nV\u00e4ri: kulta<br \/>\nPaino: 5g<br \/>\nS\u00e4ilyt\u00e4 viile\u00e4ss\u00e4, pime\u00e4ss\u00e4 ja kuivassa paikassa.<br \/>\nValmistaja: Food Colours, Puola<\/p>","protected":false},"excerpt":{"rendered":"<p>Kuivasuihke koristeluun, k\u00e4tev\u00e4 kosketuksettomaan levitykseen, k\u00e4ytet\u00e4\u00e4n kakkujen, karkkien, marsipaanin jne. koristeluun. Koostumus: E555, v\u00e4riaine E172. V\u00e4ri: kulta Paino: 5 g S\u00e4ilyt\u00e4 viile\u00e4ss\u00e4, pime\u00e4ss\u00e4 ja kuivassa paikassa. Valmistaja: Food Colours, Puola<\/p>","protected":false},"featured_media":7890,"template":"","meta":{"_seopress_robots_primary_cat":"none","_seopress_titles_title":"","_seopress_titles_desc":"","_seopress_robots_index":""},"product_brand":[],"product_cat":[15,115],"product_tag":[],"class_list":{"0":"post-7895","1":"product","2":"type-product","3":"status-publish","4":"has-post-thumbnail","6":"product_cat-all-products","7":"product_cat-glitter","9":"first","10":"outofstock","11":"taxable","12":"shipping-taxable","13":"purchasable","14":"product-type-simple"},"_links":{"self":[{"href":"https:\/\/candeebaar.ee\/fi\/wp-json\/wp\/v2\/product\/7895","targetHints":{"allow":["GET"]}}],"collection":[{"href":"https:\/\/candeebaar.ee\/fi\/wp-json\/wp\/v2\/product"}],"about":[{"href":"https:\/\/candeebaar.ee\/fi\/wp-json\/wp\/v2\/types\/product"}],"version-history":[{"count":1,"href":"https:\/\/candeebaar.ee\/fi\/wp-json\/wp\/v2\/product\/7895\/revisions"}],"predecessor-version":[{"id":7896,"href":"https:\/\/candeebaar.ee\/fi\/wp-json\/wp\/v2\/product\/7895\/revisions\/7896"}],"wp:featuredmedia":[{"embeddable":true,"href":"https:\/\/candeebaar.ee\/fi\/wp-json\/wp\/v2\/media\/7890"}],"wp:attachment":[{"href":"https:\/\/candeebaar.ee\/fi\/wp-json\/wp\/v2\/media?parent=7895"}],"wp:term":[{"taxonomy":"product_brand","embeddable":true,"href":"https:\/\/candeebaar.ee\/fi\/wp-json\/wp\/v2\/product_brand?post=7895"},{"taxonomy":"product_cat","embeddable":true,"href":"https:\/\/candeebaar.ee\/fi\/wp-json\/wp\/v2\/product_cat?post=7895"},{"taxonomy":"product_tag","embeddable":true,"href":"https:\/\/candeebaar.ee\/fi\/wp-json\/wp\/v2\/product_tag?post=7895"}],"curies":[{"name":"wp","href":"https:\/\/api.w.org\/{rel}","templated":true}]}}