{"id":7902,"date":"2024-12-31T20:15:28","date_gmt":"2024-12-31T20:15:28","guid":{"rendered":"https:\/\/storetest.ivi.ee\/product\/cake-base-24cm1mm-white\/"},"modified":"2026-04-17T11:53:29","modified_gmt":"2026-04-17T09:53:29","slug":"kakun-pohja-24cm1mm-valkoinen","status":"publish","type":"product","link":"https:\/\/candeebaar.ee\/fi\/kauppa\/kakun-pohja-24cm1mm-valkoinen\/","title":{"rendered":"Kakkulevy 24cm * 1.5mm valkoinen"},"content":{"rendered":"<p>Py\u00f6re\u00e4 pohja bentokakkuille ja pienille j\u00e4lkiruokille.<br \/>\nKoko: 235 * 1,5 mm<br \/>\nV\u00e4ri: valkoinen<br \/>\nMateriaali: laminoitu pahvi<\/p>","protected":false},"excerpt":{"rendered":"<p>Py\u00f6re\u00e4 pohja bentokakkuihin ja pieniin j\u00e4lkiruokiin. Koko: 235 * 1,5 mm. V\u00e4ri: valkoinen. Materiaali: laminoitu pahvi.<\/p>","protected":false},"featured_media":7823,"template":"","meta":{"_seopress_robots_primary_cat":"none","_seopress_titles_title":"","_seopress_titles_desc":"","_seopress_robots_index":""},"product_brand":[],"product_cat":[15,143],"product_tag":[],"class_list":{"0":"post-7902","1":"product","2":"type-product","3":"status-publish","4":"has-post-thumbnail","6":"product_cat-all-products","7":"product_cat-24cm","9":"first","10":"instock","11":"taxable","12":"shipping-taxable","13":"purchasable","14":"product-type-simple"},"_links":{"self":[{"href":"https:\/\/candeebaar.ee\/fi\/wp-json\/wp\/v2\/product\/7902","targetHints":{"allow":["GET"]}}],"collection":[{"href":"https:\/\/candeebaar.ee\/fi\/wp-json\/wp\/v2\/product"}],"about":[{"href":"https:\/\/candeebaar.ee\/fi\/wp-json\/wp\/v2\/types\/product"}],"version-history":[{"count":4,"href":"https:\/\/candeebaar.ee\/fi\/wp-json\/wp\/v2\/product\/7902\/revisions"}],"predecessor-version":[{"id":15704,"href":"https:\/\/candeebaar.ee\/fi\/wp-json\/wp\/v2\/product\/7902\/revisions\/15704"}],"wp:featuredmedia":[{"embeddable":true,"href":"https:\/\/candeebaar.ee\/fi\/wp-json\/wp\/v2\/media\/7823"}],"wp:attachment":[{"href":"https:\/\/candeebaar.ee\/fi\/wp-json\/wp\/v2\/media?parent=7902"}],"wp:term":[{"taxonomy":"product_brand","embeddable":true,"href":"https:\/\/candeebaar.ee\/fi\/wp-json\/wp\/v2\/product_brand?post=7902"},{"taxonomy":"product_cat","embeddable":true,"href":"https:\/\/candeebaar.ee\/fi\/wp-json\/wp\/v2\/product_cat?post=7902"},{"taxonomy":"product_tag","embeddable":true,"href":"https:\/\/candeebaar.ee\/fi\/wp-json\/wp\/v2\/product_tag?post=7902"}],"curies":[{"name":"wp","href":"https:\/\/api.w.org\/{rel}","templated":true}]}}