{"id":7904,"date":"2024-12-31T20:15:28","date_gmt":"2024-12-31T20:15:28","guid":{"rendered":"https:\/\/storetest.ivi.ee\/product\/cake-box-21-21-3532cm\/"},"modified":"2026-02-12T14:46:24","modified_gmt":"2026-02-12T12:46:24","slug":"kakkulaatikko-21-21-3532cm","status":"publish","type":"product","link":"https:\/\/candeebaar.ee\/fi\/kauppa\/kakkulaatikko-21-21-3532cm\/","title":{"rendered":"Kakkulaatikko 21 21 35(32)cm"},"content":{"rendered":"<p>Lahjarasia kakulle.<br \/>\nKoostuu 2 osasta, tukeva ja k\u00e4tev\u00e4 k\u00e4ytt\u00e4\u00e4.<br \/>\nMateriaali: pahvi, muovi<br \/>\nKoko (l\/k\/k): 21x21x35cm (ty\u00f6korkeus 32cm)<br \/>\nValmistaja: Italia<\/p>","protected":false},"excerpt":{"rendered":"<p>Lahjarasia kakulle. Koostuu 2 osasta, tukeva ja k\u00e4tev\u00e4 k\u00e4ytt\u00e4\u00e4. Materiaali: pahvi, muovi Koko (l\/k\/k): 21x21x35cm (ty\u00f6korkeus 32cm) Valmistaja: Italia<\/p>","protected":false},"featured_media":6004,"template":"","meta":{"_seopress_robots_primary_cat":"none","_seopress_titles_title":"","_seopress_titles_desc":"","_seopress_robots_index":""},"product_brand":[],"product_cat":[15,130,136,93],"product_tag":[],"class_list":{"0":"post-7904","1":"product","2":"type-product","3":"status-publish","4":"has-post-thumbnail","6":"product_cat-all-products","7":"product_cat-20-24cm-base","8":"product_cat-tall-cake-boxes-h25cm","9":"product_cat-gift-packaging","11":"first","12":"instock","13":"taxable","14":"shipping-taxable","15":"purchasable","16":"product-type-simple"},"_links":{"self":[{"href":"https:\/\/candeebaar.ee\/fi\/wp-json\/wp\/v2\/product\/7904","targetHints":{"allow":["GET"]}}],"collection":[{"href":"https:\/\/candeebaar.ee\/fi\/wp-json\/wp\/v2\/product"}],"about":[{"href":"https:\/\/candeebaar.ee\/fi\/wp-json\/wp\/v2\/types\/product"}],"version-history":[{"count":2,"href":"https:\/\/candeebaar.ee\/fi\/wp-json\/wp\/v2\/product\/7904\/revisions"}],"predecessor-version":[{"id":10222,"href":"https:\/\/candeebaar.ee\/fi\/wp-json\/wp\/v2\/product\/7904\/revisions\/10222"}],"wp:featuredmedia":[{"embeddable":true,"href":"https:\/\/candeebaar.ee\/fi\/wp-json\/wp\/v2\/media\/6004"}],"wp:attachment":[{"href":"https:\/\/candeebaar.ee\/fi\/wp-json\/wp\/v2\/media?parent=7904"}],"wp:term":[{"taxonomy":"product_brand","embeddable":true,"href":"https:\/\/candeebaar.ee\/fi\/wp-json\/wp\/v2\/product_brand?post=7904"},{"taxonomy":"product_cat","embeddable":true,"href":"https:\/\/candeebaar.ee\/fi\/wp-json\/wp\/v2\/product_cat?post=7904"},{"taxonomy":"product_tag","embeddable":true,"href":"https:\/\/candeebaar.ee\/fi\/wp-json\/wp\/v2\/product_tag?post=7904"}],"curies":[{"name":"wp","href":"https:\/\/api.w.org\/{rel}","templated":true}]}}