{"id":7915,"date":"2024-12-31T20:15:28","date_gmt":"2024-12-31T20:15:28","guid":{"rendered":"https:\/\/storetest.ivi.ee\/product\/gift-box-21021070mm\/"},"modified":"2026-04-07T08:42:47","modified_gmt":"2026-04-07T06:42:47","slug":"lahjarasia-21021070mm","status":"publish","type":"product","link":"https:\/\/candeebaar.ee\/fi\/kauppa\/lahjarasia-21021070mm\/","title":{"rendered":"Lahjarasia 210*210*70mm"},"content":{"rendered":"<p>Kest\u00e4v\u00e4 lahjarasia l\u00e4pin\u00e4kyv\u00e4ll\u00e4 kannella.<br \/>\nMateriaali: aaltopahvi, muovi<br \/>\nKoko: 210*210*k70mm<br \/>\nV\u00e4ri: kraft<\/p>","protected":false},"excerpt":{"rendered":"<p>Kest\u00e4v\u00e4 lahjarasia l\u00e4pin\u00e4kyv\u00e4ll\u00e4 kannella. Materiaali: aaltopahvi, muovi Koko: 210*210*h70mm V\u00e4ri: kraft<\/p>","protected":false},"featured_media":7914,"template":"","meta":{"_seopress_robots_primary_cat":"","_seopress_titles_title":"","_seopress_titles_desc":"","_seopress_robots_index":""},"product_brand":[],"product_cat":[182,181,15,154,93],"product_tag":[],"class_list":{"0":"post-7915","1":"product","2":"type-product","3":"status-publish","4":"has-post-thumbnail","6":"product_cat-christmas","7":"product_cat-christmas-new-year","8":"product_cat-all-products","9":"product_cat-different-style","10":"product_cat-gift-packaging","12":"first","13":"instock","14":"taxable","15":"shipping-taxable","16":"purchasable","17":"product-type-simple"},"_links":{"self":[{"href":"https:\/\/candeebaar.ee\/fi\/wp-json\/wp\/v2\/product\/7915","targetHints":{"allow":["GET"]}}],"collection":[{"href":"https:\/\/candeebaar.ee\/fi\/wp-json\/wp\/v2\/product"}],"about":[{"href":"https:\/\/candeebaar.ee\/fi\/wp-json\/wp\/v2\/types\/product"}],"version-history":[{"count":1,"href":"https:\/\/candeebaar.ee\/fi\/wp-json\/wp\/v2\/product\/7915\/revisions"}],"predecessor-version":[{"id":7916,"href":"https:\/\/candeebaar.ee\/fi\/wp-json\/wp\/v2\/product\/7915\/revisions\/7916"}],"wp:featuredmedia":[{"embeddable":true,"href":"https:\/\/candeebaar.ee\/fi\/wp-json\/wp\/v2\/media\/7914"}],"wp:attachment":[{"href":"https:\/\/candeebaar.ee\/fi\/wp-json\/wp\/v2\/media?parent=7915"}],"wp:term":[{"taxonomy":"product_brand","embeddable":true,"href":"https:\/\/candeebaar.ee\/fi\/wp-json\/wp\/v2\/product_brand?post=7915"},{"taxonomy":"product_cat","embeddable":true,"href":"https:\/\/candeebaar.ee\/fi\/wp-json\/wp\/v2\/product_cat?post=7915"},{"taxonomy":"product_tag","embeddable":true,"href":"https:\/\/candeebaar.ee\/fi\/wp-json\/wp\/v2\/product_tag?post=7915"}],"curies":[{"name":"wp","href":"https:\/\/api.w.org\/{rel}","templated":true}]}}