{"id":7924,"date":"2024-12-31T20:15:28","date_gmt":"2024-12-31T20:15:28","guid":{"rendered":"https:\/\/storetest.ivi.ee\/product\/gift-box-for-gingerbread-15020035mm\/"},"modified":"2025-05-01T06:39:53","modified_gmt":"2025-05-01T04:39:53","slug":"lahjarasia-piparkakuille-15020035mm","status":"publish","type":"product","link":"https:\/\/candeebaar.ee\/fi\/kauppa\/lahjarasia-piparkakuille-15020035mm\/","title":{"rendered":"Lahjarasia piparkakuille 150*200*35mm"},"content":{"rendered":"<p>Laadukas kaksikerroksisesta pahvista valmistettu lahjarasia l\u00e4pin\u00e4kyv\u00e4ll\u00e4 kannella (kannessa 2 lukittavaa kiinnikett\u00e4).<br \/>\nYksinkertainen koota, erinomaisen j\u00e4ykkyys, sopii piparkakkuihin sek\u00e4 muihin matalaprofiilisiin esineisiin.<br \/>\nMateriaali: kaksinkertainen pahvi, muovi<br \/>\nKoko: 150*200*h35mm<br \/>\nV\u00e4ri: kraft<br \/>\nTuotanto: Italia<\/p>","protected":false},"excerpt":{"rendered":"<p>Laadukas kaksikerroksisesta pahvista valmistettu lahjarasia l\u00e4pin\u00e4kyv\u00e4ll\u00e4 kannella (kannessa 2 lukittavaa kiinnikett\u00e4). Yksinkertainen koota, erinomaisen j\u00e4ykkyys, sopii piparkakkuihin sek\u00e4 muihin matalaprofiilisiin esineisiin. Materiaali: kaksoispahvi, muovi Koko: 150*200*h35mm V\u00e4ri: kraft Tuotanto: Italia<\/p>","protected":false},"featured_media":7926,"template":"","meta":{"_seopress_robots_primary_cat":"none","_seopress_titles_title":"","_seopress_titles_desc":"","_seopress_robots_index":""},"product_brand":[],"product_cat":[15,156,93],"product_tag":[],"class_list":{"0":"post-7924","1":"product","2":"type-product","3":"status-publish","4":"has-post-thumbnail","6":"product_cat-all-products","7":"product_cat-low-boxes","8":"product_cat-gift-packaging","10":"first","11":"outofstock","12":"taxable","13":"shipping-taxable","14":"purchasable","15":"product-type-simple"},"_links":{"self":[{"href":"https:\/\/candeebaar.ee\/fi\/wp-json\/wp\/v2\/product\/7924","targetHints":{"allow":["GET"]}}],"collection":[{"href":"https:\/\/candeebaar.ee\/fi\/wp-json\/wp\/v2\/product"}],"about":[{"href":"https:\/\/candeebaar.ee\/fi\/wp-json\/wp\/v2\/types\/product"}],"version-history":[{"count":2,"href":"https:\/\/candeebaar.ee\/fi\/wp-json\/wp\/v2\/product\/7924\/revisions"}],"predecessor-version":[{"id":11479,"href":"https:\/\/candeebaar.ee\/fi\/wp-json\/wp\/v2\/product\/7924\/revisions\/11479"}],"wp:featuredmedia":[{"embeddable":true,"href":"https:\/\/candeebaar.ee\/fi\/wp-json\/wp\/v2\/media\/7926"}],"wp:attachment":[{"href":"https:\/\/candeebaar.ee\/fi\/wp-json\/wp\/v2\/media?parent=7924"}],"wp:term":[{"taxonomy":"product_brand","embeddable":true,"href":"https:\/\/candeebaar.ee\/fi\/wp-json\/wp\/v2\/product_brand?post=7924"},{"taxonomy":"product_cat","embeddable":true,"href":"https:\/\/candeebaar.ee\/fi\/wp-json\/wp\/v2\/product_cat?post=7924"},{"taxonomy":"product_tag","embeddable":true,"href":"https:\/\/candeebaar.ee\/fi\/wp-json\/wp\/v2\/product_tag?post=7924"}],"curies":[{"name":"wp","href":"https:\/\/api.w.org\/{rel}","templated":true}]}}