{"id":7938,"date":"2024-12-31T20:15:37","date_gmt":"2024-12-31T20:15:37","guid":{"rendered":"https:\/\/storetest.ivi.ee\/product\/satin-ribbon-10mm22m-pine-green\/"},"modified":"2026-02-18T12:23:21","modified_gmt":"2026-02-18T10:23:21","slug":"satiininauha-10mm22m-mannynvihrea","status":"publish","type":"product","link":"https:\/\/candeebaar.ee\/fi\/kauppa\/satiininauha-10mm22m-mannynvihrea\/","title":{"rendered":"Satiininauha 10mm*22m M\u00e4nnynvihre\u00e4"},"content":{"rendered":"<p>Satiini nauha.<br \/>\nKoko: 10mm * 22m<br \/>\nV\u00e4ri: m\u00e4nnynvihre\u00e4<\/p>","protected":false},"excerpt":{"rendered":"<p>Satiini nauha. Koko: 10mm*22m V\u00e4ri: m\u00e4nnynvihre\u00e4<\/p>","protected":false},"featured_media":7940,"template":"","meta":{"_seopress_robots_primary_cat":"none","_seopress_titles_title":"","_seopress_titles_desc":"","_seopress_robots_index":""},"product_brand":[],"product_cat":[182,181,15,91],"product_tag":[],"class_list":{"0":"post-7938","1":"product","2":"type-product","3":"status-publish","4":"has-post-thumbnail","6":"product_cat-christmas","7":"product_cat-christmas-new-year","8":"product_cat-all-products","9":"product_cat-satin-ribbons","11":"first","12":"instock","13":"taxable","14":"shipping-taxable","15":"purchasable","16":"product-type-simple"},"_links":{"self":[{"href":"https:\/\/candeebaar.ee\/fi\/wp-json\/wp\/v2\/product\/7938","targetHints":{"allow":["GET"]}}],"collection":[{"href":"https:\/\/candeebaar.ee\/fi\/wp-json\/wp\/v2\/product"}],"about":[{"href":"https:\/\/candeebaar.ee\/fi\/wp-json\/wp\/v2\/types\/product"}],"version-history":[{"count":1,"href":"https:\/\/candeebaar.ee\/fi\/wp-json\/wp\/v2\/product\/7938\/revisions"}],"predecessor-version":[{"id":7939,"href":"https:\/\/candeebaar.ee\/fi\/wp-json\/wp\/v2\/product\/7938\/revisions\/7939"}],"wp:featuredmedia":[{"embeddable":true,"href":"https:\/\/candeebaar.ee\/fi\/wp-json\/wp\/v2\/media\/7940"}],"wp:attachment":[{"href":"https:\/\/candeebaar.ee\/fi\/wp-json\/wp\/v2\/media?parent=7938"}],"wp:term":[{"taxonomy":"product_brand","embeddable":true,"href":"https:\/\/candeebaar.ee\/fi\/wp-json\/wp\/v2\/product_brand?post=7938"},{"taxonomy":"product_cat","embeddable":true,"href":"https:\/\/candeebaar.ee\/fi\/wp-json\/wp\/v2\/product_cat?post=7938"},{"taxonomy":"product_tag","embeddable":true,"href":"https:\/\/candeebaar.ee\/fi\/wp-json\/wp\/v2\/product_tag?post=7938"}],"curies":[{"name":"wp","href":"https:\/\/api.w.org\/{rel}","templated":true}]}}