{"id":7956,"date":"2024-12-31T20:15:37","date_gmt":"2024-12-31T20:15:37","guid":{"rendered":"https:\/\/storetest.ivi.ee\/product\/box-for-5-ice-creams-3118-54cm\/"},"modified":"2026-02-23T12:35:50","modified_gmt":"2026-02-23T10:35:50","slug":"laatikko-5-jaatelolle-3118-54cm","status":"publish","type":"product","link":"https:\/\/candeebaar.ee\/fi\/kauppa\/laatikko-5-jaatelolle-3118-54cm\/","title":{"rendered":"Laatikko viidelle j\u00e4\u00e4tel\u00f6lle 31*18,5*4cm"},"content":{"rendered":"<p>Kulmaikkunallinen laatikko 5 j\u00e4\u00e4tel\u00f6lle tai vastaavan kokoiselle j\u00e4lkiruoalle.<br \/>\nSis\u00e4lt\u00e4\u00e4 irrotettavat v\u00e4lilevyt-jakajat, 1-osan koko \u2013 18*6*4cm.<br \/>\nLaatikon koko: 31*18,5*4cm<br \/>\nV\u00e4ri: valkoinen<br \/>\nMateriaali: pahvi, l\u00e4pin\u00e4kyv\u00e4 muovi<\/p>","protected":false},"excerpt":{"rendered":"<p>Kulmaikkunallinen laatikko 5 j\u00e4\u00e4tel\u00f6lle tai vastaavan kokoiselle j\u00e4lkiruoalle. Sis\u00e4lt\u00e4\u00e4 irrotettavat sis\u00e4kkeet-jakajat, 1-osan koko \u2013 18*6*4cm. Laatikon koko: 31*18,5*4cm V\u00e4ri: valkoinen Materiaali: pahvi, l\u00e4pin\u00e4kyv\u00e4 muovi<\/p>","protected":false},"featured_media":7958,"template":"","meta":{"_seopress_robots_primary_cat":"","_seopress_titles_title":"","_seopress_titles_desc":"","_seopress_robots_index":""},"product_brand":[],"product_cat":[182,181,15,153,154,93],"product_tag":[],"class_list":{"0":"post-7956","1":"product","2":"type-product","3":"status-publish","4":"has-post-thumbnail","6":"product_cat-christmas","7":"product_cat-christmas-new-year","8":"product_cat-all-products","9":"product_cat-candy-boxes","10":"product_cat-different-style","11":"product_cat-gift-packaging","13":"first","14":"instock","15":"taxable","16":"shipping-taxable","17":"purchasable","18":"product-type-simple"},"_links":{"self":[{"href":"https:\/\/candeebaar.ee\/fi\/wp-json\/wp\/v2\/product\/7956","targetHints":{"allow":["GET"]}}],"collection":[{"href":"https:\/\/candeebaar.ee\/fi\/wp-json\/wp\/v2\/product"}],"about":[{"href":"https:\/\/candeebaar.ee\/fi\/wp-json\/wp\/v2\/types\/product"}],"version-history":[{"count":1,"href":"https:\/\/candeebaar.ee\/fi\/wp-json\/wp\/v2\/product\/7956\/revisions"}],"predecessor-version":[{"id":7957,"href":"https:\/\/candeebaar.ee\/fi\/wp-json\/wp\/v2\/product\/7956\/revisions\/7957"}],"wp:featuredmedia":[{"embeddable":true,"href":"https:\/\/candeebaar.ee\/fi\/wp-json\/wp\/v2\/media\/7958"}],"wp:attachment":[{"href":"https:\/\/candeebaar.ee\/fi\/wp-json\/wp\/v2\/media?parent=7956"}],"wp:term":[{"taxonomy":"product_brand","embeddable":true,"href":"https:\/\/candeebaar.ee\/fi\/wp-json\/wp\/v2\/product_brand?post=7956"},{"taxonomy":"product_cat","embeddable":true,"href":"https:\/\/candeebaar.ee\/fi\/wp-json\/wp\/v2\/product_cat?post=7956"},{"taxonomy":"product_tag","embeddable":true,"href":"https:\/\/candeebaar.ee\/fi\/wp-json\/wp\/v2\/product_tag?post=7956"}],"curies":[{"name":"wp","href":"https:\/\/api.w.org\/{rel}","templated":true}]}}