{"id":7959,"date":"2024-12-31T20:15:37","date_gmt":"2024-12-31T20:15:37","guid":{"rendered":"https:\/\/storetest.ivi.ee\/product\/dessert-box-heart-10105-5cm\/"},"modified":"2026-02-02T14:44:07","modified_gmt":"2026-02-02T12:44:07","slug":"jalkiruokalaatikon-sydan-10105-5cm","status":"publish","type":"product","link":"https:\/\/candeebaar.ee\/fi\/kauppa\/jalkiruokalaatikon-sydan-10105-5cm\/","title":{"rendered":"J\u00e4lkiruokarasia &quot;Syd\u00e4n&quot; 10*10*5,5cm"},"content":{"rendered":"<p>Pieni laatikko l\u00e4pin\u00e4kyv\u00e4ll\u00e4 syd\u00e4menmuotoisella ikkunalla.<br \/>\nKoko: 100 * 100 * korkeus 57 mm<br \/>\nMateriaali: pahvi, muovi<br \/>\nV\u00e4ri: valkoinen<\/p>","protected":false},"excerpt":{"rendered":"<p>Pieni rasia, jossa l\u00e4pin\u00e4kyv\u00e4 syd\u00e4menmuotoinen ikkuna. Koko: 100 * 100 * korkeus 57 mm. Materiaali: pahvi, muovi. V\u00e4ri: valkoinen.<\/p>","protected":false},"featured_media":7961,"template":"","meta":{"_seopress_robots_primary_cat":"none","_seopress_titles_title":"","_seopress_titles_desc":"","_seopress_robots_index":""},"product_brand":[],"product_cat":[183,15,152,154,93],"product_tag":[],"class_list":{"0":"post-7959","1":"product","2":"type-product","3":"status-publish","4":"has-post-thumbnail","6":"product_cat-valentines-day","7":"product_cat-all-products","8":"product_cat-cupcakes","9":"product_cat-different-style","10":"product_cat-gift-packaging","12":"first","13":"outofstock","14":"taxable","15":"shipping-taxable","16":"purchasable","17":"product-type-simple"},"_links":{"self":[{"href":"https:\/\/candeebaar.ee\/fi\/wp-json\/wp\/v2\/product\/7959","targetHints":{"allow":["GET"]}}],"collection":[{"href":"https:\/\/candeebaar.ee\/fi\/wp-json\/wp\/v2\/product"}],"about":[{"href":"https:\/\/candeebaar.ee\/fi\/wp-json\/wp\/v2\/types\/product"}],"version-history":[{"count":2,"href":"https:\/\/candeebaar.ee\/fi\/wp-json\/wp\/v2\/product\/7959\/revisions"}],"predecessor-version":[{"id":12848,"href":"https:\/\/candeebaar.ee\/fi\/wp-json\/wp\/v2\/product\/7959\/revisions\/12848"}],"wp:featuredmedia":[{"embeddable":true,"href":"https:\/\/candeebaar.ee\/fi\/wp-json\/wp\/v2\/media\/7961"}],"wp:attachment":[{"href":"https:\/\/candeebaar.ee\/fi\/wp-json\/wp\/v2\/media?parent=7959"}],"wp:term":[{"taxonomy":"product_brand","embeddable":true,"href":"https:\/\/candeebaar.ee\/fi\/wp-json\/wp\/v2\/product_brand?post=7959"},{"taxonomy":"product_cat","embeddable":true,"href":"https:\/\/candeebaar.ee\/fi\/wp-json\/wp\/v2\/product_cat?post=7959"},{"taxonomy":"product_tag","embeddable":true,"href":"https:\/\/candeebaar.ee\/fi\/wp-json\/wp\/v2\/product_tag?post=7959"}],"curies":[{"name":"wp","href":"https:\/\/api.w.org\/{rel}","templated":true}]}}