{"id":7962,"date":"2024-12-31T20:15:37","date_gmt":"2024-12-31T20:15:37","guid":{"rendered":"https:\/\/storetest.ivi.ee\/product\/popping-candy-mona-lisa-45g\/"},"modified":"2025-05-18T16:22:07","modified_gmt":"2025-05-18T14:22:07","slug":"popping-candy-mona-lisa-45g","status":"publish","type":"product","link":"https:\/\/candeebaar.ee\/fi\/kauppa\/popping-candy-mona-lisa-45g\/","title":{"rendered":"Popping Candy Mona Lisa 45g"},"content":{"rendered":"<p>R\u00e4j\u00e4ht\u00e4v\u00e4\u00e4 karamellia tummassa suklaassa Callebaut.<br \/>\nErinomainen ratkaisu lasten j\u00e4lkiruokiin. Suklaapinnoite ei ainoastaan tarjoa erinomaista makua, vaan my\u00f6s auttaa s\u00e4ilytt\u00e4m\u00e4\u00e4n poksahtavan karkin ominaisuudet, joka r\u00e4tisee ja poksahtelee iloisesti suuhun osuessaan.<br \/>\nPaino: 45g<br \/>\nRaekoko: 3-6 mm<br \/>\nKoostumus:<br \/>\nTumma suklaa (kaakao, sokeri, kaakaovoi, soijalesitiini), popkaramelli (sokeri, glukoosi, <strong>maitoa<\/strong> sokeri, vaahdotusaine E290, riisit\u00e4rkkelys), sokeri, kaakaojauhe, pintak\u00e4sittelyaine E904, E414. Saattaa sis\u00e4lt\u00e4\u00e4 j\u00e4lki\u00e4 <strong>kananmuna, gluteeni, p\u00e4hkin\u00e4t<\/strong>.<br \/>\nSis\u00e4lt\u00f6 per 100 g tuotetta:<br \/>\nRavintoarvo: 447kcal\/1870kJ<br \/>\nRasvat (tyydyttyneet): 16,4 g (10 g)<br \/>\nHiilihydraatit (sokeri): 68g (59g)<br \/>\nProteiinia: 3,8 g<br \/>\nSuola: 0,01 g<br \/>\nValmistaja: Barry Callebaut, Belgia<\/p>","protected":false},"excerpt":{"rendered":"<p>R\u00e4j\u00e4ht\u00e4v\u00e4 karamelli tummassa suklaassa Callebaut. Erinomainen ratkaisu lasten j\u00e4lkiruokiin. Suklaapinnoite ei ainoastaan tarjoa erinomaista makua, vaan my\u00f6s auttaa s\u00e4ilytt\u00e4m\u00e4\u00e4n poksahtavan makeisen ominaisuudet, joka r\u00e4tisee ja poksahtelee iloisesti suuhun osuessaan. Paino: 45g Raekoko: 3-6mm Koostumus: Tumma suklaa (kaakao, sokeri, kaakaovoi, soijalesitiini), popkaramelli [\u2026]<\/p>","protected":false},"featured_media":7964,"template":"","meta":{"_seopress_robots_primary_cat":"none","_seopress_titles_title":"","_seopress_titles_desc":"","_seopress_robots_index":""},"product_brand":[],"product_cat":[15,110,104,109],"product_tag":[],"class_list":{"0":"post-7962","1":"product","2":"type-product","3":"status-publish","4":"has-post-thumbnail","6":"product_cat-all-products","7":"product_cat-callebaut","8":"product_cat-sprinkles","9":"product_cat-sale","10":"brand-callebaut","12":"first","13":"outofstock","14":"sale","15":"taxable","16":"shipping-taxable","17":"purchasable","18":"product-type-simple"},"_links":{"self":[{"href":"https:\/\/candeebaar.ee\/fi\/wp-json\/wp\/v2\/product\/7962","targetHints":{"allow":["GET"]}}],"collection":[{"href":"https:\/\/candeebaar.ee\/fi\/wp-json\/wp\/v2\/product"}],"about":[{"href":"https:\/\/candeebaar.ee\/fi\/wp-json\/wp\/v2\/types\/product"}],"version-history":[{"count":1,"href":"https:\/\/candeebaar.ee\/fi\/wp-json\/wp\/v2\/product\/7962\/revisions"}],"predecessor-version":[{"id":7963,"href":"https:\/\/candeebaar.ee\/fi\/wp-json\/wp\/v2\/product\/7962\/revisions\/7963"}],"wp:featuredmedia":[{"embeddable":true,"href":"https:\/\/candeebaar.ee\/fi\/wp-json\/wp\/v2\/media\/7964"}],"wp:attachment":[{"href":"https:\/\/candeebaar.ee\/fi\/wp-json\/wp\/v2\/media?parent=7962"}],"wp:term":[{"taxonomy":"product_brand","embeddable":true,"href":"https:\/\/candeebaar.ee\/fi\/wp-json\/wp\/v2\/product_brand?post=7962"},{"taxonomy":"product_cat","embeddable":true,"href":"https:\/\/candeebaar.ee\/fi\/wp-json\/wp\/v2\/product_cat?post=7962"},{"taxonomy":"product_tag","embeddable":true,"href":"https:\/\/candeebaar.ee\/fi\/wp-json\/wp\/v2\/product_tag?post=7962"}],"curies":[{"name":"wp","href":"https:\/\/api.w.org\/{rel}","templated":true}]}}