{"id":7966,"date":"2024-12-31T20:15:37","date_gmt":"2024-12-31T20:15:37","guid":{"rendered":"https:\/\/storetest.ivi.ee\/product\/inulin-100g\/"},"modified":"2026-04-06T19:00:51","modified_gmt":"2026-04-06T17:00:51","slug":"inuliini-100-g","status":"publish","type":"product","link":"https:\/\/candeebaar.ee\/fi\/kauppa\/inuliini-100-g\/","title":{"rendered":"Inuliini 100 g"},"content":{"rendered":"<p>Inuliini on luonnollinen makeutusaine, jolla on monia hy\u00f6dyllisi\u00e4 ominaisuuksia keholle.<br \/>\nKoostumus: inuliini (sikurijuuri)<br \/>\nSis\u00e4lt\u00f6 per 100 g tuotetta:<br \/>\nRavintoarvo: 208kcal\/874kJ<br \/>\nRasvat (tyydyttyneet): 0 g (0 g)<br \/>\nHiilihydraatit (sokeri): 7g (7g)<br \/>\nKuitu: 90 g<br \/>\nProteiinit: 0 g<br \/>\nSuola: 0,01 g<br \/>\nS\u00e4ilyt\u00e4 pime\u00e4ss\u00e4, viile\u00e4ss\u00e4 paikassa ilmatiiviiss\u00e4 pakkauksessa. Saattaa sis\u00e4lt\u00e4\u00e4 j\u00e4lki\u00e4 <strong>gluteenia ja p\u00e4hkin\u00f6it\u00e4.<\/strong><br \/>\nValmistaja: Belgia<\/p>","protected":false},"excerpt":{"rendered":"<p>Inuliini on luonnollinen makeutusaine, jolla on monia hy\u00f6dyllisi\u00e4 ominaisuuksia keholle. Koostumus: inuliini (sikurijuuri) Sis\u00e4lt\u00f6 per 100g tuotetta: Ravintoarvo: 208kcal\/874kJ Rasvat (tyydyttyneet): 0g (0g) Hiilihydraatit (sokerit): 7g (7g) Kuitu: 90g Proteiinit: 0g Suola: 0,01g pime\u00e4ss\u00e4, viile\u00e4ss\u00e4 paikassa ilmatiiviiss\u00e4 pakkauksessa. Saattaa sis\u00e4lt\u00e4\u00e4 j\u00e4\u00e4mi\u00e4 gluteenista ja [\u2026]<\/p>","protected":false},"featured_media":7968,"template":"","meta":{"_seopress_robots_primary_cat":"none","_seopress_titles_title":"","_seopress_titles_desc":"","_seopress_robots_index":""},"product_brand":[],"product_cat":[15,102],"product_tag":[],"class_list":{"0":"post-7966","1":"product","2":"type-product","3":"status-publish","4":"has-post-thumbnail","6":"product_cat-all-products","7":"product_cat-sugars","9":"first","10":"outofstock","11":"taxable","12":"shipping-taxable","13":"purchasable","14":"product-type-simple"},"_links":{"self":[{"href":"https:\/\/candeebaar.ee\/fi\/wp-json\/wp\/v2\/product\/7966","targetHints":{"allow":["GET"]}}],"collection":[{"href":"https:\/\/candeebaar.ee\/fi\/wp-json\/wp\/v2\/product"}],"about":[{"href":"https:\/\/candeebaar.ee\/fi\/wp-json\/wp\/v2\/types\/product"}],"version-history":[{"count":1,"href":"https:\/\/candeebaar.ee\/fi\/wp-json\/wp\/v2\/product\/7966\/revisions"}],"predecessor-version":[{"id":7967,"href":"https:\/\/candeebaar.ee\/fi\/wp-json\/wp\/v2\/product\/7966\/revisions\/7967"}],"wp:featuredmedia":[{"embeddable":true,"href":"https:\/\/candeebaar.ee\/fi\/wp-json\/wp\/v2\/media\/7968"}],"wp:attachment":[{"href":"https:\/\/candeebaar.ee\/fi\/wp-json\/wp\/v2\/media?parent=7966"}],"wp:term":[{"taxonomy":"product_brand","embeddable":true,"href":"https:\/\/candeebaar.ee\/fi\/wp-json\/wp\/v2\/product_brand?post=7966"},{"taxonomy":"product_cat","embeddable":true,"href":"https:\/\/candeebaar.ee\/fi\/wp-json\/wp\/v2\/product_cat?post=7966"},{"taxonomy":"product_tag","embeddable":true,"href":"https:\/\/candeebaar.ee\/fi\/wp-json\/wp\/v2\/product_tag?post=7966"}],"curies":[{"name":"wp","href":"https:\/\/api.w.org\/{rel}","templated":true}]}}