{"id":7969,"date":"2024-12-31T20:15:37","date_gmt":"2024-12-31T20:15:37","guid":{"rendered":"https:\/\/storetest.ivi.ee\/product\/erythritol-100g\/"},"modified":"2026-02-02T19:09:49","modified_gmt":"2026-02-02T17:09:49","slug":"erytritoli-100-g","status":"publish","type":"product","link":"https:\/\/candeebaar.ee\/fi\/kauppa\/erytritoli-100-g\/","title":{"rendered":"erytritoli 100 g"},"content":{"rendered":"<p>Erytritolin makeutusaine, kaloriton sokerinkorvike.<br \/>\nKoostumus: erytritoli<br \/>\nSis\u00e4lt\u00f6 per 100 g tuotetta:<br \/>\nRavintoarvo: 0 kcal\/0 kJ<br \/>\nRasvat (tyydyttyneet): 0 g (0 g)<br \/>\nHiilihydraatit (sokeri): 100g (100g)<br \/>\nProteiinit: 0 g<br \/>\nSuola: 0 g<br \/>\nS\u00e4ilyt\u00e4 viile\u00e4ss\u00e4 pime\u00e4ss\u00e4, suljetussa pakkauksessa. Saattaa sis\u00e4lt\u00e4\u00e4 j\u00e4lki\u00e4 <strong>gluteenia ja p\u00e4hkin\u00f6it\u00e4.<\/strong><br \/>\nValmistaja: Belgia<\/p>","protected":false},"excerpt":{"rendered":"<p>Erytritolimakeutusaine, kaloriton sokerinkorvike. Koostumus: erytritoli Sis\u00e4lt\u00f6 per 100g tuotetta: Ravintoarvo: 0 kcal\/0 kJ Rasvat (tyydyttyneet): 0g (0g) Hiilihydraatit (sokerit): 100g (100g) Proteiinit: 0g Suola: 0g S\u00e4ilyt\u00e4 viile\u00e4ss\u00e4, pime\u00e4ss\u00e4 paikassa sinet\u00f6ity paketti. Saattaa sis\u00e4lt\u00e4\u00e4 j\u00e4\u00e4mi\u00e4 gluteenista ja p\u00e4hkin\u00f6ist\u00e4. Valmistaja: Belgia<\/p>","protected":false},"featured_media":7968,"template":"","meta":{"_seopress_robots_primary_cat":"none","_seopress_titles_title":"","_seopress_titles_desc":"","_seopress_robots_index":""},"product_brand":[],"product_cat":[15,102],"product_tag":[],"class_list":{"0":"post-7969","1":"product","2":"type-product","3":"status-publish","4":"has-post-thumbnail","6":"product_cat-all-products","7":"product_cat-sugars","9":"first","10":"instock","11":"taxable","12":"shipping-taxable","13":"purchasable","14":"product-type-simple"},"_links":{"self":[{"href":"https:\/\/candeebaar.ee\/fi\/wp-json\/wp\/v2\/product\/7969","targetHints":{"allow":["GET"]}}],"collection":[{"href":"https:\/\/candeebaar.ee\/fi\/wp-json\/wp\/v2\/product"}],"about":[{"href":"https:\/\/candeebaar.ee\/fi\/wp-json\/wp\/v2\/types\/product"}],"version-history":[{"count":1,"href":"https:\/\/candeebaar.ee\/fi\/wp-json\/wp\/v2\/product\/7969\/revisions"}],"predecessor-version":[{"id":7970,"href":"https:\/\/candeebaar.ee\/fi\/wp-json\/wp\/v2\/product\/7969\/revisions\/7970"}],"wp:featuredmedia":[{"embeddable":true,"href":"https:\/\/candeebaar.ee\/fi\/wp-json\/wp\/v2\/media\/7968"}],"wp:attachment":[{"href":"https:\/\/candeebaar.ee\/fi\/wp-json\/wp\/v2\/media?parent=7969"}],"wp:term":[{"taxonomy":"product_brand","embeddable":true,"href":"https:\/\/candeebaar.ee\/fi\/wp-json\/wp\/v2\/product_brand?post=7969"},{"taxonomy":"product_cat","embeddable":true,"href":"https:\/\/candeebaar.ee\/fi\/wp-json\/wp\/v2\/product_cat?post=7969"},{"taxonomy":"product_tag","embeddable":true,"href":"https:\/\/candeebaar.ee\/fi\/wp-json\/wp\/v2\/product_tag?post=7969"}],"curies":[{"name":"wp","href":"https:\/\/api.w.org\/{rel}","templated":true}]}}