{"id":7977,"date":"2024-12-31T20:15:37","date_gmt":"2024-12-31T20:15:37","guid":{"rendered":"https:\/\/storetest.ivi.ee\/product\/gift-bag-snow-20323cm-10pcs\/"},"modified":"2026-03-11T19:38:12","modified_gmt":"2026-03-11T17:38:12","slug":"lahjapussi-lumi-20323cm-10kpl","status":"publish","type":"product","link":"https:\/\/candeebaar.ee\/fi\/kauppa\/lahjapussi-lumi-20323cm-10kpl\/","title":{"rendered":"Lahjapussi \u201cLumi\u201d 20*32*3cm 10kpl"},"content":{"rendered":"<p>L\u00e4pin\u00e4kyv\u00e4, kuviollinen lahjapussi, vakaa pohja, laajenee.<br \/>\nKoko: 20*32*3cm<br \/>\nMukana: 10 kpl<\/p>","protected":false},"excerpt":{"rendered":"<p>L\u00e4pin\u00e4kyv\u00e4, kuviollinen lahjapussi, vakaa pohja, laajenee. Koko: 20*32*3cm Mukana: 10kpl<\/p>","protected":false},"featured_media":7979,"template":"","meta":{"_seopress_robots_primary_cat":"none","_seopress_titles_title":"","_seopress_titles_desc":"","_seopress_robots_index":""},"product_brand":[],"product_cat":[182,181,95],"product_tag":[],"class_list":{"0":"post-7977","1":"product","2":"type-product","3":"status-publish","4":"has-post-thumbnail","6":"product_cat-christmas","7":"product_cat-christmas-new-year","8":"product_cat-plastic-and-paper-bags","10":"first","11":"outofstock","12":"taxable","13":"shipping-taxable","14":"purchasable","15":"product-type-simple"},"_links":{"self":[{"href":"https:\/\/candeebaar.ee\/fi\/wp-json\/wp\/v2\/product\/7977","targetHints":{"allow":["GET"]}}],"collection":[{"href":"https:\/\/candeebaar.ee\/fi\/wp-json\/wp\/v2\/product"}],"about":[{"href":"https:\/\/candeebaar.ee\/fi\/wp-json\/wp\/v2\/types\/product"}],"version-history":[{"count":1,"href":"https:\/\/candeebaar.ee\/fi\/wp-json\/wp\/v2\/product\/7977\/revisions"}],"predecessor-version":[{"id":7978,"href":"https:\/\/candeebaar.ee\/fi\/wp-json\/wp\/v2\/product\/7977\/revisions\/7978"}],"wp:featuredmedia":[{"embeddable":true,"href":"https:\/\/candeebaar.ee\/fi\/wp-json\/wp\/v2\/media\/7979"}],"wp:attachment":[{"href":"https:\/\/candeebaar.ee\/fi\/wp-json\/wp\/v2\/media?parent=7977"}],"wp:term":[{"taxonomy":"product_brand","embeddable":true,"href":"https:\/\/candeebaar.ee\/fi\/wp-json\/wp\/v2\/product_brand?post=7977"},{"taxonomy":"product_cat","embeddable":true,"href":"https:\/\/candeebaar.ee\/fi\/wp-json\/wp\/v2\/product_cat?post=7977"},{"taxonomy":"product_tag","embeddable":true,"href":"https:\/\/candeebaar.ee\/fi\/wp-json\/wp\/v2\/product_tag?post=7977"}],"curies":[{"name":"wp","href":"https:\/\/api.w.org\/{rel}","templated":true}]}}