{"id":8000,"date":"2024-12-31T20:15:37","date_gmt":"2024-12-31T20:15:37","guid":{"rendered":"https:\/\/storetest.ivi.ee\/product\/sprinkles-snow-pellets-45g\/"},"modified":"2025-11-07T10:15:12","modified_gmt":"2025-11-07T08:15:12","slug":"sprinkles-lumipelletteja-45g","status":"publish","type":"product","link":"https:\/\/candeebaar.ee\/fi\/kauppa\/sprinkles-lumipelletteja-45g\/","title":{"rendered":"Sprinkleet \u201cLumipelletit\u201d 45g"},"content":{"rendered":"<p>Sprinklej\u00e4 j\u00e4lkiruokien koristeluun.<br \/>\nPallon halkaisija: 2 mm<br \/>\nPaino: 45g<br \/>\nKoostumus: sokeri, jauhot <strong>vehn\u00e4<\/strong>, siirappi, talkki, makeislasite, sorbiinihappo, v\u00e4riaineet E170.<br \/>\nEi sovellu alle 3-vuotiaille lapsille.<br \/>\nValmistaja: Ukraina<br \/>\nS\u00e4ilyvyys: 30.10.2026<\/p>","protected":false},"excerpt":{"rendered":"<p>Sprinklej\u00e4 j\u00e4lkiruokien koristeluun. Pallien halkaisija: 2mm Paino: 45g Koostumus: sokeri, vehn\u00e4jauho, siirappi, talkki, makeislasite, sorbiinihappo, v\u00e4riaineet E170. Ei sovellu alle 3-vuotiaille lapsille. Valmistaja: Ukraina Kestoaika: 30.10.2026<\/p>","protected":false},"featured_media":7995,"template":"","meta":{"_seopress_robots_primary_cat":"none","_seopress_titles_title":"","_seopress_titles_desc":"","_seopress_robots_index":""},"product_brand":[],"product_cat":[182,181,178,180,15,104],"product_tag":[175],"class_list":{"0":"post-8000","1":"product","2":"type-product","3":"status-publish","4":"has-post-thumbnail","6":"product_cat-christmas","7":"product_cat-christmas-new-year","8":"product_cat-easter-products","9":"product_cat-wedding-products","10":"product_cat-all-products","11":"product_cat-sprinkles","12":"product_tag-easter","14":"first","15":"outofstock","16":"taxable","17":"shipping-taxable","18":"purchasable","19":"product-type-simple"},"_links":{"self":[{"href":"https:\/\/candeebaar.ee\/fi\/wp-json\/wp\/v2\/product\/8000","targetHints":{"allow":["GET"]}}],"collection":[{"href":"https:\/\/candeebaar.ee\/fi\/wp-json\/wp\/v2\/product"}],"about":[{"href":"https:\/\/candeebaar.ee\/fi\/wp-json\/wp\/v2\/types\/product"}],"version-history":[{"count":1,"href":"https:\/\/candeebaar.ee\/fi\/wp-json\/wp\/v2\/product\/8000\/revisions"}],"predecessor-version":[{"id":8001,"href":"https:\/\/candeebaar.ee\/fi\/wp-json\/wp\/v2\/product\/8000\/revisions\/8001"}],"wp:featuredmedia":[{"embeddable":true,"href":"https:\/\/candeebaar.ee\/fi\/wp-json\/wp\/v2\/media\/7995"}],"wp:attachment":[{"href":"https:\/\/candeebaar.ee\/fi\/wp-json\/wp\/v2\/media?parent=8000"}],"wp:term":[{"taxonomy":"product_brand","embeddable":true,"href":"https:\/\/candeebaar.ee\/fi\/wp-json\/wp\/v2\/product_brand?post=8000"},{"taxonomy":"product_cat","embeddable":true,"href":"https:\/\/candeebaar.ee\/fi\/wp-json\/wp\/v2\/product_cat?post=8000"},{"taxonomy":"product_tag","embeddable":true,"href":"https:\/\/candeebaar.ee\/fi\/wp-json\/wp\/v2\/product_tag?post=8000"}],"curies":[{"name":"wp","href":"https:\/\/api.w.org\/{rel}","templated":true}]}}