{"id":8004,"date":"2024-12-31T20:15:51","date_gmt":"2024-12-31T20:15:51","guid":{"rendered":"https:\/\/storetest.ivi.ee\/product\/sprinkles-azure-pearls-45g\/"},"modified":"2025-10-26T12:00:02","modified_gmt":"2025-10-26T10:00:02","slug":"sprinkles-taivaansiniset-helmet-45g","status":"publish","type":"product","link":"https:\/\/candeebaar.ee\/fi\/kauppa\/sprinkles-taivaansiniset-helmet-45g\/","title":{"rendered":"Sprinkles \u201cAzure Pearls\u201d 45g"},"content":{"rendered":"<p>Sprinklej\u00e4 j\u00e4lkiruokien koristeluun. Pallot halkaisijaltaan ~5mm, niiss\u00e4 on pehme\u00e4 riisipohja.<br \/>\nPaino: 45g<br \/>\nKoostumus: sokeri, riisijauho, siirappi, talkki, makeislasite, sorbiinihappo, v\u00e4riaineet E133, E174.<br \/>\nSis\u00e4lt\u00f6 per 100g:<br \/>\nRavintoarvo: 1502kJ\/359.2kcal<br \/>\nRasvat (tyydyttyneet): 1,3 g (0,39 g)<br \/>\nHiilihydraatit (sokerit): 88,2 g (77,3 g)<br \/>\nProteiinit: 1,4 g<\/p>\n<p>Ei sovellu alle 3-vuotiaille lapsille.<br \/>\nValmistaja: Ukraina<br \/>\nS\u00e4ilyvyys: 30.10.2026<\/p>","protected":false},"excerpt":{"rendered":"<p>Sprinklej\u00e4 j\u00e4lkiruokien koristeluun. Pallot halkaisijaltaan ~5mm, niiss\u00e4 on pehme\u00e4 riisipohja. Paino: 45g Koostumus: sokeri, riisijauho, siirappi, talkki, makeislasite, sorbiinihappo, v\u00e4riaineet E133, E174. Sis\u00e4lt\u00f6 per 100g: Ravintoarvo: 1502kJ\/359,2kcal Rasvat (tyydyttyneet): 1,3g (0,39g) Hiilihydraatit (sokerit): 88,2g (77,3g) Proteiinit: 1,4g Ei sovellu alle 3-vuotiaille lapsille. Valmistaja: Ukraina [\u2026]<\/p>","protected":false},"featured_media":7981,"template":"","meta":{"_seopress_robots_primary_cat":"none","_seopress_titles_title":"","_seopress_titles_desc":"","_seopress_robots_index":""},"product_brand":[],"product_cat":[15,104],"product_tag":[],"class_list":{"0":"post-8004","1":"product","2":"type-product","3":"status-publish","4":"has-post-thumbnail","6":"product_cat-all-products","7":"product_cat-sprinkles","9":"first","10":"instock","11":"taxable","12":"shipping-taxable","13":"purchasable","14":"product-type-simple"},"_links":{"self":[{"href":"https:\/\/candeebaar.ee\/fi\/wp-json\/wp\/v2\/product\/8004","targetHints":{"allow":["GET"]}}],"collection":[{"href":"https:\/\/candeebaar.ee\/fi\/wp-json\/wp\/v2\/product"}],"about":[{"href":"https:\/\/candeebaar.ee\/fi\/wp-json\/wp\/v2\/types\/product"}],"version-history":[{"count":1,"href":"https:\/\/candeebaar.ee\/fi\/wp-json\/wp\/v2\/product\/8004\/revisions"}],"predecessor-version":[{"id":8005,"href":"https:\/\/candeebaar.ee\/fi\/wp-json\/wp\/v2\/product\/8004\/revisions\/8005"}],"wp:featuredmedia":[{"embeddable":true,"href":"https:\/\/candeebaar.ee\/fi\/wp-json\/wp\/v2\/media\/7981"}],"wp:attachment":[{"href":"https:\/\/candeebaar.ee\/fi\/wp-json\/wp\/v2\/media?parent=8004"}],"wp:term":[{"taxonomy":"product_brand","embeddable":true,"href":"https:\/\/candeebaar.ee\/fi\/wp-json\/wp\/v2\/product_brand?post=8004"},{"taxonomy":"product_cat","embeddable":true,"href":"https:\/\/candeebaar.ee\/fi\/wp-json\/wp\/v2\/product_cat?post=8004"},{"taxonomy":"product_tag","embeddable":true,"href":"https:\/\/candeebaar.ee\/fi\/wp-json\/wp\/v2\/product_tag?post=8004"}],"curies":[{"name":"wp","href":"https:\/\/api.w.org\/{rel}","templated":true}]}}