{"id":8006,"date":"2025-12-31T20:15:51","date_gmt":"2025-12-31T18:15:51","guid":{"rendered":"https:\/\/storetest.ivi.ee\/product\/sprinkles-red-hearts-45g\/"},"modified":"2026-04-02T18:57:42","modified_gmt":"2026-04-02T16:57:42","slug":"strosselit-punaisia-sydamia-45-g","status":"publish","type":"product","link":"https:\/\/candeebaar.ee\/fi\/kauppa\/strosselit-punaisia-sydamia-45-g\/","title":{"rendered":"Sprinkleet \u201cRed Hearts\u201d 45g"},"content":{"rendered":"<p>Sprinklej\u00e4 j\u00e4lkiruokien koristeluun.<br \/>\nSyd\u00e4men koko: 6 mm<br \/>\nPaino: 45g<br \/>\nAinesosat:<br \/>\nValkoinen sokeri, riisijauho, puhdistettu hajuton palmu\u00f6ljy, maissit\u00e4rkkelys, melassi, sakeuttamisaine: karboksimetyyliselluloosa (CMC) (E466), pintak\u00e4sittelyaineet: arabikumi (E414), talkki (E553b), aromi: vanilja, elintarvikev\u00e4ri: Ponceau 4R (E124).<br \/>\nSis\u00e4lt\u00f6 per 100g:<br \/>\nRavintoarvo: 1544 kJ\/369 kcal<br \/>\nRasvaa (tyydyttynytt\u00e4): 3,8 g (1,6 g)<br \/>\nHiilihydraatit: 82 g<br \/>\nProteiineja: 1,7 g<br \/>\nEi sovellu alle 3-vuotiaille lapsille.<br \/>\nValmistaja: Saksa<\/p>","protected":false},"excerpt":{"rendered":"<p>Str\u00f6sselit j\u00e4lkiruokien koristeluun. Syd\u00e4men koko: 6 mm Paino: 45 g Ainesosat: Valkoinen sokeri, riisijauho, puhdistettu hajuton palmu\u00f6ljy, maissit\u00e4rkkelys, melassi, sakeuttamisaine: karboksimetyyliselluloosa (CMC) (E466), pintak\u00e4sittelyaineet: arabikumi (E414), talkki (E553b), aromi: vanilja, elintarvikev\u00e4ri: Ponceau 4R (E124). Sis\u00e4lt\u00f6 per 100 g: Ravintosis\u00e4lt\u00f6: 1544 kJ\/369 kcal Rasvaa (tyydyttynytt\u00e4): 3,8 g (1,6 g) Hiilihydraatteja: 82 g Proteiinia: 1,7 g Ei sovellu [\u2026]<\/p>","protected":false},"featured_media":15330,"template":"","meta":{"_seopress_robots_primary_cat":"none","_seopress_titles_title":"","_seopress_titles_desc":"","_seopress_robots_index":""},"product_brand":[],"product_cat":[183,15,104],"product_tag":[],"class_list":{"0":"post-8006","1":"product","2":"type-product","3":"status-publish","4":"has-post-thumbnail","6":"product_cat-valentines-day","7":"product_cat-all-products","8":"product_cat-sprinkles","10":"first","11":"instock","12":"taxable","13":"shipping-taxable","14":"purchasable","15":"product-type-simple"},"_links":{"self":[{"href":"https:\/\/candeebaar.ee\/fi\/wp-json\/wp\/v2\/product\/8006","targetHints":{"allow":["GET"]}}],"collection":[{"href":"https:\/\/candeebaar.ee\/fi\/wp-json\/wp\/v2\/product"}],"about":[{"href":"https:\/\/candeebaar.ee\/fi\/wp-json\/wp\/v2\/types\/product"}],"version-history":[{"count":3,"href":"https:\/\/candeebaar.ee\/fi\/wp-json\/wp\/v2\/product\/8006\/revisions"}],"predecessor-version":[{"id":15331,"href":"https:\/\/candeebaar.ee\/fi\/wp-json\/wp\/v2\/product\/8006\/revisions\/15331"}],"wp:featuredmedia":[{"embeddable":true,"href":"https:\/\/candeebaar.ee\/fi\/wp-json\/wp\/v2\/media\/15330"}],"wp:attachment":[{"href":"https:\/\/candeebaar.ee\/fi\/wp-json\/wp\/v2\/media?parent=8006"}],"wp:term":[{"taxonomy":"product_brand","embeddable":true,"href":"https:\/\/candeebaar.ee\/fi\/wp-json\/wp\/v2\/product_brand?post=8006"},{"taxonomy":"product_cat","embeddable":true,"href":"https:\/\/candeebaar.ee\/fi\/wp-json\/wp\/v2\/product_cat?post=8006"},{"taxonomy":"product_tag","embeddable":true,"href":"https:\/\/candeebaar.ee\/fi\/wp-json\/wp\/v2\/product_tag?post=8006"}],"curies":[{"name":"wp","href":"https:\/\/api.w.org\/{rel}","templated":true}]}}