{"id":8008,"date":"2024-12-31T20:15:51","date_gmt":"2024-12-31T20:15:51","guid":{"rendered":"https:\/\/storetest.ivi.ee\/product\/sprinkles-red-white-hearts-45g\/"},"modified":"2026-01-04T16:02:21","modified_gmt":"2026-01-04T14:02:21","slug":"sprinkles-punaiset-valkoiset-sydamet-45g","status":"publish","type":"product","link":"https:\/\/candeebaar.ee\/fi\/kauppa\/sprinkles-punaiset-valkoiset-sydamet-45g\/","title":{"rendered":"Sprinkles \u201cRed &amp; White Hearts\u201d 45g"},"content":{"rendered":"<p>Sprinklej\u00e4 j\u00e4lkiruokien koristeluun.<br \/>\nSyd\u00e4men koko: 6 mm<br \/>\nPaino: 45g<br \/>\nKoostumus: sokeri, elintarvikev\u00e4rit, <strong>vehn\u00e4jauhoja<\/strong>, siirappi, emulgointiaine E476, pinnoitekaste, sorbiinihappo, v\u00e4riaineet E122, E124<br \/>\nSis\u00e4lt\u00f6 per 100g:<br \/>\nRavintoarvo: 1465kJ\/350kcal<br \/>\nRasvat: 2 g<br \/>\nHiilihydraatit: 82 g<br \/>\nProteiinit: 0 g<br \/>\nEi sovellu alle 3-vuotiaille lapsille.<br \/>\nValmistaja: Ukraina<\/p>","protected":false},"excerpt":{"rendered":"<p>Sprinklej\u00e4 j\u00e4lkiruokien koristeluun. Syd\u00e4nkoko: 6mm Paino: 45g Koostumus: sokeri, elintarvikev\u00e4rit, vehn\u00e4jauho, siirappi, emulgointiaine E476, p\u00e4\u00e4llystyslasite, sorbiinihappo, v\u00e4riaineet E122, E124 Sis\u00e4lt\u00f6 per 100g: Ravintoarvo: 1465kJ\/350kcal Rasvat: 2g auto2:bohydraatit 0g Ei sovellu lapsille alle 3-vuotias. Valmistaja: Ukraina<\/p>","protected":false},"featured_media":7988,"template":"","meta":{"_seopress_robots_primary_cat":"none","_seopress_titles_title":"","_seopress_titles_desc":"","_seopress_robots_index":""},"product_brand":[],"product_cat":[183,15,104],"product_tag":[],"class_list":{"0":"post-8008","1":"product","2":"type-product","3":"status-publish","4":"has-post-thumbnail","6":"product_cat-valentines-day","7":"product_cat-all-products","8":"product_cat-sprinkles","10":"first","11":"outofstock","12":"taxable","13":"shipping-taxable","14":"purchasable","15":"product-type-simple"},"_links":{"self":[{"href":"https:\/\/candeebaar.ee\/fi\/wp-json\/wp\/v2\/product\/8008","targetHints":{"allow":["GET"]}}],"collection":[{"href":"https:\/\/candeebaar.ee\/fi\/wp-json\/wp\/v2\/product"}],"about":[{"href":"https:\/\/candeebaar.ee\/fi\/wp-json\/wp\/v2\/types\/product"}],"version-history":[{"count":1,"href":"https:\/\/candeebaar.ee\/fi\/wp-json\/wp\/v2\/product\/8008\/revisions"}],"predecessor-version":[{"id":8009,"href":"https:\/\/candeebaar.ee\/fi\/wp-json\/wp\/v2\/product\/8008\/revisions\/8009"}],"wp:featuredmedia":[{"embeddable":true,"href":"https:\/\/candeebaar.ee\/fi\/wp-json\/wp\/v2\/media\/7988"}],"wp:attachment":[{"href":"https:\/\/candeebaar.ee\/fi\/wp-json\/wp\/v2\/media?parent=8008"}],"wp:term":[{"taxonomy":"product_brand","embeddable":true,"href":"https:\/\/candeebaar.ee\/fi\/wp-json\/wp\/v2\/product_brand?post=8008"},{"taxonomy":"product_cat","embeddable":true,"href":"https:\/\/candeebaar.ee\/fi\/wp-json\/wp\/v2\/product_cat?post=8008"},{"taxonomy":"product_tag","embeddable":true,"href":"https:\/\/candeebaar.ee\/fi\/wp-json\/wp\/v2\/product_tag?post=8008"}],"curies":[{"name":"wp","href":"https:\/\/api.w.org\/{rel}","templated":true}]}}