{"id":8010,"date":"2024-12-31T20:15:51","date_gmt":"2024-12-31T20:15:51","guid":{"rendered":"https:\/\/storetest.ivi.ee\/product\/topping-golden-balls-xl-45g\/"},"modified":"2026-03-30T15:42:40","modified_gmt":"2026-03-30T13:42:40","slug":"taytteena-kultaiset-pallot-xl-45g","status":"publish","type":"product","link":"https:\/\/candeebaar.ee\/fi\/kauppa\/taytteena-kultaiset-pallot-xl-45g\/","title":{"rendered":"T\u00e4yte &quot;Golden Balls XL&quot; 45g"},"content":{"rendered":"<p>Sprinklej\u00e4 j\u00e4lkiruokien koristeluun. Pallot ovat eritt\u00e4in suuria, halkaisijaltaan 17 mm, niiss\u00e4 on pehme\u00e4 riisipohja ja suklaa.<br \/>\nPaino: 45g<br \/>\nKoostumus: sokeri, riisit\u00e4rkkelys, jauhot (<strong>vehn\u00e4, t\u00e4ysjyv\u00e4vehn\u00e4, mallasvehn\u00e4<\/strong>), vehn\u00e4gluteeni, kaakaovoi, kaakaomassa, v\u00e4riaineet (E160c, E160d, E174), luonnollinen vanilja-aromi, E903, E904, sakeuttamisaine E414, emulgointiaine E473, naudan gelatiini, nostatusaine E500, suola.<br \/>\nSis\u00e4lt\u00f6 per 100g:<br \/>\nRavintoarvo: 1982kJ\/472kcal<br \/>\nRasvat (tyydyttyneet): 17,2 g (10,5 g)<br \/>\nHiilihydraatit (sokerit): 73,7 g (65,1 g)<br \/>\nProteiinit: 4,4 g<br \/>\nSuola: 0,1 g<\/p>\n<p>Ei sovellu alle 3-vuotiaille lapsille.<br \/>\nValmistaja: Saksa<br \/>\nS\u00e4ilyvyysaika: lokakuu 2027<\/p>","protected":false},"excerpt":{"rendered":"<p>Sprinklej\u00e4 j\u00e4lkiruokien koristeluun. Pallot ovat eritt\u00e4in suuria, halkaisijaltaan 17 mm, niiss\u00e4 on pehme\u00e4 riisipohja ja suklaa. Massa: 45g Koostumus: sokeri, riisit\u00e4rkkelys, jauhot (vehn\u00e4, t\u00e4ysjyv\u00e4vehn\u00e4, mallasvehn\u00e4), vehn\u00e4gluteeni, kaakaovoi, kaakaomassa, v\u00e4riaineet (E160c, E160d, E174), luonnollinen vanilja-aromi, E903, E904, sakeuttamisaine E414, emulgointiaine E473, naudanlihagelatiini, nostatusaine [\u2026]<\/p>","protected":false},"featured_media":7985,"template":"","meta":{"_seopress_robots_primary_cat":"none","_seopress_titles_title":"","_seopress_titles_desc":"","_seopress_robots_index":""},"product_brand":[],"product_cat":[182,181,180,15,104,106],"product_tag":[],"class_list":{"0":"post-8010","1":"product","2":"type-product","3":"status-publish","4":"has-post-thumbnail","6":"product_cat-christmas","7":"product_cat-christmas-new-year","8":"product_cat-wedding-products","9":"product_cat-all-products","10":"product_cat-sprinkles","11":"product_cat-new","13":"first","14":"instock","15":"taxable","16":"shipping-taxable","17":"purchasable","18":"product-type-simple"},"_links":{"self":[{"href":"https:\/\/candeebaar.ee\/fi\/wp-json\/wp\/v2\/product\/8010","targetHints":{"allow":["GET"]}}],"collection":[{"href":"https:\/\/candeebaar.ee\/fi\/wp-json\/wp\/v2\/product"}],"about":[{"href":"https:\/\/candeebaar.ee\/fi\/wp-json\/wp\/v2\/types\/product"}],"version-history":[{"count":3,"href":"https:\/\/candeebaar.ee\/fi\/wp-json\/wp\/v2\/product\/8010\/revisions"}],"predecessor-version":[{"id":14182,"href":"https:\/\/candeebaar.ee\/fi\/wp-json\/wp\/v2\/product\/8010\/revisions\/14182"}],"wp:featuredmedia":[{"embeddable":true,"href":"https:\/\/candeebaar.ee\/fi\/wp-json\/wp\/v2\/media\/7985"}],"wp:attachment":[{"href":"https:\/\/candeebaar.ee\/fi\/wp-json\/wp\/v2\/media?parent=8010"}],"wp:term":[{"taxonomy":"product_brand","embeddable":true,"href":"https:\/\/candeebaar.ee\/fi\/wp-json\/wp\/v2\/product_brand?post=8010"},{"taxonomy":"product_cat","embeddable":true,"href":"https:\/\/candeebaar.ee\/fi\/wp-json\/wp\/v2\/product_cat?post=8010"},{"taxonomy":"product_tag","embeddable":true,"href":"https:\/\/candeebaar.ee\/fi\/wp-json\/wp\/v2\/product_tag?post=8010"}],"curies":[{"name":"wp","href":"https:\/\/api.w.org\/{rel}","templated":true}]}}