{"id":8017,"date":"2024-12-31T20:15:51","date_gmt":"2024-12-31T20:15:51","guid":{"rendered":"https:\/\/storetest.ivi.ee\/product\/teddy-dream-sprinkles-45g\/"},"modified":"2026-04-06T18:13:22","modified_gmt":"2026-04-06T16:13:22","slug":"teddy-dream-sprinkleja-45g","status":"publish","type":"product","link":"https:\/\/candeebaar.ee\/fi\/kauppa\/teddy-dream-sprinkleja-45g\/","title":{"rendered":"Teddy Dream Sprinkles 45g"},"content":{"rendered":"<p>Sprinklej\u00e4 j\u00e4lkiruokien koristeluun.<br \/>\nPaino: 45g<br \/>\nKoostumus: sokeri, <strong>vehn\u00e4jauhoja<\/strong>, siirappi, puhdistettu palmu\u00f6ljy, modifioitu t\u00e4rkkelys, sakeuttamisaineet (E412, E415, E466, E414), talkki, makeislasite, v\u00e4riaineet E102, E122, E133, E170, E174.<br \/>\nRavintosis\u00e4lt\u00f6 per 100g:<br \/>\nRavintoarvo: 1502kJ\/359.2kcal<br \/>\nRasvat (tyydyttyneet): 1,3 g (0,39 g)<br \/>\nHiilihydraatit (sokerit): 88,2 g (77,3 g)<br \/>\nProteiinit: 1,4 g<br \/>\nS\u00e4ilyt\u00e4 suljetussa pakkauksessa, pime\u00e4ss\u00e4 viile\u00e4ss\u00e4 paikassa.<\/p>\n<p>Ei sovellu alle 3-vuotiaille lapsille.<br \/>\nValmistaja: Ukraina<br \/>\nS\u00e4ilyvyys: 30.09.2026<\/p>","protected":false},"excerpt":{"rendered":"<p>Sprinklej\u00e4 j\u00e4lkiruokien koristeluun. Paino: 45g Koostumus: sokeri, vehn\u00e4jauho, siirappi, puhdistettu palmu\u00f6ljy, modifioitu t\u00e4rkkelys, sakeuttamisaineet (E412, E415, E466, E414), talkki, makeislasite, v\u00e4riaineet E102, E122, E133, E170, E174. Ravintosis\u00e4lt\u00f6 per 100g: Ravintoarvo: 1502kJ\/359,2kcal Rasvat (tyydyttyneet): 1,3g (0,39g) Hiilihydraatit (sokerit): 88,2g (77,3g) Proteiinit: 1,4g S\u00e4ilyt\u00e4 suljetussa pakkauksessa, pime\u00e4ss\u00e4 [\u2026]<\/p>","protected":false},"featured_media":7998,"template":"","meta":{"_seopress_robots_primary_cat":"none","_seopress_titles_title":"","_seopress_titles_desc":"","_seopress_robots_index":""},"product_brand":[],"product_cat":[15,104],"product_tag":[],"class_list":{"0":"post-8017","1":"product","2":"type-product","3":"status-publish","4":"has-post-thumbnail","6":"product_cat-all-products","7":"product_cat-sprinkles","9":"first","10":"instock","11":"taxable","12":"shipping-taxable","13":"purchasable","14":"product-type-simple"},"_links":{"self":[{"href":"https:\/\/candeebaar.ee\/fi\/wp-json\/wp\/v2\/product\/8017","targetHints":{"allow":["GET"]}}],"collection":[{"href":"https:\/\/candeebaar.ee\/fi\/wp-json\/wp\/v2\/product"}],"about":[{"href":"https:\/\/candeebaar.ee\/fi\/wp-json\/wp\/v2\/types\/product"}],"version-history":[{"count":1,"href":"https:\/\/candeebaar.ee\/fi\/wp-json\/wp\/v2\/product\/8017\/revisions"}],"predecessor-version":[{"id":8018,"href":"https:\/\/candeebaar.ee\/fi\/wp-json\/wp\/v2\/product\/8017\/revisions\/8018"}],"wp:featuredmedia":[{"embeddable":true,"href":"https:\/\/candeebaar.ee\/fi\/wp-json\/wp\/v2\/media\/7998"}],"wp:attachment":[{"href":"https:\/\/candeebaar.ee\/fi\/wp-json\/wp\/v2\/media?parent=8017"}],"wp:term":[{"taxonomy":"product_brand","embeddable":true,"href":"https:\/\/candeebaar.ee\/fi\/wp-json\/wp\/v2\/product_brand?post=8017"},{"taxonomy":"product_cat","embeddable":true,"href":"https:\/\/candeebaar.ee\/fi\/wp-json\/wp\/v2\/product_cat?post=8017"},{"taxonomy":"product_tag","embeddable":true,"href":"https:\/\/candeebaar.ee\/fi\/wp-json\/wp\/v2\/product_tag?post=8017"}],"curies":[{"name":"wp","href":"https:\/\/api.w.org\/{rel}","templated":true}]}}