{"id":8019,"date":"2024-12-31T20:15:51","date_gmt":"2024-12-31T20:15:51","guid":{"rendered":"https:\/\/storetest.ivi.ee\/product\/sprinkles-soap-bubbles-45g\/"},"modified":"2026-03-12T09:50:21","modified_gmt":"2026-03-12T07:50:21","slug":"sprinkles-saippuakuplia-45g","status":"publish","type":"product","link":"https:\/\/candeebaar.ee\/fi\/kauppa\/sprinkles-saippuakuplia-45g\/","title":{"rendered":"Sprinkles \u201cSaippuakuplat\u201d 45g"},"content":{"rendered":"<p>Sprinklej\u00e4 j\u00e4lkiruokien koristeluun.<br \/>\nPaino: 45g<br \/>\nKoostumus: sokeri, <strong>vehn\u00e4jauhoja<\/strong>, siirappi, puhdistettu palmu\u00f6ljy, modifioitu t\u00e4rkkelys, sakeuttamisaineet (E412, E415, E466, E414), talkki, makeislasite, v\u00e4riaineet E102, E132, E133, E170, E174.<br \/>\nSis\u00e4lt\u00f6 per 100g:<br \/>\nRavintoarvo: 406 kcal<br \/>\nRasvat (tyydyttyneet): 5,5 g<br \/>\nHiilihydraatit (sokerit): 92 g (77,3 g)<br \/>\nProteiinit: 2 g<br \/>\nS\u00e4ilyt\u00e4 suljetussa pakkauksessa, pime\u00e4ss\u00e4 viile\u00e4ss\u00e4 paikassa.<\/p>\n<p>Ei sovellu alle 3-vuotiaille lapsille.<br \/>\nValmistaja: Ukraina<\/p>","protected":false},"excerpt":{"rendered":"<p>Sprinklej\u00e4 j\u00e4lkiruokien koristeluun. Paino: 45g Koostumus: sokeri, vehn\u00e4jauho, siirappi, puhdistettu palmu\u00f6ljy, modifioitu t\u00e4rkkelys, sakeuttamisaineet (E412, E415, E466, E414), talkki, makeislasite, v\u00e4riaineet E102, E132, E133, E170, E174. Sis\u00e4lt\u00f6 per 100 g: Ravintoarvo: 406 kcal Rasvat (tyydyttyneet): 5,5 g Hiilihydraatit (sokerit): 92 g (77,3 g) Proteiinit: 2 g S\u00e4ilyt\u00e4 suljetussa pakkauksessa, pime\u00e4ss\u00e4 viile\u00e4ss\u00e4 [\u2026]<\/p>","protected":false},"featured_media":7996,"template":"","meta":{"_seopress_robots_primary_cat":"none","_seopress_titles_title":"","_seopress_titles_desc":"","_seopress_robots_index":""},"product_brand":[],"product_cat":[15,104,109],"product_tag":[175],"class_list":{"0":"post-8019","1":"product","2":"type-product","3":"status-publish","4":"has-post-thumbnail","6":"product_cat-all-products","7":"product_cat-sprinkles","8":"product_cat-sale","9":"product_tag-easter","11":"first","12":"outofstock","13":"sale","14":"taxable","15":"shipping-taxable","16":"purchasable","17":"product-type-simple"},"_links":{"self":[{"href":"https:\/\/candeebaar.ee\/fi\/wp-json\/wp\/v2\/product\/8019","targetHints":{"allow":["GET"]}}],"collection":[{"href":"https:\/\/candeebaar.ee\/fi\/wp-json\/wp\/v2\/product"}],"about":[{"href":"https:\/\/candeebaar.ee\/fi\/wp-json\/wp\/v2\/types\/product"}],"version-history":[{"count":2,"href":"https:\/\/candeebaar.ee\/fi\/wp-json\/wp\/v2\/product\/8019\/revisions"}],"predecessor-version":[{"id":15428,"href":"https:\/\/candeebaar.ee\/fi\/wp-json\/wp\/v2\/product\/8019\/revisions\/15428"}],"wp:featuredmedia":[{"embeddable":true,"href":"https:\/\/candeebaar.ee\/fi\/wp-json\/wp\/v2\/media\/7996"}],"wp:attachment":[{"href":"https:\/\/candeebaar.ee\/fi\/wp-json\/wp\/v2\/media?parent=8019"}],"wp:term":[{"taxonomy":"product_brand","embeddable":true,"href":"https:\/\/candeebaar.ee\/fi\/wp-json\/wp\/v2\/product_brand?post=8019"},{"taxonomy":"product_cat","embeddable":true,"href":"https:\/\/candeebaar.ee\/fi\/wp-json\/wp\/v2\/product_cat?post=8019"},{"taxonomy":"product_tag","embeddable":true,"href":"https:\/\/candeebaar.ee\/fi\/wp-json\/wp\/v2\/product_tag?post=8019"}],"curies":[{"name":"wp","href":"https:\/\/api.w.org\/{rel}","templated":true}]}}