{"id":8023,"date":"2024-12-31T20:15:51","date_gmt":"2024-12-31T20:15:51","guid":{"rendered":"https:\/\/storetest.ivi.ee\/product\/sprinkles-slow-waltz-45g\/"},"modified":"2025-04-10T08:57:52","modified_gmt":"2025-04-10T06:57:52","slug":"sprinkles-hidas-valssi-45g","status":"publish","type":"product","link":"https:\/\/candeebaar.ee\/fi\/kauppa\/sprinkles-hidas-valssi-45g\/","title":{"rendered":"Sprinklej\u00e4 \u201cSlow Waltz\u201d 45g"},"content":{"rendered":"<p>Sprinklej\u00e4 j\u00e4lkiruokien koristeluun.<br \/>\nPaino: 45g<br \/>\nKoostumus: sokeri, <strong>vehn\u00e4jauhoja<\/strong>, siirappi, emulgointiaine E476, talkki, makeislasite, v\u00e4riaineet E102, E122, E124, E170, E174.<br \/>\nSis\u00e4lt\u00f6 per 100g:<br \/>\nRavintoarvo: 1465kJ\/350kcal<br \/>\nRasvat (tyydyttyneet): 2 g<br \/>\nHiilihydraatit: 83 g<br \/>\nProteiinit: 0 g<br \/>\nS\u00e4ilyt\u00e4 suljetussa pakkauksessa, pime\u00e4ss\u00e4 viile\u00e4ss\u00e4 paikassa.<br \/>\nTikkuissa on kova jauhopohja, eiv\u00e4tk\u00e4 ne sovellu kulutukseen.<\/p>\n<p>Ei sovellu alle 3-vuotiaille lapsille.<br \/>\nValmistaja: Ukraina<br \/>\nS\u00e4ilyvyys: 08.07.2026<\/p>","protected":false},"excerpt":{"rendered":"<p>Sprinklej\u00e4 j\u00e4lkiruokien koristeluun. Paino: 45g Koostumus: sokeri, vehn\u00e4jauho, siirappi, emulgointiaine E476, talkki, makeislasite, v\u00e4riaineet E102, E122, E124, E170, E174. Sis\u00e4lt\u00f6 per 100g: Ravintoarvo: 1465kJ\/350kcal Rasvat (tyydyttyneet): 2g Hiilihydraatit: 83g Proteiinit: 0g S\u00e4ilyt\u00e4 suljetussa pakkauksessa, pime\u00e4ss\u00e4, viile\u00e4ss\u00e4 paikassa. Tikkuissa on kova jauhopohja, eiv\u00e4tk\u00e4 ne ole [\u2026]<\/p>","protected":false},"featured_media":7994,"template":"","meta":{"_seopress_robots_primary_cat":"none","_seopress_titles_title":"","_seopress_titles_desc":"","_seopress_robots_index":""},"product_brand":[],"product_cat":[15,104,109],"product_tag":[],"class_list":{"0":"post-8023","1":"product","2":"type-product","3":"status-publish","4":"has-post-thumbnail","6":"product_cat-all-products","7":"product_cat-sprinkles","8":"product_cat-sale","10":"first","11":"outofstock","12":"taxable","13":"shipping-taxable","14":"purchasable","15":"product-type-simple"},"_links":{"self":[{"href":"https:\/\/candeebaar.ee\/fi\/wp-json\/wp\/v2\/product\/8023","targetHints":{"allow":["GET"]}}],"collection":[{"href":"https:\/\/candeebaar.ee\/fi\/wp-json\/wp\/v2\/product"}],"about":[{"href":"https:\/\/candeebaar.ee\/fi\/wp-json\/wp\/v2\/types\/product"}],"version-history":[{"count":1,"href":"https:\/\/candeebaar.ee\/fi\/wp-json\/wp\/v2\/product\/8023\/revisions"}],"predecessor-version":[{"id":8024,"href":"https:\/\/candeebaar.ee\/fi\/wp-json\/wp\/v2\/product\/8023\/revisions\/8024"}],"wp:featuredmedia":[{"embeddable":true,"href":"https:\/\/candeebaar.ee\/fi\/wp-json\/wp\/v2\/media\/7994"}],"wp:attachment":[{"href":"https:\/\/candeebaar.ee\/fi\/wp-json\/wp\/v2\/media?parent=8023"}],"wp:term":[{"taxonomy":"product_brand","embeddable":true,"href":"https:\/\/candeebaar.ee\/fi\/wp-json\/wp\/v2\/product_brand?post=8023"},{"taxonomy":"product_cat","embeddable":true,"href":"https:\/\/candeebaar.ee\/fi\/wp-json\/wp\/v2\/product_cat?post=8023"},{"taxonomy":"product_tag","embeddable":true,"href":"https:\/\/candeebaar.ee\/fi\/wp-json\/wp\/v2\/product_tag?post=8023"}],"curies":[{"name":"wp","href":"https:\/\/api.w.org\/{rel}","templated":true}]}}