{"id":8025,"date":"2024-12-31T20:15:51","date_gmt":"2024-12-31T20:15:51","guid":{"rendered":"https:\/\/storetest.ivi.ee\/product\/sprinkles-happy-love-45g\/"},"modified":"2026-04-02T13:21:36","modified_gmt":"2026-04-02T11:21:36","slug":"sprinkles-happy-love-45g","status":"publish","type":"product","link":"https:\/\/candeebaar.ee\/fi\/kauppa\/sprinkles-happy-love-45g\/","title":{"rendered":"Sprinkleet \u201cHappy Love\u201d 45g"},"content":{"rendered":"<p>Sprinklej\u00e4 j\u00e4lkiruokien koristeluun.<br \/>\nPaino: 45g<br \/>\nKoostumus: sokeri, <strong>vehn\u00e4jauhoja<\/strong>, siirappi, emulgointiaine E476, makeislasite, v\u00e4riaineet E102, E110, E122, E124, E170, E133.<br \/>\nRavintoarvo per 100g:<br \/>\nEnergia-arvo: 1465kJ\/350kcal<br \/>\nRasvat (tyydyttyneet): 2 g<br \/>\nHiilihydraatit: 83 g<br \/>\nProteiinit: 0 g<br \/>\nS\u00e4ilyt\u00e4 suljetussa pakkauksessa, pime\u00e4ss\u00e4 viile\u00e4ss\u00e4 paikassa.<br \/>\nTikkuissa on kova jauhopohja, eiv\u00e4tk\u00e4 ne sovellu kulutukseen.<\/p>\n<p>Ei sovellu alle 3-vuotiaille lapsille.<br \/>\nValmistaja: Ukraina<\/p>","protected":false},"excerpt":{"rendered":"<p>Sprinklej\u00e4 j\u00e4lkiruokien koristeluun. Paino: 45g Koostumus: sokeri, vehn\u00e4jauho, siirappi, emulgointiaine E476, makeislasite, v\u00e4riaineet E102, E110, E122, E124, E170, E133. Ravintoarvo per 100g: Energiaarvo: 1465kJ\/350kcal Rasvat (tyydyttyneet): 2g Hiilihydraatit: 83g Proteiinit: 0g S\u00e4ilyt\u00e4 suljetussa pakkauksessa, pime\u00e4ss\u00e4, viile\u00e4ss\u00e4 paikassa. Tikkuissa on kova jauhopohja ja ne ovat [\u2026]<\/p>","protected":false},"featured_media":7986,"template":"","meta":{"_seopress_robots_primary_cat":"none","_seopress_titles_title":"","_seopress_titles_desc":"","_seopress_robots_index":""},"product_brand":[],"product_cat":[183,15,104,109],"product_tag":[175],"class_list":{"0":"post-8025","1":"product","2":"type-product","3":"status-publish","4":"has-post-thumbnail","6":"product_cat-valentines-day","7":"product_cat-all-products","8":"product_cat-sprinkles","9":"product_cat-sale","10":"product_tag-easter","12":"first","13":"outofstock","14":"sale","15":"taxable","16":"shipping-taxable","17":"purchasable","18":"product-type-simple"},"_links":{"self":[{"href":"https:\/\/candeebaar.ee\/fi\/wp-json\/wp\/v2\/product\/8025","targetHints":{"allow":["GET"]}}],"collection":[{"href":"https:\/\/candeebaar.ee\/fi\/wp-json\/wp\/v2\/product"}],"about":[{"href":"https:\/\/candeebaar.ee\/fi\/wp-json\/wp\/v2\/types\/product"}],"version-history":[{"count":2,"href":"https:\/\/candeebaar.ee\/fi\/wp-json\/wp\/v2\/product\/8025\/revisions"}],"predecessor-version":[{"id":15429,"href":"https:\/\/candeebaar.ee\/fi\/wp-json\/wp\/v2\/product\/8025\/revisions\/15429"}],"wp:featuredmedia":[{"embeddable":true,"href":"https:\/\/candeebaar.ee\/fi\/wp-json\/wp\/v2\/media\/7986"}],"wp:attachment":[{"href":"https:\/\/candeebaar.ee\/fi\/wp-json\/wp\/v2\/media?parent=8025"}],"wp:term":[{"taxonomy":"product_brand","embeddable":true,"href":"https:\/\/candeebaar.ee\/fi\/wp-json\/wp\/v2\/product_brand?post=8025"},{"taxonomy":"product_cat","embeddable":true,"href":"https:\/\/candeebaar.ee\/fi\/wp-json\/wp\/v2\/product_cat?post=8025"},{"taxonomy":"product_tag","embeddable":true,"href":"https:\/\/candeebaar.ee\/fi\/wp-json\/wp\/v2\/product_tag?post=8025"}],"curies":[{"name":"wp","href":"https:\/\/api.w.org\/{rel}","templated":true}]}}