{"id":8029,"date":"2024-12-31T20:15:51","date_gmt":"2024-12-31T20:15:51","guid":{"rendered":"https:\/\/storetest.ivi.ee\/product\/sprinkles-romantic-night-45g\/"},"modified":"2025-04-11T20:52:24","modified_gmt":"2025-04-11T18:52:24","slug":"sprinkles-romanttinen-yo-45g","status":"publish","type":"product","link":"https:\/\/candeebaar.ee\/fi\/kauppa\/sprinkles-romanttinen-yo-45g\/","title":{"rendered":"Sprinkleet \u201cRomantic Night\u201d 45g"},"content":{"rendered":"<p>Sprinklej\u00e4 j\u00e4lkiruokien koristeluun.<br \/>\nPaino: 45g<br \/>\nKoostumus: sokeri, <strong>vehn\u00e4jauhoja<\/strong>, siirappi, emulgointiaine E476, pinnoituslasite, v\u00e4riaineet E122, E124, E170, E174.<br \/>\nSis\u00e4lt\u00f6 per 100g:<br \/>\nRavintoarvo: 1465kJ\/350kcal<br \/>\nRasvat (tyydyttyneet): 2 g<br \/>\nHiilihydraatit: 83 g<br \/>\nProteiinit: 0 g<br \/>\nS\u00e4ilyt\u00e4 suljetussa pakkauksessa, pime\u00e4ss\u00e4 viile\u00e4ss\u00e4 paikassa.<\/p>\n<p>Ei sovellu alle 3-vuotiaille lapsille.<br \/>\nValmistaja: Ukraina<br \/>\nS\u00e4ilyvyys: 29.01.2026<\/p>","protected":false},"excerpt":{"rendered":"<p>Sprinklej\u00e4 j\u00e4lkiruokien koristeluun. Paino: 45g Koostumus: sokeri, vehn\u00e4jauho, siirappi, emulgointiaine E476, pinnoitekaste, v\u00e4riaineet E122, E124, E170, E174. Sis\u00e4lt\u00f6 per 100g: Ravintoarvo: 1465kJ\/350kcal Rasvat (tyydyttyneet): 2g Hiilihydraatit: 83g Proteiinit: 0g S\u00e4ilyt\u00e4 suljetussa pakkauksessa, pime\u00e4ss\u00e4, viile\u00e4ss\u00e4 paikassa. Ei sovellu alle 3-vuotiaille lapsille. Valmistaja: Ukraina S\u00e4ilyvyys: [\u2026]<\/p>","protected":false},"featured_media":7993,"template":"","meta":{"_seopress_robots_primary_cat":"","_seopress_titles_title":"","_seopress_titles_desc":"","_seopress_robots_index":""},"product_brand":[],"product_cat":[15,104],"product_tag":[],"class_list":{"0":"post-8029","1":"product","2":"type-product","3":"status-publish","4":"has-post-thumbnail","6":"product_cat-all-products","7":"product_cat-sprinkles","9":"first","10":"outofstock","11":"taxable","12":"shipping-taxable","13":"purchasable","14":"product-type-simple"},"_links":{"self":[{"href":"https:\/\/candeebaar.ee\/fi\/wp-json\/wp\/v2\/product\/8029","targetHints":{"allow":["GET"]}}],"collection":[{"href":"https:\/\/candeebaar.ee\/fi\/wp-json\/wp\/v2\/product"}],"about":[{"href":"https:\/\/candeebaar.ee\/fi\/wp-json\/wp\/v2\/types\/product"}],"version-history":[{"count":1,"href":"https:\/\/candeebaar.ee\/fi\/wp-json\/wp\/v2\/product\/8029\/revisions"}],"predecessor-version":[{"id":8030,"href":"https:\/\/candeebaar.ee\/fi\/wp-json\/wp\/v2\/product\/8029\/revisions\/8030"}],"wp:featuredmedia":[{"embeddable":true,"href":"https:\/\/candeebaar.ee\/fi\/wp-json\/wp\/v2\/media\/7993"}],"wp:attachment":[{"href":"https:\/\/candeebaar.ee\/fi\/wp-json\/wp\/v2\/media?parent=8029"}],"wp:term":[{"taxonomy":"product_brand","embeddable":true,"href":"https:\/\/candeebaar.ee\/fi\/wp-json\/wp\/v2\/product_brand?post=8029"},{"taxonomy":"product_cat","embeddable":true,"href":"https:\/\/candeebaar.ee\/fi\/wp-json\/wp\/v2\/product_cat?post=8029"},{"taxonomy":"product_tag","embeddable":true,"href":"https:\/\/candeebaar.ee\/fi\/wp-json\/wp\/v2\/product_tag?post=8029"}],"curies":[{"name":"wp","href":"https:\/\/api.w.org\/{rel}","templated":true}]}}