{"id":8035,"date":"2024-12-31T20:15:51","date_gmt":"2024-12-31T20:15:51","guid":{"rendered":"https:\/\/storetest.ivi.ee\/product\/topping-hot-feelings-45g\/"},"modified":"2025-12-02T12:13:17","modified_gmt":"2025-12-02T10:13:17","slug":"kuumat-taytteet-45g","status":"publish","type":"product","link":"https:\/\/candeebaar.ee\/fi\/kauppa\/kuumat-taytteet-45g\/","title":{"rendered":"T\u00e4yte &quot;Hot Feelings&quot; 45g"},"content":{"rendered":"<p>Sprinklej\u00e4 j\u00e4lkiruokien koristeluun. Palloissa on pehme\u00e4 suklaapohja. Tikkuissa on kova jauhopohja, eiv\u00e4tk\u00e4 ne sovellu kulutukseen.<br \/>\nPaino: 45g<br \/>\nKoostumus: sokeri, t\u00e4rkkelys (<strong>vehn\u00e4<\/strong>, maissi, peruna, riisi), <strong>vehn\u00e4<\/strong> jauhot, <strong>mallastettu<\/strong> vehn\u00e4\u00e4, vehn\u00e4\u00e4 <strong>gluteenia<\/strong>, kasvi\u00f6ljy (auringonkukka, rapsi, kookos), glukoosisiirappi, ryp\u00e4lemehu, maltodekstriini, k\u00e4\u00e4nteissokeri, kuiva <strong>maitoa<\/strong>, kaakaovoi, kaakaomassa, v\u00e4riaineet (E100, E120, E131, E132, E133, E153, E162, E170, E172, E173, E174), luonnollinen vanilja-aromi, E901, E903, E904, sakeuttamisaine E40, emulsi E40,6<strong>soija<\/strong>) E473, naudanlihagelatiini, E330, E470b, E555, suola.<br \/>\nSis\u00e4lt\u00f6 per 100g:<br \/>\nRavintoarvo: 1741kJ\/412kcal<br \/>\nRasvat (tyydyttyneet): 4,5 g (2,5 g)<br \/>\nHiilihydraatit (sokerit): 90,9 g (77,5 g)<br \/>\nProteiinit: 1,2 g<br \/>\nSuola: 0,1 g<\/p>\n<p>Ei sovellu alle 3-vuotiaille lapsille.<br \/>\nValmistaja: Saksa<br \/>\nS\u00e4ilyvyys: helmikuu 2026<\/p>","protected":false},"excerpt":{"rendered":"<p>Sprinklej\u00e4 j\u00e4lkiruokien koristeluun. Palloissa on pehme\u00e4 suklaapohja. Tikkuissa on kova jauhopohja, eiv\u00e4tk\u00e4 ne sovellu kulutukseen. Paino: 45g Koostumus: sokeri, t\u00e4rkkelys (vehn\u00e4, maissi, peruna, riisi), vehn\u00e4jauho, mallasvehn\u00e4, vehn\u00e4gluteeni, kasvi\u00f6ljy (auringonkukka, rapsi, kookos), glukoosisiirappi, ryp\u00e4lemehu, maltodekstriini, k\u00e4\u00e4nteissokeri, maitojauhe , kaakaovoita, [\u2026]<\/p>","protected":false},"featured_media":7990,"template":"","meta":{"_seopress_robots_primary_cat":"","_seopress_titles_title":"","_seopress_titles_desc":"","_seopress_robots_index":""},"product_brand":[],"product_cat":[15,104],"product_tag":[],"class_list":{"0":"post-8035","1":"product","2":"type-product","3":"status-publish","4":"has-post-thumbnail","6":"product_cat-all-products","7":"product_cat-sprinkles","9":"first","10":"outofstock","11":"taxable","12":"shipping-taxable","13":"purchasable","14":"product-type-simple"},"_links":{"self":[{"href":"https:\/\/candeebaar.ee\/fi\/wp-json\/wp\/v2\/product\/8035","targetHints":{"allow":["GET"]}}],"collection":[{"href":"https:\/\/candeebaar.ee\/fi\/wp-json\/wp\/v2\/product"}],"about":[{"href":"https:\/\/candeebaar.ee\/fi\/wp-json\/wp\/v2\/types\/product"}],"version-history":[{"count":1,"href":"https:\/\/candeebaar.ee\/fi\/wp-json\/wp\/v2\/product\/8035\/revisions"}],"predecessor-version":[{"id":8036,"href":"https:\/\/candeebaar.ee\/fi\/wp-json\/wp\/v2\/product\/8035\/revisions\/8036"}],"wp:featuredmedia":[{"embeddable":true,"href":"https:\/\/candeebaar.ee\/fi\/wp-json\/wp\/v2\/media\/7990"}],"wp:attachment":[{"href":"https:\/\/candeebaar.ee\/fi\/wp-json\/wp\/v2\/media?parent=8035"}],"wp:term":[{"taxonomy":"product_brand","embeddable":true,"href":"https:\/\/candeebaar.ee\/fi\/wp-json\/wp\/v2\/product_brand?post=8035"},{"taxonomy":"product_cat","embeddable":true,"href":"https:\/\/candeebaar.ee\/fi\/wp-json\/wp\/v2\/product_cat?post=8035"},{"taxonomy":"product_tag","embeddable":true,"href":"https:\/\/candeebaar.ee\/fi\/wp-json\/wp\/v2\/product_tag?post=8035"}],"curies":[{"name":"wp","href":"https:\/\/api.w.org\/{rel}","templated":true}]}}