{"id":8037,"date":"2024-12-31T20:15:51","date_gmt":"2024-12-31T20:15:51","guid":{"rendered":"https:\/\/storetest.ivi.ee\/product\/sprinkles-happy-santa-mix-45g\/"},"modified":"2025-12-07T21:44:45","modified_gmt":"2025-12-07T19:44:45","slug":"sprinkles-happy-santa-mix-45g","status":"publish","type":"product","link":"https:\/\/candeebaar.ee\/fi\/kauppa\/sprinkles-happy-santa-mix-45g\/","title":{"rendered":"Sprinkleet \u201cHappy Santa Mix\u201d 45g"},"content":{"rendered":"<p>Sprinklej\u00e4 j\u00e4lkiruokien koristeluun. Palloissa on pehme\u00e4 suklaapohja.<br \/>\nPaino: 45g<br \/>\nKoostumus: sokeri, t\u00e4rkkelys (<strong>vehn\u00e4<\/strong>, maissi, riisi), jauhot <strong>vehn\u00e4<\/strong>, vehn\u00e4\u00e4 <strong>gluteenia<\/strong>, kasvi\u00f6ljy (rypsi, kookos), glukoosisiirappi, ryp\u00e4lemehu, maltodekstriini, k\u00e4\u00e4nteissokeri, maltodekstriini, kuiva <strong>maitoa<\/strong>, kaakaovoi, kaakaomassa, v\u00e4riaineet (E100, E102, E110, E129, E132, E133, E160a, E162, E174) V\u00e4riaineet (omenamehutiiviste, mustaherukka, porkkana retiisi, sitruuna, E160c) luonnollinen vanilja-aromi, E99001 , E904, sakeutusaine E406, E414, emulgointiaine (<strong>soija<\/strong>) E473, naudanlihagelatiini, E470b, E553b, suola.<br \/>\nSis\u00e4lt\u00f6 per 100g:<br \/>\nRavintoarvo: 1741kJ\/412kcal<br \/>\nRasvat (tyydyttyneet): 4,5 g (2,5 g)<br \/>\nHiilihydraatit (sokerit): 90,9 g (77,5 g)<br \/>\nProteiinit: 1,2 g<br \/>\nSuola: 0,1 g<\/p>\n<p>Ei sovellu alle 3-vuotiaille lapsille.<br \/>\nValmistaja: Saksa<br \/>\nS\u00e4ilyvyys: tammikuu 2026<\/p>","protected":false},"excerpt":{"rendered":"<p>Sprinklej\u00e4 j\u00e4lkiruokien koristeluun. Palloissa on pehme\u00e4 suklaapohja. Paino: 45g Koostumus: sokeri, t\u00e4rkkelys (vehn\u00e4, maissi, riisi), vehn\u00e4jauho, vehn\u00e4gluteeni, kasvi\u00f6ljy (rypsi, kookos), glukoosisiirappi, viiniryp\u00e4lemehu, maltodekstriini, k\u00e4\u00e4nteissokeri, maltodekstriini, maitojauhe, kaakaovoi, kaakao massa, v\u00e4riaineet (E100, E102, E110, E129, E132, E133, E160a, E162, E174) V\u00e4riaineet (omenatiiviste [\u2026]<\/p>","protected":false},"featured_media":7987,"template":"","meta":{"_seopress_robots_primary_cat":"none","_seopress_titles_title":"","_seopress_titles_desc":"","_seopress_robots_index":""},"product_brand":[],"product_cat":[182,181,15,104],"product_tag":[],"class_list":{"0":"post-8037","1":"product","2":"type-product","3":"status-publish","4":"has-post-thumbnail","6":"product_cat-christmas","7":"product_cat-christmas-new-year","8":"product_cat-all-products","9":"product_cat-sprinkles","11":"first","12":"instock","13":"taxable","14":"shipping-taxable","15":"purchasable","16":"product-type-simple"},"_links":{"self":[{"href":"https:\/\/candeebaar.ee\/fi\/wp-json\/wp\/v2\/product\/8037","targetHints":{"allow":["GET"]}}],"collection":[{"href":"https:\/\/candeebaar.ee\/fi\/wp-json\/wp\/v2\/product"}],"about":[{"href":"https:\/\/candeebaar.ee\/fi\/wp-json\/wp\/v2\/types\/product"}],"version-history":[{"count":1,"href":"https:\/\/candeebaar.ee\/fi\/wp-json\/wp\/v2\/product\/8037\/revisions"}],"predecessor-version":[{"id":8038,"href":"https:\/\/candeebaar.ee\/fi\/wp-json\/wp\/v2\/product\/8037\/revisions\/8038"}],"wp:featuredmedia":[{"embeddable":true,"href":"https:\/\/candeebaar.ee\/fi\/wp-json\/wp\/v2\/media\/7987"}],"wp:attachment":[{"href":"https:\/\/candeebaar.ee\/fi\/wp-json\/wp\/v2\/media?parent=8037"}],"wp:term":[{"taxonomy":"product_brand","embeddable":true,"href":"https:\/\/candeebaar.ee\/fi\/wp-json\/wp\/v2\/product_brand?post=8037"},{"taxonomy":"product_cat","embeddable":true,"href":"https:\/\/candeebaar.ee\/fi\/wp-json\/wp\/v2\/product_cat?post=8037"},{"taxonomy":"product_tag","embeddable":true,"href":"https:\/\/candeebaar.ee\/fi\/wp-json\/wp\/v2\/product_tag?post=8037"}],"curies":[{"name":"wp","href":"https:\/\/api.w.org\/{rel}","templated":true}]}}