{"id":8039,"date":"2024-12-31T20:15:51","date_gmt":"2024-12-31T20:15:51","guid":{"rendered":"https:\/\/storetest.ivi.ee\/product\/topping-first-snow-45g\/"},"modified":"2025-11-11T13:51:48","modified_gmt":"2025-11-11T11:51:48","slug":"ensilunta-45g","status":"publish","type":"product","link":"https:\/\/candeebaar.ee\/fi\/kauppa\/ensilunta-45g\/","title":{"rendered":"T\u00e4yte &quot;First Snow&quot; 45g"},"content":{"rendered":"<p>Sprinklej\u00e4 j\u00e4lkiruokien koristeluun. Palloissa on pehme\u00e4 suklaapohja.<br \/>\nPaino: 45g<br \/>\nKoostumus: sokeri, t\u00e4rkkelys (<strong>vehn\u00e4<\/strong>, maissi, peruna, riisi), <strong>vehn\u00e4<\/strong> jauhot, vehn\u00e4 <strong>maltaat<\/strong>, kasvi\u00f6ljy (rypsi, kookos), palmu\u00f6ljy, glukoosisiirappi, viiniryp\u00e4lemehu, k\u00e4\u00e4nteissokeri, maltodekstriini, kuiva <strong>maitoa<\/strong>, kaakaovoi, kaakaomassa, v\u00e4riaineet (E131, E133, E141, E173, E174) V\u00e4riaineet (omenamehutiiviste, spirulina), luonnollinen vanilja-aromi, E901, E903, E904, sakeuttamisaine E406, E414, emulgointiaine (<strong>soija<\/strong>) E473, naudanlihagelatiini, E553b, suola.<br \/>\nSis\u00e4lt\u00f6 per 100g:<br \/>\nRavintoarvo: 1747kJ\/413kcal<br \/>\nRasvat (tyydyttyneet): 4,7 g (2,7 g)<br \/>\nHiilihydraatit (sokerit): 90,8 g (77,1 g)<br \/>\nProteiinit: 1,1 g<br \/>\nSuola: 0,1 g<\/p>\n<p>Ei sovellu alle 3-vuotiaille lapsille.<br \/>\nValmistaja: Saksa<br \/>\nS\u00e4ilyvyysaika: lokakuu 2027<\/p>","protected":false},"excerpt":{"rendered":"<p>Sprinklej\u00e4 j\u00e4lkiruokien koristeluun. Palloissa on pehme\u00e4 suklaapohja. Paino: 45g Koostumus: sokeri, t\u00e4rkkelys (vehn\u00e4, maissi, peruna, riisi), vehn\u00e4jauho, vehn\u00e4mallas, kasvi\u00f6ljy (rypsi, kookos), palmu\u00f6ljy, glukoosisiirappi, viiniryp\u00e4lemehu, inverttisokeri, maltodekstriini, maitojauhe, kaakao voi, kaakaomassa, v\u00e4riaineet (E131, E133, E141, E173, E174) V\u00e4riaineet (omenamehutiiviste, spirulina), luonnolliset [\u2026]<\/p>","protected":false},"featured_media":7984,"template":"","meta":{"_seopress_robots_primary_cat":"none","_seopress_titles_title":"","_seopress_titles_desc":"","_seopress_robots_index":""},"product_brand":[],"product_cat":[15,104],"product_tag":[],"class_list":{"0":"post-8039","1":"product","2":"type-product","3":"status-publish","4":"has-post-thumbnail","6":"product_cat-all-products","7":"product_cat-sprinkles","9":"first","10":"outofstock","11":"taxable","12":"shipping-taxable","13":"purchasable","14":"product-type-simple"},"_links":{"self":[{"href":"https:\/\/candeebaar.ee\/fi\/wp-json\/wp\/v2\/product\/8039","targetHints":{"allow":["GET"]}}],"collection":[{"href":"https:\/\/candeebaar.ee\/fi\/wp-json\/wp\/v2\/product"}],"about":[{"href":"https:\/\/candeebaar.ee\/fi\/wp-json\/wp\/v2\/types\/product"}],"version-history":[{"count":2,"href":"https:\/\/candeebaar.ee\/fi\/wp-json\/wp\/v2\/product\/8039\/revisions"}],"predecessor-version":[{"id":14184,"href":"https:\/\/candeebaar.ee\/fi\/wp-json\/wp\/v2\/product\/8039\/revisions\/14184"}],"wp:featuredmedia":[{"embeddable":true,"href":"https:\/\/candeebaar.ee\/fi\/wp-json\/wp\/v2\/media\/7984"}],"wp:attachment":[{"href":"https:\/\/candeebaar.ee\/fi\/wp-json\/wp\/v2\/media?parent=8039"}],"wp:term":[{"taxonomy":"product_brand","embeddable":true,"href":"https:\/\/candeebaar.ee\/fi\/wp-json\/wp\/v2\/product_brand?post=8039"},{"taxonomy":"product_cat","embeddable":true,"href":"https:\/\/candeebaar.ee\/fi\/wp-json\/wp\/v2\/product_cat?post=8039"},{"taxonomy":"product_tag","embeddable":true,"href":"https:\/\/candeebaar.ee\/fi\/wp-json\/wp\/v2\/product_tag?post=8039"}],"curies":[{"name":"wp","href":"https:\/\/api.w.org\/{rel}","templated":true}]}}