{"id":8041,"date":"2024-12-31T20:15:51","date_gmt":"2024-12-31T20:15:51","guid":{"rendered":"https:\/\/storetest.ivi.ee\/product\/coffee-cup-300-380ml-with-lid-25pcs\/"},"modified":"2026-04-06T21:43:42","modified_gmt":"2026-04-06T19:43:42","slug":"kahvikuppi-300-380ml-kannella-25kpl","status":"publish","type":"product","link":"https:\/\/candeebaar.ee\/fi\/kauppa\/kahvikuppi-300-380ml-kannella-25kpl\/","title":{"rendered":"Kahvikuppi 300-380ml kannella 25kpl"},"content":{"rendered":"<p>Kuppi kuumille juomille kaksisein\u00e4isell\u00e4. Sis\u00e4lt\u00e4\u00e4 muovisen kannen juomarei\u00e4ll\u00e4.<br \/>\nKoko: 100*90mm<br \/>\nMateriaali: pahvi<br \/>\nV\u00e4ri: kraft<br \/>\nTilavuus: 300-380ml<\/p>","protected":false},"excerpt":{"rendered":"<p>Kuppi kuumille juomille kaksisein\u00e4isell\u00e4. Sis\u00e4lt\u00e4\u00e4 muovisen kannen juomarei\u00e4ll\u00e4. Koko: 100*90mm Materiaali: pahvi V\u00e4ri: kraft Tilavuus: 300-380ml<\/p>","protected":false},"featured_media":8043,"template":"","meta":{"_seopress_robots_primary_cat":"","_seopress_titles_title":"","_seopress_titles_desc":"","_seopress_robots_index":""},"product_brand":[],"product_cat":[15,90,106],"product_tag":[],"class_list":{"0":"post-8041","1":"product","2":"type-product","3":"status-publish","4":"has-post-thumbnail","6":"product_cat-all-products","7":"product_cat-paper-cups-and-tulips","8":"product_cat-new","10":"first","11":"instock","12":"taxable","13":"shipping-taxable","14":"purchasable","15":"product-type-simple"},"_links":{"self":[{"href":"https:\/\/candeebaar.ee\/fi\/wp-json\/wp\/v2\/product\/8041","targetHints":{"allow":["GET"]}}],"collection":[{"href":"https:\/\/candeebaar.ee\/fi\/wp-json\/wp\/v2\/product"}],"about":[{"href":"https:\/\/candeebaar.ee\/fi\/wp-json\/wp\/v2\/types\/product"}],"version-history":[{"count":1,"href":"https:\/\/candeebaar.ee\/fi\/wp-json\/wp\/v2\/product\/8041\/revisions"}],"predecessor-version":[{"id":8042,"href":"https:\/\/candeebaar.ee\/fi\/wp-json\/wp\/v2\/product\/8041\/revisions\/8042"}],"wp:featuredmedia":[{"embeddable":true,"href":"https:\/\/candeebaar.ee\/fi\/wp-json\/wp\/v2\/media\/8043"}],"wp:attachment":[{"href":"https:\/\/candeebaar.ee\/fi\/wp-json\/wp\/v2\/media?parent=8041"}],"wp:term":[{"taxonomy":"product_brand","embeddable":true,"href":"https:\/\/candeebaar.ee\/fi\/wp-json\/wp\/v2\/product_brand?post=8041"},{"taxonomy":"product_cat","embeddable":true,"href":"https:\/\/candeebaar.ee\/fi\/wp-json\/wp\/v2\/product_cat?post=8041"},{"taxonomy":"product_tag","embeddable":true,"href":"https:\/\/candeebaar.ee\/fi\/wp-json\/wp\/v2\/product_tag?post=8041"}],"curies":[{"name":"wp","href":"https:\/\/api.w.org\/{rel}","templated":true}]}}