{"id":8053,"date":"2024-12-31T20:15:55","date_gmt":"2024-12-31T20:15:55","guid":{"rendered":"https:\/\/storetest.ivi.ee\/product\/chili-threads-20g\/"},"modified":"2025-03-02T11:14:42","modified_gmt":"2025-03-02T09:14:42","slug":"chililangat-20g","status":"publish","type":"product","link":"https:\/\/candeebaar.ee\/fi\/kauppa\/chililangat-20g\/","title":{"rendered":"Chililangat 20g"},"content":{"rendered":"<p>Ohuet langat (alle 1 mm) chili\u00e4, k\u00e4ytett\u00e4v\u00e4ksi ruoanlaitossa ja makeisissa.<br \/>\nKoostumus: chili (kuivattu)<br \/>\nAlkuper\u00e4: Kiina<br \/>\nPaino: 20g<\/p>","protected":false},"excerpt":{"rendered":"<p>Ohuet langat (alle 1 mm) chili\u00e4, k\u00e4ytett\u00e4v\u00e4ksi ruoanlaitossa ja makeisissa. Koostumus: chili (kuivattu) Alkuper\u00e4: Kiina Paino: 20g<\/p>","protected":false},"featured_media":8055,"template":"","meta":{"_seopress_robots_primary_cat":"","_seopress_titles_title":"","_seopress_titles_desc":"","_seopress_robots_index":""},"product_brand":[],"product_cat":[98],"product_tag":[],"class_list":{"0":"post-8053","1":"product","2":"type-product","3":"status-publish","4":"has-post-thumbnail","6":"product_cat-dry-and-sublimated-products","8":"first","9":"outofstock","10":"taxable","11":"shipping-taxable","12":"purchasable","13":"product-type-simple"},"_links":{"self":[{"href":"https:\/\/candeebaar.ee\/fi\/wp-json\/wp\/v2\/product\/8053","targetHints":{"allow":["GET"]}}],"collection":[{"href":"https:\/\/candeebaar.ee\/fi\/wp-json\/wp\/v2\/product"}],"about":[{"href":"https:\/\/candeebaar.ee\/fi\/wp-json\/wp\/v2\/types\/product"}],"version-history":[{"count":1,"href":"https:\/\/candeebaar.ee\/fi\/wp-json\/wp\/v2\/product\/8053\/revisions"}],"predecessor-version":[{"id":8054,"href":"https:\/\/candeebaar.ee\/fi\/wp-json\/wp\/v2\/product\/8053\/revisions\/8054"}],"wp:featuredmedia":[{"embeddable":true,"href":"https:\/\/candeebaar.ee\/fi\/wp-json\/wp\/v2\/media\/8055"}],"wp:attachment":[{"href":"https:\/\/candeebaar.ee\/fi\/wp-json\/wp\/v2\/media?parent=8053"}],"wp:term":[{"taxonomy":"product_brand","embeddable":true,"href":"https:\/\/candeebaar.ee\/fi\/wp-json\/wp\/v2\/product_brand?post=8053"},{"taxonomy":"product_cat","embeddable":true,"href":"https:\/\/candeebaar.ee\/fi\/wp-json\/wp\/v2\/product_cat?post=8053"},{"taxonomy":"product_tag","embeddable":true,"href":"https:\/\/candeebaar.ee\/fi\/wp-json\/wp\/v2\/product_tag?post=8053"}],"curies":[{"name":"wp","href":"https:\/\/api.w.org\/{rel}","templated":true}]}}