{"id":8062,"date":"2024-12-31T20:15:55","date_gmt":"2024-12-31T20:15:55","guid":{"rendered":"https:\/\/storetest.ivi.ee\/product\/shelled-pistachios-100g\/"},"modified":"2026-04-08T06:49:55","modified_gmt":"2026-04-08T04:49:55","slug":"kuorittuja-pistaasipahkinoita-100-g","status":"publish","type":"product","link":"https:\/\/candeebaar.ee\/fi\/kauppa\/kuorittuja-pistaasipahkinoita-100-g\/","title":{"rendered":"Kuoritut pistaasip\u00e4hkin\u00e4t 100 g"},"content":{"rendered":"<p>Raakoja, suolaamattomia pistaasip\u00e4hkin\u00f6it\u00e4.<br \/>\nLuonnollinen terveellinen tuote, joka soveltuu erilaisiin k\u00e4ytt\u00f6tarkoituksiin.<br \/>\nKoostumus: pistaasip\u00e4hkin\u00e4 100%<br \/>\nPaino: 100g<br \/>\nSis\u00e4lt\u00f6 per 100g:<br \/>\nRavintoarvo: 2576kJ\/621kcal<br \/>\nRasvat (tyydyttyneet): 48,5 g (6 g)<br \/>\nHiilihydraatit (sokerit): 18,9 g (16,4 g)<br \/>\nProteiinia: 24,2 g<br \/>\nSuola: 0,02 g (pitoisuus voi vaihdella hieman)<br \/>\nAlkuper\u00e4: USA<br \/>\nS\u00e4ilyvyys: 31.08.2026<\/p>","protected":false},"excerpt":{"rendered":"<p>Raakoja, suolattomia pistaasip\u00e4hkin\u00f6it\u00e4. Luonnollinen terveellinen tuote, joka soveltuu erilaisiin k\u00e4ytt\u00f6tarkoituksiin. Koostumus: pistaasip\u00e4hkin\u00e4 100% Paino: 100g Sis\u00e4lt\u00f6 per 100g: Ravintoarvo: 2576kJ\/621kcal Rasvat (tyydyttyneet): 48.5g (6g) Hiilihydraatit (sokerit): 18.9g (16.4g) Suola :24 voi vaihdella hieman) Alkuper\u00e4: USA S\u00e4ilyvyys: 31.08.2026<\/p>","protected":false},"featured_media":8064,"template":"","meta":{"_seopress_robots_primary_cat":"none","_seopress_titles_title":"","_seopress_titles_desc":"","_seopress_robots_index":""},"product_brand":[],"product_cat":[182,181,15,101],"product_tag":[],"class_list":{"0":"post-8062","1":"product","2":"type-product","3":"status-publish","4":"has-post-thumbnail","6":"product_cat-christmas","7":"product_cat-christmas-new-year","8":"product_cat-all-products","9":"product_cat-nut-products","11":"first","12":"instock","13":"taxable","14":"shipping-taxable","15":"purchasable","16":"product-type-simple"},"_links":{"self":[{"href":"https:\/\/candeebaar.ee\/fi\/wp-json\/wp\/v2\/product\/8062","targetHints":{"allow":["GET"]}}],"collection":[{"href":"https:\/\/candeebaar.ee\/fi\/wp-json\/wp\/v2\/product"}],"about":[{"href":"https:\/\/candeebaar.ee\/fi\/wp-json\/wp\/v2\/types\/product"}],"version-history":[{"count":1,"href":"https:\/\/candeebaar.ee\/fi\/wp-json\/wp\/v2\/product\/8062\/revisions"}],"predecessor-version":[{"id":8063,"href":"https:\/\/candeebaar.ee\/fi\/wp-json\/wp\/v2\/product\/8062\/revisions\/8063"}],"wp:featuredmedia":[{"embeddable":true,"href":"https:\/\/candeebaar.ee\/fi\/wp-json\/wp\/v2\/media\/8064"}],"wp:attachment":[{"href":"https:\/\/candeebaar.ee\/fi\/wp-json\/wp\/v2\/media?parent=8062"}],"wp:term":[{"taxonomy":"product_brand","embeddable":true,"href":"https:\/\/candeebaar.ee\/fi\/wp-json\/wp\/v2\/product_brand?post=8062"},{"taxonomy":"product_cat","embeddable":true,"href":"https:\/\/candeebaar.ee\/fi\/wp-json\/wp\/v2\/product_cat?post=8062"},{"taxonomy":"product_tag","embeddable":true,"href":"https:\/\/candeebaar.ee\/fi\/wp-json\/wp\/v2\/product_tag?post=8062"}],"curies":[{"name":"wp","href":"https:\/\/api.w.org\/{rel}","templated":true}]}}