{"id":9661,"date":"2025-01-08T11:11:17","date_gmt":"2025-01-08T09:11:17","guid":{"rendered":"https:\/\/candeebaar.ee\/?post_type=product&#038;p=9661"},"modified":"2026-03-23T12:12:12","modified_gmt":"2026-03-23T10:12:12","slug":"teflon-suojamatto-2727cm","status":"publish","type":"product","link":"https:\/\/candeebaar.ee\/fi\/kauppa\/teflon-suojamatto-2727cm\/","title":{"rendered":"Teflon suojamatto 27*27cm"},"content":{"rendered":"<p>Helposti puhdistettava, rasvaa ja liesi\u00e4 suojaava matto.<br \/>\nAsenna se vain polttimen alle pit\u00e4\u00e4ksesi ty\u00f6alueesi siistin\u00e4.<br \/>\nPest\u00e4v\u00e4 vedell\u00e4 ja astianpesuaineella.<br \/>\nMateriaali: teflon<br \/>\nKoko: 27*27cm<br \/>\nAukon koko: 9*9cm (s\u00e4\u00e4dett\u00e4v\u00e4)<\/p>","protected":false},"excerpt":{"rendered":"<p>Helposti puhdistettava, rasvaa ja liesi\u00e4 suojaava matto. Asenna se vain polttimen alle pit\u00e4\u00e4ksesi ty\u00f6alueesi siistin\u00e4. Pest\u00e4v\u00e4 vedell\u00e4 ja astianpesuaineella. Materiaali: teflon Koko: 27*27cm Aukon koko: 9*9cm (s\u00e4\u00e4dett\u00e4v\u00e4)<\/p>","protected":false},"featured_media":9664,"template":"","meta":{"_seopress_robots_primary_cat":"none","_seopress_titles_title":"","_seopress_titles_desc":"","_seopress_robots_index":""},"product_brand":[],"product_cat":[15,84,106],"product_tag":[],"class_list":{"0":"post-9661","1":"product","2":"type-product","3":"status-publish","4":"has-post-thumbnail","6":"product_cat-all-products","7":"product_cat-tools","8":"product_cat-new","10":"first","11":"instock","12":"taxable","13":"shipping-taxable","14":"purchasable","15":"product-type-simple"},"_links":{"self":[{"href":"https:\/\/candeebaar.ee\/fi\/wp-json\/wp\/v2\/product\/9661","targetHints":{"allow":["GET"]}}],"collection":[{"href":"https:\/\/candeebaar.ee\/fi\/wp-json\/wp\/v2\/product"}],"about":[{"href":"https:\/\/candeebaar.ee\/fi\/wp-json\/wp\/v2\/types\/product"}],"version-history":[{"count":1,"href":"https:\/\/candeebaar.ee\/fi\/wp-json\/wp\/v2\/product\/9661\/revisions"}],"predecessor-version":[{"id":9665,"href":"https:\/\/candeebaar.ee\/fi\/wp-json\/wp\/v2\/product\/9661\/revisions\/9665"}],"wp:featuredmedia":[{"embeddable":true,"href":"https:\/\/candeebaar.ee\/fi\/wp-json\/wp\/v2\/media\/9664"}],"wp:attachment":[{"href":"https:\/\/candeebaar.ee\/fi\/wp-json\/wp\/v2\/media?parent=9661"}],"wp:term":[{"taxonomy":"product_brand","embeddable":true,"href":"https:\/\/candeebaar.ee\/fi\/wp-json\/wp\/v2\/product_brand?post=9661"},{"taxonomy":"product_cat","embeddable":true,"href":"https:\/\/candeebaar.ee\/fi\/wp-json\/wp\/v2\/product_cat?post=9661"},{"taxonomy":"product_tag","embeddable":true,"href":"https:\/\/candeebaar.ee\/fi\/wp-json\/wp\/v2\/product_tag?post=9661"}],"curies":[{"name":"wp","href":"https:\/\/api.w.org\/{rel}","templated":true}]}}