{"id":9833,"date":"2025-01-16T08:34:46","date_gmt":"2025-01-16T06:34:46","guid":{"rendered":"https:\/\/candeebaar.ee\/?post_type=product&#038;p=9833"},"modified":"2026-03-30T15:44:29","modified_gmt":"2026-03-30T13:44:29","slug":"karkkimuotti-sydamet-2111cm","status":"publish","type":"product","link":"https:\/\/candeebaar.ee\/fi\/kauppa\/karkkimuotti-sydamet-2111cm\/","title":{"rendered":"Karkkimuotti &quot;Hearts&quot; 21*11cm"},"content":{"rendered":"<p>Silikonimuotti suklaakarkeille.<br \/>\nKoko: 210*105*15mm<br \/>\nYhden karkin koko: 30 * 20 * 15 mm<br \/>\nK\u00e4ytt\u00f6l\u00e4mp\u00f6tila: -40\u00b0C - +230\u00b0C<\/p>","protected":false},"excerpt":{"rendered":"<p>Silikonimuotti suklaakarkeille. Koko: 210*105*15mm Yksitt\u00e4isen karkin koko: 30*20*15mm K\u00e4ytt\u00f6l\u00e4mp\u00f6tila: -40\u00b0C - +230\u00b0C<\/p>","protected":false},"featured_media":9881,"template":"","meta":{"_seopress_robots_primary_cat":"none","_seopress_titles_title":"","_seopress_titles_desc":"","_seopress_robots_index":""},"product_brand":[],"product_cat":[183,15,82,127],"product_tag":[],"class_list":{"0":"post-9833","1":"product","2":"type-product","3":"status-publish","4":"has-post-thumbnail","6":"product_cat-valentines-day","7":"product_cat-all-products","8":"product_cat-chocolate-molds","9":"product_cat-ornament","11":"first","12":"outofstock","13":"taxable","14":"shipping-taxable","15":"purchasable","16":"product-type-simple"},"_links":{"self":[{"href":"https:\/\/candeebaar.ee\/fi\/wp-json\/wp\/v2\/product\/9833","targetHints":{"allow":["GET"]}}],"collection":[{"href":"https:\/\/candeebaar.ee\/fi\/wp-json\/wp\/v2\/product"}],"about":[{"href":"https:\/\/candeebaar.ee\/fi\/wp-json\/wp\/v2\/types\/product"}],"version-history":[{"count":2,"href":"https:\/\/candeebaar.ee\/fi\/wp-json\/wp\/v2\/product\/9833\/revisions"}],"predecessor-version":[{"id":9892,"href":"https:\/\/candeebaar.ee\/fi\/wp-json\/wp\/v2\/product\/9833\/revisions\/9892"}],"wp:featuredmedia":[{"embeddable":true,"href":"https:\/\/candeebaar.ee\/fi\/wp-json\/wp\/v2\/media\/9881"}],"wp:attachment":[{"href":"https:\/\/candeebaar.ee\/fi\/wp-json\/wp\/v2\/media?parent=9833"}],"wp:term":[{"taxonomy":"product_brand","embeddable":true,"href":"https:\/\/candeebaar.ee\/fi\/wp-json\/wp\/v2\/product_brand?post=9833"},{"taxonomy":"product_cat","embeddable":true,"href":"https:\/\/candeebaar.ee\/fi\/wp-json\/wp\/v2\/product_cat?post=9833"},{"taxonomy":"product_tag","embeddable":true,"href":"https:\/\/candeebaar.ee\/fi\/wp-json\/wp\/v2\/product_tag?post=9833"}],"curies":[{"name":"wp","href":"https:\/\/api.w.org\/{rel}","templated":true}]}}