{"id":9888,"date":"2025-01-16T09:18:31","date_gmt":"2025-01-16T07:18:31","guid":{"rendered":"https:\/\/candeebaar.ee\/?post_type=product&#038;p=9888"},"modified":"2025-04-21T09:18:24","modified_gmt":"2025-04-21T07:18:24","slug":"silikonimuotti-6-sydanta-2217cm","status":"publish","type":"product","link":"https:\/\/candeebaar.ee\/fi\/kauppa\/silikonimuotti-6-sydanta-2217cm\/","title":{"rendered":"Silikonimuotti \u201c6 Hearts\u201d 22*17cm"},"content":{"rendered":"<p>Silikonimuotti sopii useimpiin j\u00e4lkiruokiin.<br \/>\nYhden syd\u00e4men koko: 65*65*20mm<br \/>\nT\u00e4ysi koko: 22*17mm<br \/>\nK\u00e4ytt\u00f6l\u00e4mp\u00f6tila: -40\u00b0C - +230\u00b0C<\/p>","protected":false},"excerpt":{"rendered":"<p>Silikonimuotti sopii useimpiin j\u00e4lkiruokiin. Yhden syd\u00e4men koko: 65*65*20mm T\u00e4ysi koko: 22*17mm K\u00e4ytt\u00f6l\u00e4mp\u00f6tila: -40\u00b0C - +230\u00b0C<\/p>","protected":false},"featured_media":9893,"template":"","meta":{"_seopress_robots_primary_cat":"","_seopress_titles_title":"","_seopress_titles_desc":"","_seopress_robots_index":""},"product_brand":[],"product_cat":[15,127,109,106],"product_tag":[],"class_list":{"0":"post-9888","1":"product","2":"type-product","3":"status-publish","4":"has-post-thumbnail","6":"product_cat-all-products","7":"product_cat-ornament","8":"product_cat-sale","9":"product_cat-new","11":"first","12":"outofstock","13":"sale","14":"taxable","15":"shipping-taxable","16":"purchasable","17":"product-type-simple"},"_links":{"self":[{"href":"https:\/\/candeebaar.ee\/fi\/wp-json\/wp\/v2\/product\/9888","targetHints":{"allow":["GET"]}}],"collection":[{"href":"https:\/\/candeebaar.ee\/fi\/wp-json\/wp\/v2\/product"}],"about":[{"href":"https:\/\/candeebaar.ee\/fi\/wp-json\/wp\/v2\/types\/product"}],"version-history":[{"count":1,"href":"https:\/\/candeebaar.ee\/fi\/wp-json\/wp\/v2\/product\/9888\/revisions"}],"predecessor-version":[{"id":9894,"href":"https:\/\/candeebaar.ee\/fi\/wp-json\/wp\/v2\/product\/9888\/revisions\/9894"}],"wp:featuredmedia":[{"embeddable":true,"href":"https:\/\/candeebaar.ee\/fi\/wp-json\/wp\/v2\/media\/9893"}],"wp:attachment":[{"href":"https:\/\/candeebaar.ee\/fi\/wp-json\/wp\/v2\/media?parent=9888"}],"wp:term":[{"taxonomy":"product_brand","embeddable":true,"href":"https:\/\/candeebaar.ee\/fi\/wp-json\/wp\/v2\/product_brand?post=9888"},{"taxonomy":"product_cat","embeddable":true,"href":"https:\/\/candeebaar.ee\/fi\/wp-json\/wp\/v2\/product_cat?post=9888"},{"taxonomy":"product_tag","embeddable":true,"href":"https:\/\/candeebaar.ee\/fi\/wp-json\/wp\/v2\/product_tag?post=9888"}],"curies":[{"name":"wp","href":"https:\/\/api.w.org\/{rel}","templated":true}]}}