{"id":9996,"date":"2024-12-31T16:52:58","date_gmt":"2024-12-31T14:52:58","guid":{"rendered":"https:\/\/candeebaar.ee\/?post_type=product&#038;p=9996"},"modified":"2026-03-03T22:01:47","modified_gmt":"2026-03-03T20:01:47","slug":"peilipallot-xl","status":"publish","type":"product","link":"https:\/\/candeebaar.ee\/fi\/kauppa\/peilipallot-xl\/","title":{"rendered":"T\u00e4yte &quot;Mirror Balls XL&quot; 45g"},"content":{"rendered":"<p>Sprinklej\u00e4 j\u00e4lkiruokien koristeluun. Pallot ovat eritt\u00e4in suuria, halkaisijaltaan 17 mm, niiss\u00e4 on pehme\u00e4 riisipohja ja suklaa.<br \/>\nPaino: 45g<br \/>\n<b>Ainesosat<\/b> : sokeri, maitosuklaa (30.6%) (sokeri, t\u00e4ysmaitojauhe, kaakaovoi, kaakaomassa, soijalesitiini, luonnollinen vanilja-aromi), rapea keskiosa (11%) (riisijauho, vehn\u00e4jauho, sokeri, gluteeni, suola), stabilointiaine: arabikumi, kaakaovoi, v\u00e4ri: E17 wahax, carna.<br \/>\nSis\u00e4lt\u00f6 per 100g:<br \/>\nRavintoarvo: 1627kJ\/389kcal<br \/>\nRasvat (tyydyttyneet): 17,2 g (10,5 g)<br \/>\nHiilihydraatit (sokerit): 73,7 g (65,1 g)<br \/>\nProteiinit: 4,4 g<br \/>\nSuola: 0,1 g<\/p>\n<p>Ei sovellu alle 3-vuotiaille lapsille.<br \/>\nValmistaja: Saksa<br \/>\nS\u00e4ilyvyysaika: lokakuu 2027<\/p>","protected":false},"excerpt":{"rendered":"<p>Sprinklej\u00e4 j\u00e4lkiruokien koristeluun. Pallot ovat eritt\u00e4in suuria, halkaisijaltaan 17 mm, niiss\u00e4 on pehme\u00e4 riisipohja ja suklaa. Massa: 45g Ainesosat : sokeri, maitosuklaa (30.6%) (sokeri, t\u00e4ysmaitojauhe, kaakaovoi, kaakaomassa, soijalesitiini, luonnollinen vanilja-aromi), rapea keskiosa (11%) (riisijauho, vehn\u00e4jauho, sokeri, gluteeni, suola), stabilointiaine: kookumi arabikumi<\/p>","protected":false},"featured_media":9998,"template":"","meta":{"_seopress_robots_primary_cat":"none","_seopress_titles_title":"","_seopress_titles_desc":"","_seopress_robots_index":""},"product_brand":[],"product_cat":[182,181,180,15,104],"product_tag":[],"class_list":{"0":"post-9996","1":"product","2":"type-product","3":"status-publish","4":"has-post-thumbnail","6":"product_cat-christmas","7":"product_cat-christmas-new-year","8":"product_cat-wedding-products","9":"product_cat-all-products","10":"product_cat-sprinkles","12":"first","13":"instock","14":"taxable","15":"shipping-taxable","16":"purchasable","17":"product-type-simple"},"_links":{"self":[{"href":"https:\/\/candeebaar.ee\/fi\/wp-json\/wp\/v2\/product\/9996","targetHints":{"allow":["GET"]}}],"collection":[{"href":"https:\/\/candeebaar.ee\/fi\/wp-json\/wp\/v2\/product"}],"about":[{"href":"https:\/\/candeebaar.ee\/fi\/wp-json\/wp\/v2\/types\/product"}],"version-history":[{"count":2,"href":"https:\/\/candeebaar.ee\/fi\/wp-json\/wp\/v2\/product\/9996\/revisions"}],"predecessor-version":[{"id":14185,"href":"https:\/\/candeebaar.ee\/fi\/wp-json\/wp\/v2\/product\/9996\/revisions\/14185"}],"wp:featuredmedia":[{"embeddable":true,"href":"https:\/\/candeebaar.ee\/fi\/wp-json\/wp\/v2\/media\/9998"}],"wp:attachment":[{"href":"https:\/\/candeebaar.ee\/fi\/wp-json\/wp\/v2\/media?parent=9996"}],"wp:term":[{"taxonomy":"product_brand","embeddable":true,"href":"https:\/\/candeebaar.ee\/fi\/wp-json\/wp\/v2\/product_brand?post=9996"},{"taxonomy":"product_cat","embeddable":true,"href":"https:\/\/candeebaar.ee\/fi\/wp-json\/wp\/v2\/product_cat?post=9996"},{"taxonomy":"product_tag","embeddable":true,"href":"https:\/\/candeebaar.ee\/fi\/wp-json\/wp\/v2\/product_tag?post=9996"}],"curies":[{"name":"wp","href":"https:\/\/api.w.org\/{rel}","templated":true}]}}