{"id":3465,"date":"2022-02-23T05:55:50","date_gmt":"2022-02-23T05:55:50","guid":{"rendered":"https:\/\/themepanthers.com\/wp\/nest\/d1\/?page_id=3"},"modified":"2025-01-04T13:49:19","modified_gmt":"2025-01-04T11:49:19","slug":"privatuma-politika","status":"publish","type":"page","link":"https:\/\/candeebaar.ee\/lv\/privatuma-politika\/","title":{"rendered":"Priv\u0101tuma politika"},"content":{"rendered":"<div data-elementor-type=\"wp-page\" data-elementor-id=\"3465\" class=\"elementor elementor-3465\">\n\t\t\t\t\t\t<section class=\"elementor-section elementor-top-section elementor-element elementor-element-66c08da elementor-section-boxed elementor-section-height-default elementor-section-height-default\" data-id=\"66c08da\" data-element_type=\"section\">\n\t\t\t\t\t\t<div class=\"elementor-container elementor-column-gap-default\">\n\t\t\t\t\t<div class=\"elementor-column elementor-col-100 elementor-top-column elementor-element elementor-element-19a91c7d\" data-id=\"19a91c7d\" data-element_type=\"column\">\n\t\t\t<div class=\"elementor-widget-wrap elementor-element-populated\">\n\t\t\t\t\t\t<div class=\"elementor-element elementor-element-2ce556e elementor-widget elementor-widget-nest-title-v1\" data-id=\"2ce556e\" data-element_type=\"widget\" data-widget_type=\"nest-title-v1.default\">\n\t\t\t\t<div class=\"elementor-widget-container\">\n\t\t\t\t\t        <div class=\"section_title type_one\">\r\n                                        <div class=\"title_whole\">\r\n                    <div class=\"title\"> Priv\u0101tuma politika  <\/div>\r\n                                    <\/div>\r\n                                <\/div>\r\n    \t\t\t\t<\/div>\n\t\t\t\t<\/div>\n\t\t\t\t<div class=\"elementor-element elementor-element-1e8b0d67 elementor-widget elementor-widget-text-editor\" data-id=\"1e8b0d67\" data-element_type=\"widget\" data-widget_type=\"text-editor.default\">\n\t\t\t\t<div class=\"elementor-widget-container\">\n\t\t\t\t\t\t\t\t\t<h2>Cane Candy O\u00dc<\/h2>\n<p>REG NR: 14830716<br \/>Mere 2 M2 (14), Sillam\u00e4e Ida-Virumaa, 40231<br \/>+372 56824471 candeebaar@gmail.com<\/p>\n<p>\u00a0<\/p>\n<h2>\u0122ener\u0101lis<\/h2>\n<p>Veicot pas\u016bt\u012bjumu, klients piekr\u012bt sekojo\u0161iem punktiem un garant\u0113 no savas puses savlaic\u012bgu maks\u0101jumu un pas\u016bt\u012bjuma noform\u0113\u0161anai nepiecie\u0161amo kontaktinform\u0101ciju precizit\u0101ti.<br \/>Veicot pas\u016bt\u012bjumu, izmantojot pasta iek\u0101rtu, klients var nor\u0101d\u012bt tikai t\u0101lru\u0146a numuru un e-pasta adresi. P\u0101r\u0113jie dati ne vienm\u0113r ir nepiecie\u0161ami, ta\u010du v\u0113lams tos nor\u0101d\u012bt, lai atvieglotu darbu, nos\u016btot pas\u016bt\u012bjumu.<\/p>\n<h2>K\u0101dus datus m\u0113s apkopojam un glab\u0101jam<\/h2>\n<p>Kad j\u016bs apmekl\u0113jat m\u016bsu vietni, m\u0113s saglab\u0101jam \u0161\u0101du inform\u0101ciju par jums:<\/p>\n<ul>\n<li>Vienumi, kurus esat skat\u012bjis: m\u0113s saglab\u0101jam \u0161o inform\u0101ciju, lai par\u0101d\u012btu jums nesen skat\u012btos vienumus.<\/li>\n<li>Atra\u0161an\u0101s vieta, IP adrese un p\u0101rl\u016bkprogrammas veids: m\u0113s izmantojam \u0161o inform\u0101ciju, lai apr\u0113\u0137in\u0101tu un iekas\u0113tu pieg\u0101di<\/li>\n<li>Pieg\u0101des adrese: m\u0113s l\u016bdzam j\u016bs nor\u0101d\u012bt \u0161o adresi, lai, cita starp\u0101, pirms pas\u016bt\u012bjuma veik\u0161anas apr\u0113\u0137in\u0101tu pieg\u0101des izmaksas un nos\u016bt\u012btu jums pas\u016bt\u012bt\u0101s preces.<\/li>\n<\/ul>\n<p>M\u0113s ar\u012b izmantojam s\u012bkfailus, lai redz\u0113tu, ko pievienojat savam iepirkumu grozam, k\u0101 ar\u012b j\u016bsu atra\u0161an\u0101s vietu un citus datus, kam\u0113r atrodaties m\u016bsu vietn\u0113. \u0160os datus var izmantot visp\u0101r\u0113j\u0101s klientu uzved\u012bbas anal\u012bzei un statistikai, ta\u010du tie nav v\u0113rsti uz konkr\u0113t\u0101m person\u0101m.<\/p>\n<p>Ja v\u0113laties ieg\u0101d\u0101ties no mums, jums b\u016bs j\u0101nor\u0101da inform\u0101cija, tostarp j\u016bsu v\u0101rds, nor\u0113\u0137inu adrese, pieg\u0101des adrese, e-pasta adrese, t\u0101lru\u0146a numurs. M\u0113s izmantojam \u0161o inform\u0101ciju \u0161\u0101diem m\u0113r\u0137iem:<\/p>\n<ul>\n<li>nos\u016btot jums inform\u0101ciju par j\u016bsu kontu un pas\u016bt\u012bjumu;<\/li>\n<li>atbild\u0113t uz j\u016bsu jaut\u0101jumiem, tostarp atmaksas piepras\u012bjumiem un pretenzij\u0101m;<\/li>\n<li>maks\u0101jumu apstr\u0101de un kr\u0101p\u0161anas apkaro\u0161ana;<\/li>\n<li>ties\u012bbu aktu pras\u012bbu iev\u0113ro\u0161ana (piem\u0113ram, nodok\u013cu apr\u0113\u0137in\u0101\u0161ana);<\/li>\n<li>m\u016bsu veikala sortimenta uzlabo\u0161ana;<\/li>\n<li>nos\u016btot jums rekl\u0101mas pazi\u0146ojumus (ja piekr\u012btat to sa\u0146em\u0161anai).<\/li>\n<\/ul>\n<p>Ja izveidojat kontu, m\u0113s saglab\u0101sim j\u016bsu v\u0101rdu, adresi, e-pasta adresi un t\u0101lru\u0146a numuru, lai m\u0113s var\u0113tu autom\u0101tiski aizpild\u012bt veidlapu, kad turpm\u0101k veiksiet pas\u016bt\u012bjumus.<br \/>M\u0113s parasti saglab\u0101jam inform\u0101ciju par jums tik ilgi, cik tas ir nepiecie\u0161ams m\u0113r\u0137iem, k\u0101diem m\u0113s to v\u0101cam un izmantojam. Iz\u0146\u0113mums ir gad\u012bjumi, kad mums ir j\u0101turpina \u0161\u012bs inform\u0101cijas glab\u0101\u0161ana juridisku pras\u012bbu d\u0113\u013c. T\u0101d\u0113j\u0101di inform\u0101cija par pas\u016bt\u012bjumu tiek glab\u0101ta pie mums saska\u0146\u0101 ar nodok\u013cu un gr\u0101matved\u012bbas noteikumiem. \u0160\u012b inform\u0101cija ietver j\u016bsu v\u0101rdu, e-pasta adresi, nor\u0113\u0137inu adresi un pieg\u0101des adresi.<\/p>\n<p>\u00a0<\/p>\n<p>\u00a0<\/p>\n<h2>Kuriem m\u016bsu komandas locek\u013ciem ir piek\u013cuve<\/h2>\n<p>M\u016bsu komandas locek\u013ciem ir piek\u013cuve inform\u0101cijai, ko j\u016bs mums sniedzat. T\u0101tad gan administratoram, gan veikala darbiniekiem ir piek\u013cuve \u0161\u0101diem datiem:<\/p>\n<ul>\n<li>Pas\u016bt\u012bjuma inform\u0101cija: ieg\u0101d\u0101t\u0101s preces nosaukums, pirkuma laiks un pieg\u0101des adrese un<\/li>\n<li>Pirc\u0113ja inform\u0101cija, kas ietver j\u016bsu v\u0101rdu, e-pasta adresi, t\u0101lru\u0146a numuru, maks\u0101juma inform\u0101ciju un pieg\u0101des inform\u0101ciju.<\/li>\n<\/ul>\n<p>M\u016bsu komandai ir nepiecie\u0161ama piek\u013cuve \u0161ai inform\u0101cijai, lai izpild\u012btu pas\u016bt\u012bjumus, atmaks\u0101tu l\u012bdzek\u013cus un sniegtu jums atbalsta pakalpojumus.<\/p>\n<p>\u00a0<\/p>\n<h2>K\u0101du inform\u0101ciju m\u0113s kop\u012bgojam ar tre\u0161aj\u0101m person\u0101m<\/h2>\n<p>M\u0113s dal\u0101mies inform\u0101cij\u0101 ar saviem partneriem, kuri pal\u012bdz mums izpild\u012bt j\u016bsu pas\u016bt\u012bjumus un sniedz pakalpojumus pre\u010du p\u0101rdo\u0161anai.<\/p>\n<p>Starp tiem:<\/p>\n<p>\u00a0<\/p>\n<p><strong>\u201cSmartpost\u201d \u201cOMNIVA-\u201d \u201cDPD\u201d<\/strong>\u00a0vai cits pieg\u0101des pakalpojums p\u0113c j\u016bsu izv\u0113les.<\/p>\n<p>Izmanto j\u016bsu datus, lai apstr\u0101d\u0101tu un pareizi veiktu savu pakalpojumu. \u0160o pakalpojumu priv\u0101tuma politika ir atrodama to attiec\u012bgaj\u0101s t\u012bmek\u013ca lap\u0101s.<\/p>\n<p><strong>Kr\u0101jumi\u00a0<\/strong>\u2013 akciju laik\u0101 uzvar\u0113t\u0101jus publiski pazi\u0146ojam soci\u0101laj\u0101 t\u012bkl\u0101. t\u012bkliem. Ja j\u016bs tam nepiekr\u012btat, l\u016bdzu, inform\u0113jiet m\u016bs.<\/p>\n<p>Pirc\u0113jam ir ties\u012bbas atgriezt preci 14 dienu laik\u0101 (sk\u00a0<a href=\"https:\/\/candeebaar.ee\/lv\/eng\/warrantyreturns\/\">garantija un atgrie\u0161ana<\/a>)<\/p>\n<p>\u00a0<\/p>\n<p>Person\u0101m, kuras nav tie\u0161i saist\u012btas ar veikala darb\u012bbu, nav pieejami J\u016bsu dati.<\/p>\n<p>\u00a0<\/p>\n<h2>D\u0101vanu kartes<\/h2>\n<p>M\u016bsu veikals nodro\u0161ina d\u0101vanu kar\u0161u servisu, iesp\u0113jamas gan digit\u0101las, gan fiziskas iesp\u0113jas. Katrai kartei tiek pie\u0161\u0137irts unik\u0101ls numurs, kas j\u0101ievada pirkuma laik\u0101 pas\u016bt\u012bjuma koment\u0101ros. P\u0113rkot d\u0101vanu karti, l\u016bdzu, pazi\u0146ojiet, k\u0101du kartes versiju v\u0113laties sa\u0146emt. Karti v\u0113lams izmantot vienlaikus. Kartes der\u012bguma termi\u0146\u0161 ir 1 gads.<\/p>\n<p>Izmantojot m\u016bsu vietnes pakalpojumus, j\u016bs piekr\u012btat iepriek\u0161 izkl\u0101st\u012btajiem noteikumiem un nosac\u012bjumiem. T\u0101pat nosac\u012bjumi var main\u012bties atbilsto\u0161i nepiecie\u0161am\u012bbai, visas izmai\u0146as tiks public\u0113tas \u0161aj\u0101 lap\u0101. Par visiem jaut\u0101jumiem, l\u016bdzu, sazinieties ar mums.<\/p>\t\t\t\t\t\t\t\t<\/div>\n\t\t\t\t<\/div>\n\t\t\t\t<div class=\"elementor-element elementor-element-dfbc270 elementor-widget-divider--view-line elementor-widget elementor-widget-divider\" data-id=\"dfbc270\" data-element_type=\"widget\" data-widget_type=\"divider.default\">\n\t\t\t\t<div class=\"elementor-widget-container\">\n\t\t\t\t\t\t\t<div class=\"elementor-divider\">\n\t\t\t<span class=\"elementor-divider-separator\">\n\t\t\t\t\t\t<\/span>\n\t\t<\/div>\n\t\t\t\t\t\t<\/div>\n\t\t\t\t<\/div>\n\t\t\t\t<div class=\"elementor-element elementor-element-997cfb0 elementor-widget elementor-widget-nest-title-v1\" data-id=\"997cfb0\" data-element_type=\"widget\" data-widget_type=\"nest-title-v1.default\">\n\t\t\t\t<div class=\"elementor-widget-container\">\n\t\t\t\t\t        <div class=\"section_title type_one\">\r\n                                        <div class=\"title_whole\">\r\n                    <div class=\"title\"> S\u012bkdat\u0146u politika  <\/div>\r\n                                    <\/div>\r\n                                <\/div>\r\n    \t\t\t\t<\/div>\n\t\t\t\t<\/div>\n\t\t\t\t<div class=\"elementor-element elementor-element-3885826 elementor-widget elementor-widget-text-editor\" data-id=\"3885826\" data-element_type=\"widget\" data-widget_type=\"text-editor.default\">\n\t\t\t\t<div class=\"elementor-widget-container\">\n\t\t\t\t\t\t\t\t\t<p><style>\n    a.cky-banner-element {<br \/>        padding: 8px 30px;<br \/>        background: #F8F9FA;<br \/>        color: #858A8F;<br \/>        border: 1px solid #DEE2E6;<br \/>        box-sizing: border-box;<br \/>        border-radius: 2px;<br \/>        cursor: pointer;<br \/>}<br \/><\/style><\/p><p>Sp\u0113k\u0101 st\u0101\u0161an\u0101s datums: 2024.\u00a0gada 18.\u00a0oktobris<br \/>P\u0113d\u0113jo reizi atjaunin\u0101ts: 2024.\u00a0gada 18.\u00a0oktobris<\/p><h5>Kas ir s\u012bkdatnes?<\/h5><div class=\"cookie-policy-p\"><p>\u0160aj\u0101 S\u012bkdat\u0146u politik\u0101 ir izskaidrots, kas ir s\u012bkfaili un k\u0101 m\u0113s tos lietojam, k\u0101dus s\u012bkfailu veidus izmantojam, ti, inform\u0101ciju, ko iev\u0101cam, izmantojot s\u012bkfailus, un k\u0101 \u0161\u012b inform\u0101cija tiek izmantota, un k\u0101 p\u0101rvald\u012bt s\u012bkfailu iestat\u012bjumus.<\/p><p>S\u012bkfaili ir mazi teksta faili, kas tiek izmantoti nelielu inform\u0101cijas da\u013cu glab\u0101\u0161anai. Tie tiek saglab\u0101ti j\u016bsu ier\u012bc\u0113, kad vietne tiek iel\u0101d\u0113ta j\u016bsu p\u0101rl\u016bkprogramm\u0101. \u0160\u012bs s\u012bkdatnes pal\u012bdz mums nodro\u0161in\u0101t vietnes pareizu darb\u012bbu, padar\u012bt to dro\u0161\u0101ku, nodro\u0161in\u0101t lab\u0101ku lietot\u0101ja pieredzi un saprast, k\u0101 vietne darbojas, un analiz\u0113t, kas darbojas un kur tai ir nepiecie\u0161ami uzlabojumi.<\/p><\/div><h5>K\u0101 m\u0113s izmantojam s\u012bkfailus?<\/h5><div class=\"cookie-policy-p\"><p>T\u0101pat k\u0101 liel\u0101k\u0101 da\u013ca tie\u0161saistes pakalpojumu, m\u016bsu vietne izmanto pirm\u0101s un tre\u0161\u0101s puses s\u012bkfailus vair\u0101kiem m\u0113r\u0137iem. Pirm\u0101s puses s\u012bkfaili liel\u0101koties ir nepiecie\u0161ami, lai vietne darbotos pareizi, un tie neapkopo nek\u0101dus j\u016bsu personu identific\u0113jo\u0161us datus.<\/p><p>M\u016bsu vietn\u0113 izmantot\u0101s tre\u0161\u0101s puses s\u012bkdatnes galvenok\u0101rt ir paredz\u0113tas, lai izprastu, k\u0101 vietne darbojas, k\u0101 j\u016bs mijiedarbojaties ar m\u016bsu vietni, lai nodro\u0161in\u0101tu m\u016bsu pakalpojumu dro\u0161\u012bbu, nodro\u0161in\u0101tu jums atbilsto\u0161as rekl\u0101mas un kopum\u0101 nodro\u0161in\u0101tu jums lab\u0101ku un lab\u0101ku lietot\u0101ju. pieredzi un pal\u012bdziet pa\u0101trin\u0101t j\u016bsu turpm\u0101ko mijiedarb\u012bbu ar m\u016bsu vietni.<\/p><\/div><h5>S\u012bkdat\u0146u politika<\/h5><div class=\"cky-audit-table-element\">\u00a0<\/div><h5 style=\"margin-bottom: 20px;\">P\u0101rvald\u012bt s\u012bkfailu preferences<\/h5><p><a class=\"cky-banner-element\">S\u012bkfailu iestat\u012bjumi<\/a><\/p><div><p>S\u012bkdat\u0146u preferences varat main\u012bt jebkur\u0101 laik\u0101, noklik\u0161\u0137inot uz iepriek\u0161 eso\u0161\u0101s pogas. Tas \u013caus jums atk\u0101rtoti apmekl\u0113t s\u012bkfailu piekri\u0161anas rekl\u0101mkarogu un main\u012bt savas preferences vai nekav\u0113joties atsaukt savu piekri\u0161anu.<\/p><p>Papildus tam da\u017e\u0101das p\u0101rl\u016bkprogrammas nodro\u0161ina da\u017e\u0101das metodes, lai blo\u0137\u0113tu un dz\u0113stu viet\u0146u izmantotos s\u012bkfailus. J\u016bs varat main\u012bt savas p\u0101rl\u016bkprogrammas iestat\u012bjumus, lai blo\u0137\u0113tu\/dz\u0113stu s\u012bkfailus. T\u0101l\u0101k ir nor\u0101d\u012btas saites uz atbalsta dokumentiem par to, k\u0101 p\u0101rvald\u012bt un dz\u0113st s\u012bkfailus no liel\u0101kaj\u0101m t\u012bmek\u013ca p\u0101rl\u016bkprogramm\u0101m.<\/p><p>Chrome: <a href=\"https:\/\/support.google.com\/accounts\/answer\/32050\" target=\"_blank\" rel=\"noopener noreferrer\">https:\/\/support.google.com\/accounts\/answer\/32050<\/a><\/p><p>Safari: <a href=\"https:\/\/support.apple.com\/en-in\/guide\/safari\/sfri11471\/mac\" target=\"_blank\" rel=\"noopener noreferrer\">https:\/\/support.apple.com\/en-in\/guide\/safari\/sfri11471\/mac<\/a><\/p><p>Firefox: <a href=\"https:\/\/support.mozilla.org\/en-US\/kb\/clear-cookies-and-site-data-firefox?redirectslug=delete-cookies-remove-info-websites-stored&amp;redirectlocale=en-US\" target=\"_blank\" rel=\"noopener noreferrer\">https:\/\/support.mozilla.org\/en-US\/kb\/clear-cookies-and-site-data-firefox?redirectslug=delete-cookies-remove-info-websites-stored&amp;redirectlocale=en-US<\/a><\/p><p>Internet Explorer: <a href=\"https:\/\/support.microsoft.com\/en-us\/topic\/how-to-delete-cookie-files-in-internet-explorer-bca9446f-d873-78de-77ba-d42645fa52fc\" target=\"_blank\" rel=\"noopener noreferrer\">https:\/\/support.microsoft.com\/en-us\/topic\/how-to-delete-cookie-files-in-internet-explorer-bca9446f-d873-78de-77ba-d42645fa52fc<\/a><\/p><p>Ja izmantojat citu t\u012bmek\u013ca p\u0101rl\u016bkprogrammu, l\u016bdzu, apmekl\u0113jiet savas p\u0101rl\u016bkprogrammas ofici\u0101los atbalsta dokumentus.<\/p><\/div>\t\t\t\t\t\t\t\t<\/div>\n\t\t\t\t<\/div>\n\t\t\t\t\t<\/div>\n\t\t<\/div>\n\t\t\t\t\t<\/div>\n\t\t<\/section>\n\t\t<div class=\"elementor-element elementor-element-178839a e-con-full e-flex e-con e-parent\" data-id=\"178839a\" data-element_type=\"container\">\n\t\t\t\t<\/div>\n\t\t\t\t<\/div>","protected":false},"excerpt":{"rendered":"<p>Privacy Policy Cane Candy O\u00dc REG NR: 14830716Mere 2 M2 (14), Sillam\u00e4e Ida-Virumaa, 40231+372 56824471 candeebaar@gmail.com \u00a0 General When placing an order, the client agrees with the following points and guarantees for his part the timely payment and the accuracy of the contact details necessary to complete the order.When placing an order through a postal [&hellip;]<\/p>","protected":false},"author":1,"featured_media":0,"parent":0,"menu_order":0,"comment_status":"closed","ping_status":"open","template":"elementor_header_footer","meta":{"_seopress_robots_primary_cat":"","_seopress_titles_title":"","_seopress_titles_desc":"","_seopress_robots_index":"","footnotes":""},"class_list":["post-3465","page","type-page","status-publish","hentry"],"_links":{"self":[{"href":"https:\/\/candeebaar.ee\/lv\/wp-json\/wp\/v2\/pages\/3465","targetHints":{"allow":["GET"]}}],"collection":[{"href":"https:\/\/candeebaar.ee\/lv\/wp-json\/wp\/v2\/pages"}],"about":[{"href":"https:\/\/candeebaar.ee\/lv\/wp-json\/wp\/v2\/types\/page"}],"author":[{"embeddable":true,"href":"https:\/\/candeebaar.ee\/lv\/wp-json\/wp\/v2\/users\/1"}],"replies":[{"embeddable":true,"href":"https:\/\/candeebaar.ee\/lv\/wp-json\/wp\/v2\/comments?post=3465"}],"version-history":[{"count":38,"href":"https:\/\/candeebaar.ee\/lv\/wp-json\/wp\/v2\/pages\/3465\/revisions"}],"predecessor-version":[{"id":9216,"href":"https:\/\/candeebaar.ee\/lv\/wp-json\/wp\/v2\/pages\/3465\/revisions\/9216"}],"wp:attachment":[{"href":"https:\/\/candeebaar.ee\/lv\/wp-json\/wp\/v2\/media?parent=3465"}],"curies":[{"name":"wp","href":"https:\/\/api.w.org\/{rel}","templated":true}]}}