{"id":4647,"date":"2024-12-27T18:47:28","date_gmt":"2024-12-27T18:47:28","guid":{"rendered":"https:\/\/storetest.ivi.ee\/?page_id=4647"},"modified":"2024-12-27T18:49:35","modified_gmt":"2024-12-27T18:49:35","slug":"garantija-un-atgriesana","status":"publish","type":"page","link":"https:\/\/candeebaar.ee\/lv\/garantija-un-atgriesana\/","title":{"rendered":"Garantija un atgrie\u0161ana"},"content":{"rendered":"<div data-elementor-type=\"wp-page\" data-elementor-id=\"4647\" class=\"elementor elementor-4647\">\n\t\t\t\t\t\t<section class=\"elementor-section elementor-top-section elementor-element elementor-element-2e6ee3a7 elementor-section-boxed elementor-section-height-default elementor-section-height-default\" data-id=\"2e6ee3a7\" data-element_type=\"section\">\n\t\t\t\t\t\t<div class=\"elementor-container elementor-column-gap-default\">\n\t\t\t\t\t<div class=\"elementor-column elementor-col-100 elementor-top-column elementor-element elementor-element-2c19b2b2\" data-id=\"2c19b2b2\" data-element_type=\"column\">\n\t\t\t<div class=\"elementor-widget-wrap elementor-element-populated\">\n\t\t\t\t\t\t<div class=\"elementor-element elementor-element-350e6159 elementor-widget elementor-widget-text-editor\" data-id=\"350e6159\" data-element_type=\"widget\" data-widget_type=\"text-editor.default\">\n\t\t\t\t<div class=\"elementor-widget-container\">\n\t\t\t\t\t\t\t\t\t<h3>Visp\u0101r\u0113j\u0101s atgrie\u0161anas ties\u012bbas<\/h3><p>Katram klientam, kur\u0161 ieg\u0101d\u0101jas preces m\u016bsu veikal\u0101, ir likum\u012bgas ties\u012bbas t\u0101s atgriezt 14 dienu laik\u0101, nenor\u0101dot iemeslu. Tom\u0113r \u0161aj\u0101 gad\u012bjum\u0101 klients ir atbild\u012bgs par jebk\u0101d\u0101m pasta izmaks\u0101m. M\u0113s ap\u0146emamies p\u0113c iesp\u0113jas \u0101tr\u0101k un ne v\u0113l\u0101k k\u0101 14 dienu laik\u0101 p\u0113c pre\u010du sa\u0146em\u0161anas atmaks\u0101t visu summu par atdotaj\u0101m prec\u0113m. Ja prece ir boj\u0101ta vai sliktas kvalit\u0101tes m\u016bsu vainas d\u0113\u013c, m\u0113s to pie\u0146emsim atpaka\u013c ar pilnu naudas atmaksu. <strong>Atv\u0113rti p\u0101rtikas produkti<\/strong> var atgriezt <strong>tikai<\/strong> ja tie neatbilst deklar\u0113taj\u0101m \u012bpa\u0161\u012bb\u0101m.<\/p><h3>Iesp\u0113jamie defekti un kr\u0101jumu probl\u0113mas<\/h3><p>Var b\u016bt situ\u0101cijas, kad pas\u016bt\u012bjuma apstr\u0101des laik\u0101 tiek atkl\u0101ti pre\u010du defekti vai neatbilst\u012bbas m\u016bsu noliktav\u0101. \u0160\u0101dos gad\u012bjumos m\u0113s nekav\u0113joties sazin\u0101simies ar jums, lai atrastu abpus\u0113ji pie\u0146emamu risin\u0101jumu.<\/p><h3>P\u0101rtikas produktu apstr\u0101de<\/h3><p>P\u0101rtikas produktiem nepiecie\u0161ama \u012bpa\u0161a apstr\u0101de un uzglab\u0101\u0161ana, lai nodro\u0161in\u0101tu dro\u0161\u012bbu un kvalit\u0101ti. Sa\u0146emot preces, l\u016bdzu, p\u0101rbaudiet iepakojuma integrit\u0101ti un apstipriniet, ka preces atbilst j\u016bsu pas\u016bt\u012bjumam. Vienm\u0113r uzglab\u0101jiet produktus saska\u0146\u0101 ar ra\u017eot\u0101ja nor\u0101d\u012bjumiem, kas nor\u0101d\u012bti uz iepakojuma. Ja preces tiek uzglab\u0101tas nepiem\u0113rotos apst\u0101k\u013cos, atgrie\u0161ana netiek pie\u0146emta, un \u0161o pre\u010du lieto\u0161ana var apdraud\u0113t vesel\u012bbu. Lai ieg\u016btu papildinform\u0101ciju par pareizu p\u0101rtikas produktu uzglab\u0101\u0161anu un apstr\u0101di, l\u016bdzu, apmekl\u0113jiet vietni <a href=\"https:\/\/vet.agri.ee\" target=\"_new\" rel=\"noopener\">vet.agri.ee<\/a>.<\/p><h3>M\u016bsu ap\u0146em\u0161an\u0101s<\/h3><p>Esam piln\u012bb\u0101 ap\u0146\u0113mu\u0161ies iev\u0113rot visas normas un noteikumus attiec\u012bb\u0101 uz p\u0101rtikas produktu uzglab\u0101\u0161anu un apriti. Ja rodas k\u0101das probl\u0113mas vai rodas ba\u017eas par pas\u016bt\u012bjumu, l\u016bdzu, nekav\u0113joties sazinieties ar mums, lai m\u0113s var\u0113tu risin\u0101t un atrisin\u0101t probl\u0113mu.<\/p>\t\t\t\t\t\t\t\t<\/div>\n\t\t\t\t<\/div>\n\t\t\t\t\t<\/div>\n\t\t<\/div>\n\t\t\t\t\t<\/div>\n\t\t<\/section>\n\t\t\t\t<\/div>","protected":false},"excerpt":{"rendered":"<p>General Right of Return Each customer who purchases goods from our store has the legal right to return them within 14 days without giving a reason. However, in this case, the customer is responsible for any postage costs. We commit to refunding the entire amount for the returned goods as soon as possible and no [&hellip;]<\/p>","protected":false},"author":1,"featured_media":0,"parent":0,"menu_order":0,"comment_status":"closed","ping_status":"closed","template":"elementor_header_footer","meta":{"_seopress_robots_primary_cat":"","_seopress_titles_title":"","_seopress_titles_desc":"","_seopress_robots_index":"","footnotes":""},"class_list":["post-4647","page","type-page","status-publish","hentry"],"_links":{"self":[{"href":"https:\/\/candeebaar.ee\/lv\/wp-json\/wp\/v2\/pages\/4647","targetHints":{"allow":["GET"]}}],"collection":[{"href":"https:\/\/candeebaar.ee\/lv\/wp-json\/wp\/v2\/pages"}],"about":[{"href":"https:\/\/candeebaar.ee\/lv\/wp-json\/wp\/v2\/types\/page"}],"author":[{"embeddable":true,"href":"https:\/\/candeebaar.ee\/lv\/wp-json\/wp\/v2\/users\/1"}],"replies":[{"embeddable":true,"href":"https:\/\/candeebaar.ee\/lv\/wp-json\/wp\/v2\/comments?post=4647"}],"version-history":[{"count":10,"href":"https:\/\/candeebaar.ee\/lv\/wp-json\/wp\/v2\/pages\/4647\/revisions"}],"predecessor-version":[{"id":4658,"href":"https:\/\/candeebaar.ee\/lv\/wp-json\/wp\/v2\/pages\/4647\/revisions\/4658"}],"wp:attachment":[{"href":"https:\/\/candeebaar.ee\/lv\/wp-json\/wp\/v2\/media?parent=4647"}],"curies":[{"name":"wp","href":"https:\/\/api.w.org\/{rel}","templated":true}]}}