{"id":476,"date":"2022-02-25T16:14:00","date_gmt":"2022-02-25T16:14:00","guid":{"rendered":"https:\/\/themepanthers.com\/wp\/nest\/d1\/?page_id=476"},"modified":"2025-01-05T12:52:38","modified_gmt":"2025-01-05T10:52:38","slug":"par","status":"publish","type":"page","link":"https:\/\/candeebaar.ee\/lv\/par\/","title":{"rendered":"Par"},"content":{"rendered":"<div data-elementor-type=\"wp-page\" data-elementor-id=\"476\" class=\"elementor elementor-476\">\n\t\t\t\t<div class=\"elementor-element elementor-element-9abcfdb e-flex e-con-boxed e-con e-parent\" data-id=\"9abcfdb\" data-element_type=\"container\">\n\t\t\t\t\t<div class=\"e-con-inner\">\n\t\t\t\t<div class=\"elementor-element elementor-element-3d215ae elementor-widget elementor-widget-nest-title-v1\" data-id=\"3d215ae\" data-element_type=\"widget\" data-widget_type=\"nest-title-v1.default\">\n\t\t\t\t<div class=\"elementor-widget-container\">\n\t\t\t\t\t        <div class=\"section_title type_one\">\r\n                                        <div class=\"title_whole\">\r\n                    <div class=\"title\"> Par Candeebaaar  <\/div>\r\n                                    <\/div>\r\n                                <\/div>\r\n    \t\t\t\t<\/div>\n\t\t\t\t<\/div>\n\t\t\t\t<div class=\"elementor-element elementor-element-83a41bf elementor-widget elementor-widget-nest-text-editor-v1\" data-id=\"83a41bf\" data-element_type=\"widget\" data-widget_type=\"nest-text-editor-v1.default\">\n\t\t\t\t<div class=\"elementor-widget-container\">\n\t\t\t\t\t   <div class=\"custom_text_editor position-relative\">\r\n        <p>Laipni l\u016bdzam <strong>Candeebaar<\/strong> \u2013 vieta, kur s\u0101kas j\u016bsu iedvesma konditorejas \u0161edevriem! M\u016bsu uz\u0146\u0113mums, <strong>Canecandy O\u00dc<\/strong>, jau vair\u0101k nek\u0101 6 gadus veiksm\u012bgi pal\u012bdz profesion\u0101liem konditorejas \u0161efpav\u0101riem un saldumu cien\u012bt\u0101jiem rad\u012bt desertus, kas p\u0101rsteidz ar savu gar\u0161u un est\u0113tiku.<\/p><p>M\u0113s saprotam, ka konditorejas izstr\u0101d\u0101jumu gatavo\u0161ana nav tikai \u0113diena gatavo\u0161anas sast\u0101vda\u013ca; t\u0101 ir \u012bsta m\u0101ksla. T\u0101p\u0113c m\u0113s pied\u0101v\u0101jam pla\u0161u augstas kvalit\u0101tes sast\u0101vda\u013cu kl\u0101stu, kas ir r\u016bp\u012bgi atlas\u012btas tie\u0161i konditorejas pav\u0101riem. M\u016bsu produkti pal\u012bdz\u0113s jums \u012bstenot vissare\u017e\u0123\u012bt\u0101k\u0101s idejas neatkar\u012bgi no t\u0101, vai t\u0101s ir elegantas k\u016bkas, izsmalcin\u0101ti konditorejas izstr\u0101d\u0101jumi vai unik\u0101li konditorejas izstr\u0101d\u0101jumi.<\/p><div style=\"height: 25px\">\u00a0<\/div><h5>K\u0101p\u0113c izv\u0113l\u0113ties Candeebaar?<\/h5><ul class=\"custom-list-style-one\"><li style=\"color: #7d7d7d !important;font-weight: normal\"><strong>Se\u0161u gadu pieredze konditorejas izstr\u0101d\u0101jumu gatavo\u0161an\u0101<\/strong>: M\u0113s zin\u0101m, kas profesion\u0101\u013ciem ir nepiecie\u0161ams, lai rad\u012btu izcilus desertus.<\/li><li style=\"color: #7d7d7d !important;font-weight: normal\"><strong>Uzticam\u012bba un kvalit\u0101te<\/strong>: Tikai p\u0101rbaud\u012btas sast\u0101vda\u013cas, kas atbilst augst\u0101kajiem standartiem.<\/li><li style=\"color: #7d7d7d !important;font-weight: normal\"><strong>Eiropas pieg\u0101de<\/strong>: \u0100tra un \u0113rta pieg\u0101de konditorejas \u0161efpav\u0101riem vis\u0101 Eirop\u0101.<\/li><li style=\"color: #7d7d7d !important;font-weight: normal\"><strong>Atbalsts j\u016bsu rado\u0161umam<\/strong>: M\u016bsu produkti sniedz vietu izt\u0113lei un eksperimentiem.<\/li><\/ul><p><strong>Candeebaar<\/strong> ir veikals, kas rad\u012bts konditoriem un tiem, kas iedvesmoju\u0161ies no saldumu m\u0101kslas. M\u0113s cen\u0161amies b\u016bt j\u016bsu uzticams partneris katr\u0101 j\u016bsu konditorejas izstr\u0101d\u0101jumu ce\u013cojuma posm\u0101.<\/p><p><strong>Paldies, ka uztic\u0113j\u0101t mums savus saldos sap\u0146us!<\/strong><\/p>    <\/div>\r\n\t\t\t\t<\/div>\n\t\t\t\t<\/div>\n\t\t\t\t\t<\/div>\n\t\t\t\t<\/div>\n\t\t\t\t<\/div>","protected":false},"excerpt":{"rendered":"<p>About Candeebaaar Welcome to Candeebaar \u2013 the place where your inspiration for pastry masterpieces begins! Our company, Canecandy O\u00dc, has been successfully helping professional pastry chefs and lovers of the sweet craft create desserts that impress with their taste and aesthetics for over 6 years. We understand that pastry making is not just a part [&hellip;]<\/p>","protected":false},"author":1,"featured_media":0,"parent":0,"menu_order":0,"comment_status":"closed","ping_status":"closed","template":"elementor_header_footer","meta":{"_seopress_robots_primary_cat":"","_seopress_titles_title":"","_seopress_titles_desc":"","_seopress_robots_index":"","footnotes":""},"class_list":["post-476","page","type-page","status-publish","hentry"],"_links":{"self":[{"href":"https:\/\/candeebaar.ee\/lv\/wp-json\/wp\/v2\/pages\/476","targetHints":{"allow":["GET"]}}],"collection":[{"href":"https:\/\/candeebaar.ee\/lv\/wp-json\/wp\/v2\/pages"}],"about":[{"href":"https:\/\/candeebaar.ee\/lv\/wp-json\/wp\/v2\/types\/page"}],"author":[{"embeddable":true,"href":"https:\/\/candeebaar.ee\/lv\/wp-json\/wp\/v2\/users\/1"}],"replies":[{"embeddable":true,"href":"https:\/\/candeebaar.ee\/lv\/wp-json\/wp\/v2\/comments?post=476"}],"version-history":[{"count":100,"href":"https:\/\/candeebaar.ee\/lv\/wp-json\/wp\/v2\/pages\/476\/revisions"}],"predecessor-version":[{"id":9496,"href":"https:\/\/candeebaar.ee\/lv\/wp-json\/wp\/v2\/pages\/476\/revisions\/9496"}],"wp:attachment":[{"href":"https:\/\/candeebaar.ee\/lv\/wp-json\/wp\/v2\/media?parent=476"}],"curies":[{"name":"wp","href":"https:\/\/api.w.org\/{rel}","templated":true}]}}