{"id":500,"date":"2022-02-25T16:24:44","date_gmt":"2022-02-25T16:24:44","guid":{"rendered":"https:\/\/themepanthers.com\/wp\/nest\/d1\/?page_id=500"},"modified":"2025-11-28T22:51:19","modified_gmt":"2025-11-28T20:51:19","slug":"kontaktu","status":"publish","type":"page","link":"https:\/\/candeebaar.ee\/lv\/kontaktu\/","title":{"rendered":"Sazin\u0101ties"},"content":{"rendered":"<div style=\"padding: 5% 10%;\">\n<h4>Canecandy O\u00dc<\/h4>\n<p><abbr title=\"Adrese: \">Adrese: <\/abbr><br \/>\nViru pst. 2A Sillam\u00e4e Ida-Virumaa 40231<br \/>\n<abbr title=\"Zvaniet mums: \">Zvaniet mums: <\/abbr><br \/>\n<a href=\"\/lv\/t\u0101lr.:+372 56824471\/\">+372 56824471<\/a><br \/>\n<abbr title=\"E-pasts: \">E-pasts: <\/abbr><br \/>\n<a href=\"mailto:info@candeebaar.ee\">info@candeebaar.ee<\/a><br \/>\n<abbr title=\"Darba laiks: \">Darba laiks: <\/abbr><br \/>\nBezmaksas grafiks<\/p>\n<p><strong>K\u0101 pie mums nok\u013c\u016bt (NB! Sarun\u0101jiet laiku iepriek\u0161):<\/strong><br \/>\nM\u0113s atrodamies Sillam\u00e4e Viru pst 2a, 40232 Sillam\u00e4e. L\u016bdzu, \u0146emiet v\u0113r\u0101, ka m\u0113s ne vienm\u0113r esam uz vietas, t\u0101p\u0113c ir svar\u012bgi iepriek\u0161 iepl\u0101not savu apmekl\u0113jumu. Net\u0101lu ir pieejama autost\u0101vvieta. Lai ieg\u016btu s\u012bk\u0101ku inform\u0101ciju vai vienotos par konkr\u0113tu laiku, l\u016bdzu, sazinieties ar mums pa t\u0101lruni vai e-pastu.<\/p>\n<p><iframe style=\"width: 100%; height: 280px; border: 0;\" title=\"Viru pst. 2a, Sillam\u00e4e linn Ida-Virumaa, Igaunija 40232\" src=\"https:\/\/maps.google.com\/maps?q=Viru%20pst.%202a%2C%20Sillam%C3%A4e%20linn%20Ida-Virumaa%2C%20Estonia%2040232&amp;t=m&amp;z=10&amp;output=embed&amp;iwloc=near\" allowfullscreen=\"allowfullscreen\" aria-label=\"Viru pst. 2a, Sillam\u00e4e linn Ida-Virumaa, Igaunija 40232\"><br \/>\n<\/iframe>\n<\/div>","protected":false},"excerpt":{"rendered":"<p>Canecandy O\u00dc Adrese: Viru pst. 2A Sillam\u00e4e Ida-Viru apri\u0146\u0137is 40231 Zvaniet mums: +372 56824471 E-pasts: info@candeebaar.ee Darba laiks: Br\u012bvs grafiks K\u0101 pie mums nok\u013c\u016bt (NB! Laiks j\u0101saska\u0146o iepriek\u0161): Atrodamies Sillam\u00e4e Viru pst. 2a, 40232 Sillam\u00e4e. L\u016bdzu, \u0146emiet v\u0113r\u0101, ka m\u0113s ne vienm\u0113r esam uz vietas, t\u0101p\u0113c ir svar\u012bgi iepriek\u0161 iepl\u0101not savu [\u2026]<\/p>","protected":false},"author":1,"featured_media":0,"parent":0,"menu_order":0,"comment_status":"closed","ping_status":"closed","template":"template-fullwidth.php","meta":{"_seopress_robots_primary_cat":"","_seopress_titles_title":"","_seopress_titles_desc":"","_seopress_robots_index":"","footnotes":""},"class_list":["post-500","page","type-page","status-publish","hentry"],"_links":{"self":[{"href":"https:\/\/candeebaar.ee\/lv\/wp-json\/wp\/v2\/pages\/500","targetHints":{"allow":["GET"]}}],"collection":[{"href":"https:\/\/candeebaar.ee\/lv\/wp-json\/wp\/v2\/pages"}],"about":[{"href":"https:\/\/candeebaar.ee\/lv\/wp-json\/wp\/v2\/types\/page"}],"author":[{"embeddable":true,"href":"https:\/\/candeebaar.ee\/lv\/wp-json\/wp\/v2\/users\/1"}],"replies":[{"embeddable":true,"href":"https:\/\/candeebaar.ee\/lv\/wp-json\/wp\/v2\/comments?post=500"}],"version-history":[{"count":91,"href":"https:\/\/candeebaar.ee\/lv\/wp-json\/wp\/v2\/pages\/500\/revisions"}],"predecessor-version":[{"id":14400,"href":"https:\/\/candeebaar.ee\/lv\/wp-json\/wp\/v2\/pages\/500\/revisions\/14400"}],"wp:attachment":[{"href":"https:\/\/candeebaar.ee\/lv\/wp-json\/wp\/v2\/media?parent=500"}],"curies":[{"name":"wp","href":"https:\/\/api.w.org\/{rel}","templated":true}]}}