{"id":10000,"date":"2024-12-31T17:30:11","date_gmt":"2024-12-31T15:30:11","guid":{"rendered":"https:\/\/candeebaar.ee\/?post_type=product&#038;p=10000"},"modified":"2026-03-20T13:44:57","modified_gmt":"2026-03-20T11:44:57","slug":"virskartas-spogulbumbinas-8mm-45g","status":"publish","type":"product","link":"https:\/\/candeebaar.ee\/lv\/veikals\/virskartas-spogulbumbinas-8mm-45g\/","title":{"rendered":"Virsma \u201cSpogu\u013cbumbi\u0146as 8mm\u201d 45g"},"content":{"rendered":"<p>Smidzin\u0101t\u0101ji desertu dekor\u0113\u0161anai. Bumbi\u0146as ir 8mm diametr\u0101, ar m\u012bkstu r\u012bsu pamatni un \u0161okol\u0101di.<br \/>\nMasa: 45g<br \/>\n<b>Sast\u0101vda\u013cas<\/b> : cukurs, piena \u0161okol\u0101de (30.6%) (cukurs, pilnpiena pulveris, kakao sviests, kakao masa, sojas lecit\u012bns, dab\u012bg\u0101 vani\u013cas gar\u0161a), krauk\u0161\u0137\u012bgais centrs (11%) (r\u012bsu milti, kvie\u0161u milti, cukurs, lipeklis, s\u0101ls), stabilizators: gumiar\u0101biks, kakao sviests, kr\u0101sviela: E17 wax.<br \/>\nSast\u0101vs uz 100 g:<br \/>\nUzturv\u0113rt\u012bba: 1627kJ\/389kcal<br \/>\nTauki (pies\u0101tin\u0101tie): 17,2\u00a0g (10,5\u00a0g)<br \/>\nOg\u013chidr\u0101ti (cukuri): 73,7 g (65,1 g)<br \/>\nOlbaltumvielas: 4,4g<br \/>\nS\u0101ls: 0,1 g<\/p>\n<p>Nav piem\u0113rots b\u0113rniem l\u012bdz 3 gadu vecumam.<br \/>\nRa\u017eot\u0101js: V\u0101cija<br \/>\nDer\u012bguma termi\u0146\u0161: 2026.\u00a0gada maijs<\/p>","protected":false},"excerpt":{"rendered":"<p>Smidzin\u0101t\u0101ji desertu dekor\u0113\u0161anai. Bumbi\u0146as ir 8mm diametr\u0101, ar m\u012bkstu r\u012bsu pamatni un \u0161okol\u0101di. Masa: 45g Sast\u0101vda\u013cas: cukurs, piena \u0161okol\u0101de (30.6%) (cukurs, pilnpiena pulveris, kakao sviests, kakao masa, sojas lecit\u012bns, dab\u012bg\u0101 vani\u013cas gar\u0161a), krauk\u0161\u0137\u012bgais centrs (11%) (r\u012bsu milti, kvie\u0161u milti, cukurs, lipeklis, s\u0101ls), stabilizators: ko E 1 butter\u012bns, [\u2026]<\/p>","protected":false},"featured_media":10001,"template":"","meta":{"_seopress_robots_primary_cat":"none","_seopress_titles_title":"","_seopress_titles_desc":"","_seopress_robots_index":""},"product_brand":[],"product_cat":[182,181,180,15,104],"product_tag":[],"class_list":{"0":"post-10000","1":"product","2":"type-product","3":"status-publish","4":"has-post-thumbnail","6":"product_cat-christmas","7":"product_cat-christmas-new-year","8":"product_cat-wedding-products","9":"product_cat-all-products","10":"product_cat-sprinkles","12":"first","13":"instock","14":"taxable","15":"shipping-taxable","16":"purchasable","17":"product-type-simple"},"_links":{"self":[{"href":"https:\/\/candeebaar.ee\/lv\/wp-json\/wp\/v2\/product\/10000","targetHints":{"allow":["GET"]}}],"collection":[{"href":"https:\/\/candeebaar.ee\/lv\/wp-json\/wp\/v2\/product"}],"about":[{"href":"https:\/\/candeebaar.ee\/lv\/wp-json\/wp\/v2\/types\/product"}],"version-history":[{"count":1,"href":"https:\/\/candeebaar.ee\/lv\/wp-json\/wp\/v2\/product\/10000\/revisions"}],"predecessor-version":[{"id":10002,"href":"https:\/\/candeebaar.ee\/lv\/wp-json\/wp\/v2\/product\/10000\/revisions\/10002"}],"wp:featuredmedia":[{"embeddable":true,"href":"https:\/\/candeebaar.ee\/lv\/wp-json\/wp\/v2\/media\/10001"}],"wp:attachment":[{"href":"https:\/\/candeebaar.ee\/lv\/wp-json\/wp\/v2\/media?parent=10000"}],"wp:term":[{"taxonomy":"product_brand","embeddable":true,"href":"https:\/\/candeebaar.ee\/lv\/wp-json\/wp\/v2\/product_brand?post=10000"},{"taxonomy":"product_cat","embeddable":true,"href":"https:\/\/candeebaar.ee\/lv\/wp-json\/wp\/v2\/product_cat?post=10000"},{"taxonomy":"product_tag","embeddable":true,"href":"https:\/\/candeebaar.ee\/lv\/wp-json\/wp\/v2\/product_tag?post=10000"}],"curies":[{"name":"wp","href":"https:\/\/api.w.org\/{rel}","templated":true}]}}