{"id":10003,"date":"2024-12-31T17:33:13","date_gmt":"2024-12-31T15:33:13","guid":{"rendered":"https:\/\/candeebaar.ee\/?post_type=product&#038;p=10003"},"modified":"2026-03-26T13:53:39","modified_gmt":"2026-03-26T11:53:39","slug":"zelta-bumbinu-pildijums-10-mm-45-g","status":"publish","type":"product","link":"https:\/\/candeebaar.ee\/lv\/veikals\/zelta-bumbinu-pildijums-10-mm-45-g\/","title":{"rendered":"P\u0101rkais\u012bjums \u201cZelta bumbi\u0146as 10mm\u201d 45g"},"content":{"rendered":"<p>Desertu dekor\u0113\u0161anai paredz\u0113tas bumbi\u0146as. Bumbi\u0146u diametrs ir 10 mm, pamatne m\u012bksta un pild\u012bta ar \u0161okol\u0101di.<br \/>\nMasa: 45g<br \/>\nSast\u0101vs: cukurs, milti (<strong>kvie\u0161i, iesala kvie\u0161i, r\u012bsi<\/strong>), <strong>kvie\u0161u glut\u0113ns<\/strong>, <strong>piena pulveris<\/strong>, kakao sviests, kakao masa, kr\u0101svielas (E160a, E174), dab\u012bgs vani\u013cas aromatiz\u0113t\u0101js, glaz\u016bras vielas (E903, E904), biezin\u0101t\u0101ji (E414, E406), emulgators E473 (<strong>sojas<\/strong> lecit\u012bns), s\u0101ls. Var satur\u0113t p\u0113das <strong>rieksti.<\/strong><br \/>\nSast\u0101vs uz 100 g:<br \/>\nUzturv\u0113rt\u012bba: 2087 kJ\/498 kcal<br \/>\nTauki (pies\u0101tin\u0101tie): 21,6 g (13,2 g)<br \/>\nOg\u013chidr\u0101ti (cukuri): 71,0 g (69,8 g)<br \/>\nOlbaltumvielas: 3,9 g<br \/>\nS\u0101ls: 0,1 g<\/p>\n<p>Nav piem\u0113rots b\u0113rniem l\u012bdz 3 gadu vecumam.<br \/>\nRa\u017eot\u0101js: V\u0101cija<br \/>\nDer\u012bguma termi\u0146\u0161: 2027. gada novembris<\/p>","protected":false},"excerpt":{"rendered":"<p>Desertu dekor\u0113\u0161anai paredz\u0113tas dekor\u0101cijas. Bumbi\u0146u diametrs ir 10 mm, pamatne ir m\u012bksta un \u0161okol\u0101des. Svars: 45 g. Sast\u0101vs: cukurs, milti (kvie\u0161i, iesaloti kvie\u0161i, r\u012bsi), kvie\u0161u lipeklis, piena pulveris, kakao sviests, kakao masa, kr\u0101svielas (E160a, E174), dab\u012bgs vani\u013cas aromatiz\u0113t\u0101js, glaz\u016bras vielas (E903, E904), biezin\u0101t\u0101ji (E414, E406), emulgators E473 (sojas lecit\u012bns), s\u0101ls. Var satur\u0113t [\u2026] p\u0113das.<\/p>","protected":false},"featured_media":10004,"template":"","meta":{"_seopress_robots_primary_cat":"none","_seopress_titles_title":"","_seopress_titles_desc":"","_seopress_robots_index":""},"product_brand":[],"product_cat":[182,181,180,15,104,106],"product_tag":[],"class_list":{"0":"post-10003","1":"product","2":"type-product","3":"status-publish","4":"has-post-thumbnail","6":"product_cat-christmas","7":"product_cat-christmas-new-year","8":"product_cat-wedding-products","9":"product_cat-all-products","10":"product_cat-sprinkles","11":"product_cat-new","13":"first","14":"instock","15":"taxable","16":"shipping-taxable","17":"purchasable","18":"product-type-simple"},"_links":{"self":[{"href":"https:\/\/candeebaar.ee\/lv\/wp-json\/wp\/v2\/product\/10003","targetHints":{"allow":["GET"]}}],"collection":[{"href":"https:\/\/candeebaar.ee\/lv\/wp-json\/wp\/v2\/product"}],"about":[{"href":"https:\/\/candeebaar.ee\/lv\/wp-json\/wp\/v2\/types\/product"}],"version-history":[{"count":5,"href":"https:\/\/candeebaar.ee\/lv\/wp-json\/wp\/v2\/product\/10003\/revisions"}],"predecessor-version":[{"id":14272,"href":"https:\/\/candeebaar.ee\/lv\/wp-json\/wp\/v2\/product\/10003\/revisions\/14272"}],"wp:featuredmedia":[{"embeddable":true,"href":"https:\/\/candeebaar.ee\/lv\/wp-json\/wp\/v2\/media\/10004"}],"wp:attachment":[{"href":"https:\/\/candeebaar.ee\/lv\/wp-json\/wp\/v2\/media?parent=10003"}],"wp:term":[{"taxonomy":"product_brand","embeddable":true,"href":"https:\/\/candeebaar.ee\/lv\/wp-json\/wp\/v2\/product_brand?post=10003"},{"taxonomy":"product_cat","embeddable":true,"href":"https:\/\/candeebaar.ee\/lv\/wp-json\/wp\/v2\/product_cat?post=10003"},{"taxonomy":"product_tag","embeddable":true,"href":"https:\/\/candeebaar.ee\/lv\/wp-json\/wp\/v2\/product_tag?post=10003"}],"curies":[{"name":"wp","href":"https:\/\/api.w.org\/{rel}","templated":true}]}}